{"id":125602,"date":"2026-03-08T00:00:00","date_gmt":"2026-03-08T05:00:00","guid":{"rendered":"https:\/\/gpl-love.com\/es\/producto\/newsletter-elementor-addon\/"},"modified":"2026-04-10T11:18:49","modified_gmt":"2026-04-10T16:18:49","slug":"newsletter-elementor-addon","status":"publish","type":"product","link":"https:\/\/gpl-love.com\/es\/producto\/newsletter-elementor-addon\/","title":{"rendered":"Newsletter Elementor Addon 1.2.2"},"content":{"rendered":"<h3>Newsletter Elementor Addon Caracteristicas<\/h3>\n<p>El Newsletter Elementor Addon posee capacidades formidables cuando se trata de la creaci\u00f3n y gesti\u00f3n de los boletines. Se ha adaptado espec\u00edficamente para acomodar las necesidades del constructor de p\u00e1ginas Elementor, capacitando a los usuarios a las plantillas de boletines a medida sin esfuerzo que armonizan con la marca general de su sitio web. Este complemento cuenta con una amplia gama de caracter\u00edsticas, que incluyen la funcionalidad de arrastrar y soltar, opciones de dise\u00f1o personalizables y opciones de dise\u00f1o flexibles, todas las cuales amalgaman para facilitar la creaci\u00f3n de boletines visualmente cautivadores que mantienen la atenci\u00f3n de la audiencia y producen conversiones tangibles. Adem\u00e1s, el complemento facilita la integraci\u00f3n con servicios de marketing por correo electr\u00f3nico de renombre como MailChimp y SendInblue, simplificando as\u00ed la gesti\u00f3n de las listas de correo y la automatizaci\u00f3n de campa\u00f1as de correo electr\u00f3nico. Independientemente de si uno se identifica como bloguero, vendedor o propietario de negocios, el complemento de Elemeterador de Newsletter representa una opci\u00f3n excepcional para amplificar los esfuerzos de marketing por correo electr\u00f3nico de uno.<\/p>\n<ul>\n<li>Crear f\u00e1cilmente boletines bellamente dise\u00f1ados utilizando el poder de Elementor<\/li>\n<li>Integre con su plataforma de marketing por correo electr\u00f3nico favorita<\/li>\n<li>No se requiere codificaci\u00f3n de la funcionalidad de arrastre y ca\u00edda de la implicaci\u00f3n.<\/li>\n<li>Elija entre una variedad de plantillas preconstruidas o dise\u00f1e su propia<\/li>\n<li>Personalice el dise\u00f1o, la fuente, el color y el contenido para que coincida con su marca<\/li>\n<li>Agregue f\u00e1cilmente im\u00e1genes y videos a su bolet\u00edn<\/li>\n<li>Crear contenido din\u00e1mico usando widgets y bloques de elementor<\/li>\n<li>Optimice sus boletines para dispositivos m\u00f3viles<\/li>\n<li>Aumentar el compromiso y las conversiones con boletines llamativos<\/li>\n<li>Impulse su estrategia de marketing por correo electr\u00f3nico con el complemento de Elemeterador del bolet\u00edn.<\/li>\n<\/ul>\n","protected":false},"excerpt":{"rendered":"<p>El Newsletter El Elementor Addon, que es una herramienta altamente efectiva, sirve para mejorar la funcionalidad de Elementor, un complemento de constructor de p\u00e1ginas extremadamente popular dise\u00f1ado espec\u00edficamente para WordPress. Este notable complemento otorga a los usuarios la capacidad de dise\u00f1ar y personalizar sin esfuerzo formularios de boletines impresionantes, todo al tiempo que los integra sin problemas con servicios de marketing por correo electr\u00f3nico bien considerados como MailChimp, Convertkit y GetResponse. Adem\u00e1s, este extraordinario complemento cuenta con una impresionante variedad de plantillas, dise\u00f1os y dise\u00f1os, facilitando as\u00ed la creaci\u00f3n de un formulario de bolet\u00edn profesional y cautivador que se alinea sin esfuerzo con la est\u00e9tica general del sitio web de uno. Adem\u00e1s, viene equipado con caracter\u00edsticas robustas atendidas para la gesti\u00f3n de datos, lo que permite a los usuarios almacenar sin esfuerzo y administrar efectivamente los datos de suscriptores. Dadas estas cualidades excepcionales, es evidente que el complemento del elemento de bolet\u00edn es una herramienta indispensable para cualquier propietario del sitio web que anhele reforzar sus esfuerzos de marketing por correo electr\u00f3nico.<\/p>\n","protected":false},"featured_media":166966,"comment_status":"open","ping_status":"open","template":"","meta":[],"product_brand":[2506],"product_cat":[1216,1206,1211],"product_tag":[2211],"class_list":{"0":"post-125602","1":"product","2":"type-product","3":"status-publish","4":"has-post-thumbnail","6":"product_brand-newsletter","7":"product_cat-formas","8":"product_cat-plugins","9":"product_cat-wordpress-plugins","10":"product_tag-newsletter","11":"member-discount","12":"discount-restricted","14":"first","15":"instock","16":"sale","17":"downloadable","18":"virtual","19":"sold-individually","20":"purchasable","21":"product-type-simple"},"_links":{"self":[{"href":"https:\/\/gpl-love.com\/es\/wp-json\/wp\/v2\/product\/125602","targetHints":{"allow":["GET"]}}],"collection":[{"href":"https:\/\/gpl-love.com\/es\/wp-json\/wp\/v2\/product"}],"about":[{"href":"https:\/\/gpl-love.com\/es\/wp-json\/wp\/v2\/types\/product"}],"replies":[{"embeddable":true,"href":"https:\/\/gpl-love.com\/es\/wp-json\/wp\/v2\/comments?post=125602"}],"wp:featuredmedia":[{"embeddable":true,"href":"https:\/\/gpl-love.com\/es\/wp-json\/wp\/v2\/media\/166966"}],"wp:attachment":[{"href":"https:\/\/gpl-love.com\/es\/wp-json\/wp\/v2\/media?parent=125602"}],"wp:term":[{"taxonomy":"product_brand","embeddable":true,"href":"https:\/\/gpl-love.com\/es\/wp-json\/wp\/v2\/product_brand?post=125602"},{"taxonomy":"product_cat","embeddable":true,"href":"https:\/\/gpl-love.com\/es\/wp-json\/wp\/v2\/product_cat?post=125602"},{"taxonomy":"product_tag","embeddable":true,"href":"https:\/\/gpl-love.com\/es\/wp-json\/wp\/v2\/product_tag?post=125602"}],"curies":[{"name":"wp","href":"https:\/\/api.w.org\/{rel}","templated":true}]}}