{"id":125601,"date":"2023-02-25T00:00:00","date_gmt":"2023-02-25T05:00:00","guid":{"rendered":"https:\/\/gpl-love.com\/es\/producto\/ht-qr-code-generator-para-wordpress\/"},"modified":"2026-03-09T07:42:50","modified_gmt":"2026-03-09T12:42:50","slug":"ht-qr-code-generator-para-wordpress","status":"publish","type":"product","link":"https:\/\/gpl-love.com\/es\/producto\/ht-qr-code-generator-para-wordpress\/","title":{"rendered":"HT QR Code Generator para WordPress 2.3.7"},"content":{"rendered":"<h3>HT QR Code Generator para WordPress Caracteristicas<\/h3>\n<p>El generador de c\u00f3digo HT QR para WordPress es una herramienta incre\u00edblemente multifac\u00e9tica y flexible, dise\u00f1ada espec\u00edficamente para capacitar a los propietarios de sitios web en la creaci\u00f3n de c\u00f3digos QR sin esfuerzo. Este complemento excepcional facilita la generaci\u00f3n de c\u00f3digos para una amplia gama de aplicaciones que incluyen URL, mensajes de texto, n\u00fameros de tel\u00e9fono, direcciones de correo electr\u00f3nico y m\u00e1s. Sorprendentemente, estos c\u00f3digos son totalmente personalizables para satisfacer las preferencias del usuario, proporcion\u00e1ndoles la capacidad de modificar su tama\u00f1o, color y forma para alinearse sin problemas con su est\u00e9tica de dise\u00f1o \u00fanica. Adem\u00e1s, el generador de c\u00f3digo HT QR se integra perfectamente con todos los tipos de dispositivos y se puede incorporar sin esfuerzo a cualquier sitio de WordPress. Esta invaluable herramienta se erige como la soluci\u00f3n de pin\u00e1culo para las empresas que buscan elevar sus esfuerzos de marketing a trav\u00e9s de un medio r\u00e1pido y sin problemas para difundir informaci\u00f3n vital a su estimada clientela.<\/p>\n<ul>\n<li>El complemento del generador de c\u00f3digo QR f\u00e1cil de usar para sitios web de WordPress<\/li>\n<li>C\u00f3digos QR generados por alta calidad en una variedad de formatos que incluyen URL, texto, correo electr\u00f3nico y n\u00famero de tel\u00e9fono<\/li>\n<li>Opciones de dise\u00f1o personalizables que incluyen integraci\u00f3n de tama\u00f1o, color e logotipos<\/li>\n<li>Ideal para empresas que buscan crear r\u00e1pidamente c\u00f3digos QR para promociones o compartir informaci\u00f3n sobre el producto.<\/li>\n<li>Incluye caracter\u00edsticas de seguimiento y an\u00e1lisis para medir la participaci\u00f3n y el \u00e9xito de las campa\u00f1as de c\u00f3digo QR<\/li>\n<li>Compatible con dispositivos de escritorio y m\u00f3viles para una experiencia de usuario perfecta<\/li>\n<li>Actualizaciones regulares de complementos y atenci\u00f3n al cliente proporcionadas<\/li>\n<li>Opciones de precios asequibles para empresas de todos los tama\u00f1os.<\/li>\n<\/ul>\n","protected":false},"excerpt":{"rendered":"<p>El generador de c\u00f3digo HT QR es un complemento de WordPress excepcionalmente robusto y potente que otorga a los usuarios la conveniencia y la velocidad para generar expeditos los c\u00f3digos QR para sus sitios web. Simplemente haciendo clic en unos pocos botones, las personas pueden fabricar c\u00f3digos QR personalizados que pueden cumplir una multitud de prop\u00f3sitos, que abarca el establecimiento de un hiperv\u00ednculo a su sitio web, ofreciendo informaci\u00f3n pertinente sobre su empresa o respaldando productos y servicios. Con su interfaz instintiva e instintiva f\u00e1cil de usar, este complemento demuestra ser la soluci\u00f3n \u00f3ptima tanto para los aficionados como para los usuarios de Adept WordPress. Por lo tanto, si est\u00e1 en busca de un m\u00e9todo expedito y eficaz para generar c\u00f3digos QR para su sitio web, no es necesario buscar m\u00e1s all\u00e1 del generador de c\u00f3digo HT QR para WordPress.<\/p>\n","protected":false},"featured_media":166442,"comment_status":"open","ping_status":"open","template":"","meta":[],"product_brand":[2339],"product_cat":[1214,1206,1211],"product_tag":[1256],"class_list":{"0":"post-125601","1":"product","2":"type-product","3":"status-publish","4":"has-post-thumbnail","6":"product_brand-codecanyon","7":"product_cat-personalizacion","8":"product_cat-plugins","9":"product_cat-wordpress-plugins","10":"product_tag-codecanyon","11":"member-discount","12":"discount-restricted","14":"first","15":"instock","16":"sale","17":"downloadable","18":"virtual","19":"sold-individually","20":"purchasable","21":"product-type-simple"},"_links":{"self":[{"href":"https:\/\/gpl-love.com\/es\/wp-json\/wp\/v2\/product\/125601","targetHints":{"allow":["GET"]}}],"collection":[{"href":"https:\/\/gpl-love.com\/es\/wp-json\/wp\/v2\/product"}],"about":[{"href":"https:\/\/gpl-love.com\/es\/wp-json\/wp\/v2\/types\/product"}],"replies":[{"embeddable":true,"href":"https:\/\/gpl-love.com\/es\/wp-json\/wp\/v2\/comments?post=125601"}],"wp:featuredmedia":[{"embeddable":true,"href":"https:\/\/gpl-love.com\/es\/wp-json\/wp\/v2\/media\/166442"}],"wp:attachment":[{"href":"https:\/\/gpl-love.com\/es\/wp-json\/wp\/v2\/media?parent=125601"}],"wp:term":[{"taxonomy":"product_brand","embeddable":true,"href":"https:\/\/gpl-love.com\/es\/wp-json\/wp\/v2\/product_brand?post=125601"},{"taxonomy":"product_cat","embeddable":true,"href":"https:\/\/gpl-love.com\/es\/wp-json\/wp\/v2\/product_cat?post=125601"},{"taxonomy":"product_tag","embeddable":true,"href":"https:\/\/gpl-love.com\/es\/wp-json\/wp\/v2\/product_tag?post=125601"}],"curies":[{"name":"wp","href":"https:\/\/api.w.org\/{rel}","templated":true}]}}