{"id":125600,"date":"2025-11-02T00:00:00","date_gmt":"2025-11-02T05:00:00","guid":{"rendered":"https:\/\/gpl-love.com\/es\/producto\/automatorwp-peepso\/"},"modified":"2026-03-09T07:19:16","modified_gmt":"2026-03-09T12:19:16","slug":"automatorwp-peepso","status":"publish","type":"product","link":"https:\/\/gpl-love.com\/es\/producto\/automatorwp-peepso\/","title":{"rendered":"AutomatorWP PeepSo 1.0.7"},"content":{"rendered":"<h3>AutomatorWP PeepSo Caracteristicas<\/h3>\n<p>La integraci\u00f3n de AutomatorWP con PEEPSO est\u00e1 dise\u00f1ada espec\u00edficamente para proporcionar una experiencia aumentada y mejorada para su sitio de redes sociales con alimentaci\u00f3n de Peepso. Esta integraci\u00f3n, que est\u00e1 imbuida de un poder inmenso, le permite automatizar sin esfuerzo varias actividades PEEPSO y crear efectivamente flujos de trabajo automatizados que involucran activamente a sus usuarios, al tiempo que ahorran un tiempo valioso y mejoran significativamente la productividad. En particular, la integraci\u00f3n PEEPSO AutomatorWP abarca una amplia gama de desencadenantes y acciones, incluidos el registro del usuario, los procesos de inicio de sesi\u00f3n, las actualizaciones de perfil, la creaci\u00f3n de publicaciones y mucho m\u00e1s. Con esta integraci\u00f3n perfecta, ahora posee la capacidad de automatizar las notificaciones sin problemas, enviar correos electr\u00f3nicos sin esfuerzo, crear publicaciones convenientemente y realizar una gran cantidad de otras acciones en respuesta directa a la actividad del usuario. La integraci\u00f3n de AutomatorWP con Peepso es inequ\u00edvocamente una herramienta indispensable para cualquier persona que est\u00e9 realmente comprometida a elevar su red social Peepso a alturas sin precedentes.<\/p>\n<ul>\n<li>AutomatorWP Peepso es un poderoso complemento de automatizaci\u00f3n dise\u00f1ado para ayudarlo a optimizar sus actividades PEEPSO.<\/li>\n<li>Con este complemento, puede automatizar varias acciones en su plataforma Peepso, mejorando su eficiencia y productividad.<\/li>\n<li>El complemento viene con una gama de desencadenantes y acciones automatizadas, lo que facilita la configuraci\u00f3n de flujos de trabajo personalizados que funcionan perfectamente para sus necesidades particulares.<\/li>\n<li>Puede usar el complemento para automatizar actividades como actualizaciones de perfil, publicaci\u00f3n de publicaci\u00f3n, solicitudes de amistad, notificaciones y m\u00e1s.<\/li>\n<li>El complemento es completamente configurable, lo que le permite ajustar la configuraci\u00f3n para que coincida f\u00e1cilmente con sus preferencias y requisitos.<\/li>\n<li>Viene con una interfaz simple e intuitiva que facilita la configuraci\u00f3n de configurar, administrar y monitorear sus flujos de trabajo de automatizaci\u00f3n.<\/li>\n<li>El complemento es totalmente compatible con la \u00faltima versi\u00f3n de Peepso, asegurando una experiencia perfecta para usted y sus usuarios.<\/li>\n<li>Automatorwp Peepso es una excelente adici\u00f3n a su plataforma Peepso, lo que le permite ahorrar tiempo y recursos al tiempo que aumenta la eficiencia de sus actividades.<\/li>\n<\/ul>\n","protected":false},"excerpt":{"rendered":"<p>Descubra el poder de AutomatorWP Peepso, una herramienta innovadora dise\u00f1ada para optimizar su flujo de trabajo y mejorar su experiencia en redes sociales. Con AutomatorWP PEEPSO, puede automatizar y conectar sus complementos de WordPress como nunca antes. Esta herramienta no solo conecta su comunidad Peepso con otros complementos, sino que tambi\u00e9n le permite crear potentes recetas de automatizaci\u00f3n. Ya sea que desee enviar un correo electr\u00f3nico cuando se publique una nueva publicaci\u00f3n o recompensa a los usuarios de su participaci\u00f3n de la comunidad, AutomatorWP Peepso lo hace posible. Hecho en mente con facilidad de uso, esta herramienta elimina el estr\u00e9s del manejo de su comunidad en l\u00ednea. Experimente los beneficios de la automatizaci\u00f3n y eleve su comunidad Peepso con AutomatorWP Peepso.<\/p>\n","protected":false},"featured_media":165424,"comment_status":"open","ping_status":"open","template":"","meta":[],"product_brand":[2368],"product_cat":[1214,1206,1211],"product_tag":[2210],"class_list":{"0":"post-125600","1":"product","2":"type-product","3":"status-publish","4":"has-post-thumbnail","6":"product_brand-automatorwp","7":"product_cat-personalizacion","8":"product_cat-plugins","9":"product_cat-wordpress-plugins","10":"product_tag-automatorwp","11":"member-discount","12":"discount-restricted","14":"first","15":"instock","16":"sale","17":"downloadable","18":"virtual","19":"sold-individually","20":"purchasable","21":"product-type-simple"},"_links":{"self":[{"href":"https:\/\/gpl-love.com\/es\/wp-json\/wp\/v2\/product\/125600","targetHints":{"allow":["GET"]}}],"collection":[{"href":"https:\/\/gpl-love.com\/es\/wp-json\/wp\/v2\/product"}],"about":[{"href":"https:\/\/gpl-love.com\/es\/wp-json\/wp\/v2\/types\/product"}],"replies":[{"embeddable":true,"href":"https:\/\/gpl-love.com\/es\/wp-json\/wp\/v2\/comments?post=125600"}],"wp:featuredmedia":[{"embeddable":true,"href":"https:\/\/gpl-love.com\/es\/wp-json\/wp\/v2\/media\/165424"}],"wp:attachment":[{"href":"https:\/\/gpl-love.com\/es\/wp-json\/wp\/v2\/media?parent=125600"}],"wp:term":[{"taxonomy":"product_brand","embeddable":true,"href":"https:\/\/gpl-love.com\/es\/wp-json\/wp\/v2\/product_brand?post=125600"},{"taxonomy":"product_cat","embeddable":true,"href":"https:\/\/gpl-love.com\/es\/wp-json\/wp\/v2\/product_cat?post=125600"},{"taxonomy":"product_tag","embeddable":true,"href":"https:\/\/gpl-love.com\/es\/wp-json\/wp\/v2\/product_tag?post=125600"}],"curies":[{"name":"wp","href":"https:\/\/api.w.org\/{rel}","templated":true}]}}