{"id":125599,"date":"2026-03-28T00:00:00","date_gmt":"2026-03-28T05:00:00","guid":{"rendered":"https:\/\/gpl-love.com\/es\/producto\/advanced-ads-sticky-ads\/"},"modified":"2026-03-28T05:15:11","modified_gmt":"2026-03-28T10:15:11","slug":"advanced-ads-sticky-ads","status":"publish","type":"product","link":"https:\/\/gpl-love.com\/es\/producto\/advanced-ads-sticky-ads\/","title":{"rendered":"Advanced Ads Sticky Ads 2.0.5"},"content":{"rendered":"<h3>Advanced Ads Sticky Ads Caracteristicas<\/h3>\n<p>La herramienta Advanced Ads Sticky ADS es un recurso incre\u00edblemente robusto y din\u00e1mico que le permite generar, controlar y exhibir anuncios pegajosos en su estimado sitio web. Este complemento notable est\u00e1 repleto de una extensa variedad de caracter\u00edsticas notables que le brindan una autoridad incomparable sobre la ubicaci\u00f3n estrat\u00e9gica, las dimensiones y la conducta de sus anuncios pegajosos. Se le brinda la invaluable oportunidad de designar con precisi\u00f3n cu\u00e1ndo y d\u00f3nde son sus anuncios en la p\u00e1gina, especifique la duraci\u00f3n de su visibilidad y determinar las acciones espec\u00edficas que sirven como desencadenantes. A trav\u00e9s de la utilizaci\u00f3n de la plataforma Advanced ADS Sticky ADS, tiene la capacidad de componer anuncios visualmente llamativos y cautivadores que est\u00e1n garantizados para llamar la atenci\u00f3n de sus estimados visitantes. Ya sea que aspira a reforzar y galvanizar sus conversiones, promover ardientemente ofertas exclusivas y de tiempo limitado, o simplemente mejorar y refinar la experiencia general del usuario en su sitio web, este complemento abarca y abarca todas las herramientas y facetas esenciales para garantizar sus anuncios pegajosos externos de forma inequ\u00edvocal. y reemplazar a la competencia.<\/p>\n<ul>\n<li>Mantiene los anuncios en una posici\u00f3n fija en su sitio web, asegurando una alta visibilidad para sus anuncios<\/li>\n<li>Amplia gama de tama\u00f1os de anuncios y dise\u00f1os para elegir, d\u00e1ndole la flexibilidad de crear anuncios que coincidan con su marca<\/li>\n<li>Compatible con una variedad de dispositivos y navegadores, llegando a un p\u00fablico m\u00e1s amplio sin problemas t\u00e9cnicos<\/li>\n<li>Opciones avanzadas de orientaci\u00f3n y programaci\u00f3n, lo que le permite mostrar los anuncios correctos a la audiencia correcta en el momento correcto<\/li>\n<li>Varias opciones de personalizaci\u00f3n para adaptar el aspecto de los anuncios a su gusto<\/li>\n<li>An\u00e1lisis incorporado para rastrear el rendimiento de su anuncio y mejorar su estrategia publicitaria para un mejor ROI<\/li>\n<li>F\u00e1cil de instalar y configurar sin requerido la codificaci\u00f3n, ahorr\u00e1ndole tiempo y molestias<\/li>\n<li>Cumplimiento de GDPR y sigue los est\u00e1ndares publicitarios establecidos por varias organizaciones de publicidad para la privacidad y seguridad del usuario<\/li>\n<\/ul>\n","protected":false},"excerpt":{"rendered":"<p>El complemento Advanced ADS Sticky ADS para WordPress es una herramienta poderosa que le permite generar anuncios adhesivos para sitios web. Con esta herramienta, puede fabricar anuncios personalizados utilizando anuncios avanzados Sticky que se adhieren a las regiones m\u00e1s bajas o m\u00e1s bajas de la pantalla, mejorando la visibilidad de su contenido cautivador.<\/p>\n<p>Esta herramienta de publicidad de WordPress vers\u00e1til y adaptable no es solo otro complemento. Es una herramienta que ofrece numerosas opciones y configuraciones para crear anuncios impresionantes. Con los anuncios avanzados pegajosos, puede crear anuncios adhesivos eficaces que captan sin esfuerzo la atenci\u00f3n de sus visitantes, ayudando a aumentar las conversiones con anuncios pegajosos.<\/p>\n<p>Ya sea que desee aumentar sus ingresos publicitarios con anuncios avanzados adhesivos o respaldar productos o servicios con anuncios adhesivos, esta herramienta puede hacerlo realidad. Incluso le permite elevar la experiencia del usuario en su sitio web, haciendo que su contenido sea m\u00e1s atractivo e interactivo.<\/p>\n<p>En esencia, el complemento ADS ADS ADS Sticky ADS para WordPress se presenta como el mejor sitio web que publicidad Panacea. Es una herramienta imprescindible para cualquier persona que busque<\/p>\n","protected":false},"featured_media":165292,"comment_status":"open","ping_status":"open","template":"","meta":[],"product_brand":[2350],"product_cat":[1232,1206,1211],"product_tag":[2143],"class_list":{"0":"post-125599","1":"product","2":"type-product","3":"status-publish","4":"has-post-thumbnail","6":"product_brand-advanced-ads","7":"product_cat-marketing-wordpress-plugins","8":"product_cat-plugins","9":"product_cat-wordpress-plugins","10":"product_tag-advanced-ads","11":"member-discount","12":"discount-restricted","14":"first","15":"instock","16":"sale","17":"downloadable","18":"virtual","19":"sold-individually","20":"purchasable","21":"product-type-simple"},"_links":{"self":[{"href":"https:\/\/gpl-love.com\/es\/wp-json\/wp\/v2\/product\/125599","targetHints":{"allow":["GET"]}}],"collection":[{"href":"https:\/\/gpl-love.com\/es\/wp-json\/wp\/v2\/product"}],"about":[{"href":"https:\/\/gpl-love.com\/es\/wp-json\/wp\/v2\/types\/product"}],"replies":[{"embeddable":true,"href":"https:\/\/gpl-love.com\/es\/wp-json\/wp\/v2\/comments?post=125599"}],"wp:featuredmedia":[{"embeddable":true,"href":"https:\/\/gpl-love.com\/es\/wp-json\/wp\/v2\/media\/165292"}],"wp:attachment":[{"href":"https:\/\/gpl-love.com\/es\/wp-json\/wp\/v2\/media?parent=125599"}],"wp:term":[{"taxonomy":"product_brand","embeddable":true,"href":"https:\/\/gpl-love.com\/es\/wp-json\/wp\/v2\/product_brand?post=125599"},{"taxonomy":"product_cat","embeddable":true,"href":"https:\/\/gpl-love.com\/es\/wp-json\/wp\/v2\/product_cat?post=125599"},{"taxonomy":"product_tag","embeddable":true,"href":"https:\/\/gpl-love.com\/es\/wp-json\/wp\/v2\/product_tag?post=125599"}],"curies":[{"name":"wp","href":"https:\/\/api.w.org\/{rel}","templated":true}]}}