{"id":125548,"date":"2025-04-02T00:00:00","date_gmt":"2025-04-02T05:00:00","guid":{"rendered":"https:\/\/gpl-love.com\/es\/producto\/advanced-ads-responsive-ads\/"},"modified":"2026-03-13T17:15:22","modified_gmt":"2026-03-13T22:15:22","slug":"advanced-ads-responsive-ads","status":"publish","type":"product","link":"https:\/\/gpl-love.com\/es\/producto\/advanced-ads-responsive-ads\/","title":{"rendered":"Advanced Ads Responsive Ads 2.0.2"},"content":{"rendered":"<h3>Advanced Ads Responsive Ads Caracteristicas<\/h3>\n<p>Advanced Ads Responsive Ads es un complemento incre\u00edblemente poderoso que proporciona a los propietarios de sitios web la capacidad de crear y mostrar anuncios receptivos en sus p\u00e1ginas web. Este complemento est\u00e1 equipado con una interfaz notablemente f\u00e1cil de usar, que ofrece una gran cantidad de opciones de personalizaci\u00f3n para garantizar que los usuarios puedan dise\u00f1ar sin esfuerzo anuncios visualmente llamativos y cautivadores que sin duda captar\u00e1n la atenci\u00f3n de su audiencia prevista. Ya sea que aspira a exhibir anuncios de im\u00e1genes visualmente atractivos, cautivadores de anuncios de video o incluso anuncios HTML personalizados \u00fanicos, tenga la seguridad de que los anuncios avanzados que receptiva los anuncios lo han cubierto. Adem\u00e1s, adem\u00e1s de su amplia gama de caracter\u00edsticas, este complemento est\u00e1 meticulosamente optimizado para garantizar un rendimiento y compatibilidad \u00f3ptimos, asegurando que sus anuncios se cargan r\u00e1pidamente y funcionen sin problemas en una amplia gama de dispositivos y plataformas. Al aprovechar las capacidades excepcionales de los anuncios avanzados receptivos de anuncios, tiene la oportunidad de elevar los esfuerzos publicitarios de su sitio web a alturas sin precedentes, generando una gran cantidad de tr\u00e1fico, clientes potenciales y conversiones como nunca antes.<\/p>\n<ul>\n<li>Utiliza lo \u00faltimo en principios de dise\u00f1o receptivos para optimizar sus anuncios para cualquier dispositivo<\/li>\n<li>Ofrece una gama completa de opciones de orientaci\u00f3n para garantizar que la audiencia vista sus anuncios correctos<\/li>\n<li>Proporciona an\u00e1lisis detallados de rendimiento para ayudarlo a optimizar sus campa\u00f1as publicitarias y maximizar su ROI<\/li>\n<li>Presenta una interfaz intuitiva de arrastrar y soltar que facilita la creaci\u00f3n y personalizaci\u00f3n de sus anuncios<\/li>\n<li>Admite una amplia gama de formatos de anuncios, incluidos anuncios de pantalla, anuncios m\u00f3viles y anuncios de video<\/li>\n<li>Se integra a la perfecci\u00f3n con las populares redes publicitarias como Google Adsense y AdWords<\/li>\n<li>Incluye caracter\u00edsticas avanzadas como rotaci\u00f3n de anuncios, limitaci\u00f3n de frecuencia y geo<\/li>\n<li>Ofrece una gama de opciones de personalizaci\u00f3n para ayudarlo a adaptar sus anuncios al estilo y la voz \u00fanicos de su marca.<\/li>\n<li>Proporciona apoyo de clase mundial para ayudarlo a aprovechar al m\u00e1ximo sus campa\u00f1as publicitarias.<\/li>\n<\/ul>\n","protected":false},"excerpt":{"rendered":"<p>Experimente el poder transformador de los anuncios avanzados que responden anuncios para la transformaci\u00f3n de ingresos del sitio web. Aproveche las capacidades de esta herramienta excepcional para generar y mostrar anuncios receptivos con anuncios avanzados. Estos anuncios se ajustan din\u00e1micamente a cualquier tama\u00f1o de pantalla, asegurando una integraci\u00f3n perfecta en el dise\u00f1o de su sitio web.<\/p>\n<p>Desatara el poder de los anuncios avanzados que responden anunciando sus capacidades de orientaci\u00f3n avanzada. Adapte sus anuncios con elementos de dise\u00f1o personalizables en anuncios avanzados para garantizar que alcancen efectivamente a su audiencia ideal. Esto garantiza una integraci\u00f3n perfecta de anuncios en el dise\u00f1o de su sitio web con anuncios avanzados, mejorando el atractivo general de su sitio.<\/p>\n<p>Maximice su estrategia publicitaria utilizando informaci\u00f3n y an\u00e1lisis en tiempo real con anuncios avanzados. Esto permite un monitoreo diligente del rendimiento de anuncios con anuncios avanzados, lo que le ayuda a refinar su estrategia para obtener resultados \u00f3ptimos.<\/p>\n<p>Da el salto hoy y comienza a experimentar los efectos transformadores de los anuncios avanzados. Sea testigo del crecimiento exponencial de las ganancias con anuncios avanzados mientras desbloquea un \u00e9xito incomparable y transforma los ingresos de su sitio web.<\/p>\n","protected":false},"featured_media":165291,"comment_status":"open","ping_status":"open","template":"","meta":[],"product_brand":[2350],"product_cat":[1232,1206,1211],"product_tag":[2143],"class_list":{"0":"post-125548","1":"product","2":"type-product","3":"status-publish","4":"has-post-thumbnail","6":"product_brand-advanced-ads","7":"product_cat-marketing-wordpress-plugins","8":"product_cat-plugins","9":"product_cat-wordpress-plugins","10":"product_tag-advanced-ads","11":"member-discount","12":"discount-restricted","14":"first","15":"instock","16":"sale","17":"downloadable","18":"virtual","19":"sold-individually","20":"purchasable","21":"product-type-simple"},"_links":{"self":[{"href":"https:\/\/gpl-love.com\/es\/wp-json\/wp\/v2\/product\/125548","targetHints":{"allow":["GET"]}}],"collection":[{"href":"https:\/\/gpl-love.com\/es\/wp-json\/wp\/v2\/product"}],"about":[{"href":"https:\/\/gpl-love.com\/es\/wp-json\/wp\/v2\/types\/product"}],"replies":[{"embeddable":true,"href":"https:\/\/gpl-love.com\/es\/wp-json\/wp\/v2\/comments?post=125548"}],"wp:featuredmedia":[{"embeddable":true,"href":"https:\/\/gpl-love.com\/es\/wp-json\/wp\/v2\/media\/165291"}],"wp:attachment":[{"href":"https:\/\/gpl-love.com\/es\/wp-json\/wp\/v2\/media?parent=125548"}],"wp:term":[{"taxonomy":"product_brand","embeddable":true,"href":"https:\/\/gpl-love.com\/es\/wp-json\/wp\/v2\/product_brand?post=125548"},{"taxonomy":"product_cat","embeddable":true,"href":"https:\/\/gpl-love.com\/es\/wp-json\/wp\/v2\/product_cat?post=125548"},{"taxonomy":"product_tag","embeddable":true,"href":"https:\/\/gpl-love.com\/es\/wp-json\/wp\/v2\/product_tag?post=125548"}],"curies":[{"name":"wp","href":"https:\/\/api.w.org\/{rel}","templated":true}]}}