{"id":125546,"date":"2025-04-02T00:00:00","date_gmt":"2025-04-02T05:00:00","guid":{"rendered":"https:\/\/gpl-love.com\/es\/producto\/advanced-ads-popup-y-layer-ads\/"},"modified":"2026-03-28T05:15:10","modified_gmt":"2026-03-28T10:15:10","slug":"advanced-ads-popup-y-layer-ads","status":"publish","type":"product","link":"https:\/\/gpl-love.com\/es\/producto\/advanced-ads-popup-y-layer-ads\/","title":{"rendered":"Advanced Ads PopUp y Layer Ads 2.0.4"},"content":{"rendered":"<h3>Advanced Ads PopUp y Layer Ads Caracteristicas<\/h3>\n<p>La utilizaci\u00f3n de anuncios emergentes y anuncios avanzados de ADS demuestra ser un instrumento excepcionalmente potente cuando se trata de formular anuncios emergentes y de capa impactantes y visualmente cautivadores. Este complemento particular le otorga la capacidad de exhibir contenido personalizado en una configuraci\u00f3n emergente o de capa a intervalos precisos, como cuando un usuario examina su sitio web o ejerce un cierto grado de desplazamiento. Al aprovechar las caracter\u00edsticas notables ofrecidas por los anuncios avanzados emergentes y los anuncios de capa, est\u00e1 facultado para crear anuncios que se adaptan a su p\u00fablico objetivo, reforzando as\u00ed el compromiso y aumentando las tasas de clics. Adem\u00e1s, este complemento facilita una extensa gama de opciones de personalizaci\u00f3n, que abarca el tama\u00f1o, el posicionamiento, los esquemas de color y los efectos de animaci\u00f3n, lo que le permite dise\u00f1ar anuncios que comprenden atenci\u00f3n que se distinguen sin esfuerzo de la competencia. Adem\u00e1s, la instalaci\u00f3n y la utilizaci\u00f3n de este complemento son decididamente sin complicaciones, lo que lo convierte en una soluci\u00f3n ideal para vendedores y propietarios de sitios web que buscan amplificar sus tasas de conversi\u00f3n y expandir sus esfuerzos comerciales.<\/p>\n<ul>\n<li>Potente herramienta emergente y de creaci\u00f3n de anuncios de capas para sitios web de WordPress<\/li>\n<li>Personalice sus anuncios con una variedad de opciones de dise\u00f1o y animaci\u00f3n.<\/li>\n<li>Apunte a sus anuncios basados \u200b\u200ben p\u00e1ginas espec\u00edficas, comportamiento del usuario y m\u00e1s<\/li>\n<li>Integrar con los populares servicios de marketing por correo electr\u00f3nico para hacer crecer su lista de suscriptores<\/li>\n<li>Establezca disparadores para cuando aparezcan sus anuncios, como despu\u00e9s de una cierta cantidad de tiempo o en la intenci\u00f3n de salida<\/li>\n<li>Cree pruebas A\/B para optimizar el rendimiento de su anuncio<\/li>\n<li>Rastrear an\u00e1lisis detallados para comprender c\u00f3mo est\u00e1n funcionando sus anuncios<\/li>\n<li>El dise\u00f1o receptivo asegura que sus anuncios se vean muy bien en todos los dispositivos<\/li>\n<li>Documentaci\u00f3n y apoyo integrales para ayudarlo a aprovechar al m\u00e1ximo la herramienta<\/li>\n<li>No se requiere codificaci\u00f3n: f\u00e1cil de usar para todos los niveles de habilidad.<\/li>\n<\/ul>\n","protected":false},"excerpt":{"rendered":"<p>La soluci\u00f3n avanzada ADS PopUp y Layer ADS es una herramienta que cambia el juego que da vida a la creaci\u00f3n de anuncios din\u00e1micos. Est\u00e1 espec\u00edficamente dise\u00f1ado para transformar la forma en que los anuncios emergentes y de capa cobran vida, proporcionando una plataforma que da forma a anuncios cautivadores que se mezclan sin problemas con la est\u00e9tica de su sitio web.<\/p>\n<p>Con un arsenal de plantillas personalizables para anuncios a su disposici\u00f3n, esta herramienta publicitaria f\u00e1cil de usar simplifica la generaci\u00f3n de anuncios excepcionalmente atractivos. Junto con una extensa variedad de opciones de orientaci\u00f3n avanzada para anuncios, esta herramienta robusta para la generaci\u00f3n de anuncios no tiene paralelo en conveniencia y eficiencia.<\/p>\n<p>El atractivo distintivo de los anuncios creados a trav\u00e9s de esta plataforma es efectivo para cautivar la atenci\u00f3n de su p\u00fablico objetivo. Ya sea que su objetivo sea expandir su base de clientes con anuncios, respaldar sus productos con anuncios avanzados o simplemente elevar el atractivo visual de su sitio web, la soluci\u00f3n avanzada de anuncios emergentes y anuncios de capa proporciona todas las caracter\u00edsticas y recursos necesarios para el marketing.<\/p>\n<p>Esta herramienta es m\u00e1s que capaz de catapultar sus esfuerzos de marketing a mayores alturas. Observar<\/p>\n","protected":false},"featured_media":165289,"comment_status":"open","ping_status":"open","template":"","meta":[],"product_brand":[2350],"product_cat":[1232,1206,1211],"product_tag":[2143],"class_list":{"0":"post-125546","1":"product","2":"type-product","3":"status-publish","4":"has-post-thumbnail","6":"product_brand-advanced-ads","7":"product_cat-marketing-wordpress-plugins","8":"product_cat-plugins","9":"product_cat-wordpress-plugins","10":"product_tag-advanced-ads","11":"member-discount","12":"discount-restricted","14":"first","15":"instock","16":"sale","17":"downloadable","18":"virtual","19":"sold-individually","20":"purchasable","21":"product-type-simple"},"_links":{"self":[{"href":"https:\/\/gpl-love.com\/es\/wp-json\/wp\/v2\/product\/125546","targetHints":{"allow":["GET"]}}],"collection":[{"href":"https:\/\/gpl-love.com\/es\/wp-json\/wp\/v2\/product"}],"about":[{"href":"https:\/\/gpl-love.com\/es\/wp-json\/wp\/v2\/types\/product"}],"replies":[{"embeddable":true,"href":"https:\/\/gpl-love.com\/es\/wp-json\/wp\/v2\/comments?post=125546"}],"wp:featuredmedia":[{"embeddable":true,"href":"https:\/\/gpl-love.com\/es\/wp-json\/wp\/v2\/media\/165289"}],"wp:attachment":[{"href":"https:\/\/gpl-love.com\/es\/wp-json\/wp\/v2\/media?parent=125546"}],"wp:term":[{"taxonomy":"product_brand","embeddable":true,"href":"https:\/\/gpl-love.com\/es\/wp-json\/wp\/v2\/product_brand?post=125546"},{"taxonomy":"product_cat","embeddable":true,"href":"https:\/\/gpl-love.com\/es\/wp-json\/wp\/v2\/product_cat?post=125546"},{"taxonomy":"product_tag","embeddable":true,"href":"https:\/\/gpl-love.com\/es\/wp-json\/wp\/v2\/product_tag?post=125546"}],"curies":[{"name":"wp","href":"https:\/\/api.w.org\/{rel}","templated":true}]}}