{"id":125544,"date":"2026-05-01T00:00:00","date_gmt":"2026-05-01T05:00:00","guid":{"rendered":"https:\/\/gpl-love.com\/es\/producto\/advanced-ads-google-ad-manager-integration\/"},"modified":"2026-05-01T11:15:20","modified_gmt":"2026-05-01T16:15:20","slug":"advanced-ads-google-ad-manager-integration","status":"publish","type":"product","link":"https:\/\/gpl-love.com\/es\/producto\/advanced-ads-google-ad-manager-integration\/","title":{"rendered":"Advanced Ads Google Ad Manager Integration 3.0.4"},"content":{"rendered":"<h3>Advanced Ads Google Ad Manager Integration Caracteristicas<\/h3>\n<p>La integraci\u00f3n Advanced ADS Google Ad Manager es una herramienta extremadamente potente que ha sido meticulosamente elaborada con el \u00fanico objetivo de ayudar a los editores y propietarios de sitios web en la maximizaci\u00f3n de sus ingresos publicitarios. Esta integraci\u00f3n est\u00e1 equipada con una extensa variedad de caracter\u00edsticas y beneficios que est\u00e1n obligados a dejar a los usuarios asombrados, como la provisi\u00f3n de soporte para m\u00faltiples redes publicitarias, la disponibilidad de opciones de orientaci\u00f3n avanzada y la capacidad de acceder a informes y an\u00e1lisis en tiempo real. La utilizaci\u00f3n de esta herramienta permite a los usuarios administrar y optimizar sin esfuerzo sus campa\u00f1as publicitarias, al tiempo que les permite rastrear diversas m\u00e9tricas de rendimiento y tomar decisiones bien informadas enraizadas en los datos para mejorar sus ingresos por AD. Independientemente de si usted es el propietario de una empresa diminuta o una persona responsable de un imperio editorial en expansi\u00f3n, es inequ\u00edvocamente imperativo que obtenga la integraci\u00f3n avanzada de Ads Google Ad Manager, ya que sirve como una herramienta indispensable que tiene la capacidad de ayudarlo en el logro de sus objetivos publicitarios y el establecimiento de una presencia en l\u00ednea formidable.<\/p>\n<ul>\n<li>Integre perfectamente el administrador de anuncios de Google con su sitio web<\/li>\n<li>Obtenga acceso a caracter\u00edsticas avanzadas como asignaci\u00f3n din\u00e1mica y licitaci\u00f3n en tiempo real<\/li>\n<li>Administrar y optimizar f\u00e1cilmente su inventario de anuncios con herramientas e informes potentes.<\/li>\n<li>Aumentar los ingresos haciendo que el inventario est\u00e9 disponible para una gama m\u00e1s amplia de anunciantes<\/li>\n<li>Beneficiarse de una integraci\u00f3n confiable y segura con la s\u00f3lida plataforma de servicio de anuncios de Google Ad Manager<\/li>\n<li>Ahorre tiempo y reduzca la complejidad a trav\u00e9s de operaciones publicitarias simplificadas y gesti\u00f3n de inventario<\/li>\n<li>Disfrute del apoyo profesional de nuestro equipo dedicado de expertos en tecnolog\u00eda publicitaria<\/li>\n<li>Aproveche las actualizaciones y mejoras continuas para mantenerse a la vanguardia de la competencia<\/li>\n<\/ul>\n","protected":false},"excerpt":{"rendered":"<p>La integraci\u00f3n avanzada de anuncios de Google Ad Manager es una herramienta publicitaria robusta que mejora y refina enormemente sus esfuerzos publicitarios. Esta integraci\u00f3n de Google Ad Manager WordPress es un mecanismo potente e influyente que permite una gesti\u00f3n de campa\u00f1a publicitaria eficiente al combinar sin problemas su cuenta de Google Ad Manager con su sitio de WordPress.<\/p>\n<p>Adem\u00e1s, ofrece la caracter\u00edstica extraordinaria de la inyecci\u00f3n de c\u00f3digo de Adsense, que mejora a\u00fan m\u00e1s la efectividad de sus anuncios. La integraci\u00f3n tambi\u00e9n incluye colocaciones de anuncios automatizados para facilitar y eficiencia, as\u00ed como un mecanismo de rotaci\u00f3n de anuncios sin problemas, que presenta una experiencia publicitaria suave y sin problemas para editores y anunciantes.<\/p>\n<p>Ya sea que su objetivo sea amplificar los ingresos publicitarios o simplificar el proceso de gesti\u00f3n de anuncios, la integraci\u00f3n avanzada de Ads Google Administrador es, sin duda, la soluci\u00f3n que necesita. No solo proporciona una plataforma; Ofrece una soluci\u00f3n integral para sus necesidades publicitarias. Con sus potentes caracter\u00edsticas e interfaz f\u00e1cil de usar, puede estar seguro de que sus campa\u00f1as publicitarias est\u00e1n en buenas manos.<\/p>\n","protected":false},"featured_media":165288,"comment_status":"open","ping_status":"open","template":"","meta":[],"product_brand":[2350],"product_cat":[1232,1206,1211],"product_tag":[2143],"class_list":{"0":"post-125544","1":"product","2":"type-product","3":"status-publish","4":"has-post-thumbnail","6":"product_brand-advanced-ads","7":"product_cat-marketing-wordpress-plugins","8":"product_cat-plugins","9":"product_cat-wordpress-plugins","10":"product_tag-advanced-ads","11":"member-discount","12":"discount-restricted","14":"first","15":"instock","16":"sale","17":"downloadable","18":"virtual","19":"sold-individually","20":"purchasable","21":"product-type-simple"},"_links":{"self":[{"href":"https:\/\/gpl-love.com\/es\/wp-json\/wp\/v2\/product\/125544","targetHints":{"allow":["GET"]}}],"collection":[{"href":"https:\/\/gpl-love.com\/es\/wp-json\/wp\/v2\/product"}],"about":[{"href":"https:\/\/gpl-love.com\/es\/wp-json\/wp\/v2\/types\/product"}],"replies":[{"embeddable":true,"href":"https:\/\/gpl-love.com\/es\/wp-json\/wp\/v2\/comments?post=125544"}],"wp:featuredmedia":[{"embeddable":true,"href":"https:\/\/gpl-love.com\/es\/wp-json\/wp\/v2\/media\/165288"}],"wp:attachment":[{"href":"https:\/\/gpl-love.com\/es\/wp-json\/wp\/v2\/media?parent=125544"}],"wp:term":[{"taxonomy":"product_brand","embeddable":true,"href":"https:\/\/gpl-love.com\/es\/wp-json\/wp\/v2\/product_brand?post=125544"},{"taxonomy":"product_cat","embeddable":true,"href":"https:\/\/gpl-love.com\/es\/wp-json\/wp\/v2\/product_cat?post=125544"},{"taxonomy":"product_tag","embeddable":true,"href":"https:\/\/gpl-love.com\/es\/wp-json\/wp\/v2\/product_tag?post=125544"}],"curies":[{"name":"wp","href":"https:\/\/api.w.org\/{rel}","templated":true}]}}