{"id":125538,"date":"2023-10-09T00:00:00","date_gmt":"2023-10-09T05:00:00","guid":{"rendered":"https:\/\/gpl-love.com\/es\/producto\/amp-layouts\/"},"modified":"2026-03-09T07:17:51","modified_gmt":"2026-03-09T12:17:51","slug":"amp-layouts","status":"publish","type":"product","link":"https:\/\/gpl-love.com\/es\/producto\/amp-layouts\/","title":{"rendered":"AMP Layouts 1.9.41"},"content":{"rendered":"<h3>AMP Layouts Caracteristicas<\/h3>\n<p>AMP Leauts es una herramienta muy robusta y eficiente que faculta a los usuarios para generar p\u00e1ginas m\u00f3viles aceleradas (AMP) extremadamente optimizadas para su sitio web. Al aprovechar los dise\u00f1os de AMP, los usuarios pueden concebir y personalizar sin problemas sus p\u00e1ginas para garantizar la carga expedita y el rendimiento sin problemas en los dispositivos m\u00f3viles. Esta notable herramienta ofrece una amplia variedad de plantillas predise\u00f1adas que pueden modificarse sin esfuerzo para satisfacer los requisitos espec\u00edficos de los usuarios. Adem\u00e1s, los usuarios tienen la opci\u00f3n de crear sus propios dise\u00f1os distintivos y personalizados desde cero a trav\u00e9s de la interfaz de arrastrar y soltar f\u00e1cilmente f\u00e1cil de usar. La utilizaci\u00f3n de dise\u00f1os de AMP puede ser fundamental para aumentar el tr\u00e1fico del sitio web, mejorar la participaci\u00f3n del usuario y, en \u00faltima instancia, fomentar conversiones debido a sus ingeniosas caracter\u00edsticas de optimizaci\u00f3n. Ya sea que uno aspira a fabricar una p\u00e1gina de destino cautivadora, una publicaci\u00f3n de blog atractiva, una p\u00e1gina de producto convincente o cualquier otra forma de contenido, los dise\u00f1os de AMP est\u00e1n listos para facilitar la realizaci\u00f3n de los objetivos de optimizaci\u00f3n m\u00f3vil con notable facilidad.<\/p>\n<ul>\n<li>Una herramienta de software para crear dise\u00f1os de AMP personalizables (p\u00e1ginas m\u00f3viles aceleradas)<\/li>\n<li>Interfaz intuitiva de arrastrar y soltar para un dise\u00f1o f\u00e1cil de dise\u00f1o<\/li>\n<li>Cientos de plantillas predise\u00f1adas para elegir para un desarrollo m\u00e1s r\u00e1pido<\/li>\n<li>Capacidad para personalizar elementos de dise\u00f1o como colores, fuentes e im\u00e1genes<\/li>\n<li>Funci\u00f3n de vista previa incorporada para ver c\u00f3mo se ver\u00e1 el dise\u00f1o en diferentes dispositivos<\/li>\n<li>Admite la integraci\u00f3n con sistemas de gesti\u00f3n de contenido populares como WordPress y Drupal<\/li>\n<li>Ayuda a mejorar el tiempo de carga de la p\u00e1gina y las clasificaciones de SEO para usuarios m\u00f3viles<\/li>\n<li>Actualizado regularmente con nuevas plantillas y caracter\u00edsticas para mantenerse al d\u00eda con las tendencias de la industria<\/li>\n<li>Compatible con todos los principales navegadores web y dispositivos m\u00f3viles<\/li>\n<li>Planes de precios asequibles para usuarios individuales y empresas de todos los tama\u00f1os.<\/li>\n<\/ul>\n","protected":false},"excerpt":{"rendered":"<p>Experimente el poder de los dise\u00f1os de AMP, una herramienta de \u00faltima generaci\u00f3n dise\u00f1ada para la eficiencia y la est\u00e9tica de su sitio web. Nuestra plataforma ofrece una amplia selecci\u00f3n de dise\u00f1os optimizados para la velocidad, el rendimiento y la compatibilidad m\u00f3vil. Con dise\u00f1os de AMP, puede disfrutar de una interfaz flexible, personalizable y f\u00e1cil de usar que garantiza una experiencia perfecta para los visitantes de su sitio web. Hemos integrado la tecnolog\u00eda de vanguardia para permitir una navegaci\u00f3n sin problemas y tiempos de carga r\u00e1pidas. Los dise\u00f1os de AMP no solo mejoran la funcionalidad de su sitio web, sino que tambi\u00e9n mejora significativamente su atractivo visual. Aproveche la adaptabilidad de nuestra herramienta y adapte su sitio web a sus necesidades espec\u00edficas. Disfrute de los beneficios de los dise\u00f1os de AMP hoy y cree un sitio web que se destaque.<\/p>\n","protected":false},"featured_media":165362,"comment_status":"open","ping_status":"open","template":"","meta":[],"product_brand":[2351],"product_cat":[1214,1206,1211],"product_tag":[2229],"class_list":{"0":"post-125538","1":"product","2":"type-product","3":"status-publish","4":"has-post-thumbnail","6":"product_brand-amp-wp","7":"product_cat-personalizacion","8":"product_cat-plugins","9":"product_cat-wordpress-plugins","10":"product_tag-amp-wp","11":"member-discount","12":"discount-restricted","14":"first","15":"instock","16":"sale","17":"downloadable","18":"virtual","19":"sold-individually","20":"purchasable","21":"product-type-simple"},"_links":{"self":[{"href":"https:\/\/gpl-love.com\/es\/wp-json\/wp\/v2\/product\/125538","targetHints":{"allow":["GET"]}}],"collection":[{"href":"https:\/\/gpl-love.com\/es\/wp-json\/wp\/v2\/product"}],"about":[{"href":"https:\/\/gpl-love.com\/es\/wp-json\/wp\/v2\/types\/product"}],"replies":[{"embeddable":true,"href":"https:\/\/gpl-love.com\/es\/wp-json\/wp\/v2\/comments?post=125538"}],"wp:featuredmedia":[{"embeddable":true,"href":"https:\/\/gpl-love.com\/es\/wp-json\/wp\/v2\/media\/165362"}],"wp:attachment":[{"href":"https:\/\/gpl-love.com\/es\/wp-json\/wp\/v2\/media?parent=125538"}],"wp:term":[{"taxonomy":"product_brand","embeddable":true,"href":"https:\/\/gpl-love.com\/es\/wp-json\/wp\/v2\/product_brand?post=125538"},{"taxonomy":"product_cat","embeddable":true,"href":"https:\/\/gpl-love.com\/es\/wp-json\/wp\/v2\/product_cat?post=125538"},{"taxonomy":"product_tag","embeddable":true,"href":"https:\/\/gpl-love.com\/es\/wp-json\/wp\/v2\/product_tag?post=125538"}],"curies":[{"name":"wp","href":"https:\/\/api.w.org\/{rel}","templated":true}]}}