{"id":125536,"date":"2023-10-09T00:00:00","date_gmt":"2023-10-09T05:00:00","guid":{"rendered":"https:\/\/gpl-love.com\/es\/producto\/contact-form-7-para-amp\/"},"modified":"2026-03-09T07:24:34","modified_gmt":"2026-03-09T12:24:34","slug":"contact-form-7-para-amp","status":"publish","type":"product","link":"https:\/\/gpl-love.com\/es\/producto\/contact-form-7-para-amp\/","title":{"rendered":"Contact Form 7 para AMP 1.59"},"content":{"rendered":"<h3>Contact Form 7 para AMP Caracteristicas<\/h3>\n<p>El Formulario 7 de contacto para AMP, que es un complemento de WordPress, presenta la oportunidad de generar sin esfuerzo e incluir formularios de contacto en sus p\u00e1ginas de AMP. Este complemento presenta una variedad de campos de formulario, opciones de personalizaci\u00f3n y plantillas, todo lo cual tiene como objetivo ayudarlo a adaptar el formulario para satisfacer sus requisitos espec\u00edficos. Al utilizar el Formulario de contacto 7 para AMP, puede integrar f\u00e1cilmente los formularios de contacto en sus p\u00e1ginas de AMP, mejorando en \u00faltima instancia la experiencia general del usuario y facilitando la comunicaci\u00f3n m\u00e1s f\u00e1cil entre los visitantes y usted mismo. Adem\u00e1s, este complemento est\u00e1 dise\u00f1ado para ser f\u00e1cil de usar y no requiere ninguna experiencia de codificaci\u00f3n, lo que lo convierte en una herramienta perfecta para blogueros, peque\u00f1as empresas e individuos que tienen como objetivo incorporar formularios de contacto en sus p\u00e1ginas de AMP.<\/p>\n<ul>\n<li>Proporciona compatibilidad de AMP para el complemento del formulario 7 de contacto en los sitios de WordPress<\/li>\n<li>Permite una carga m\u00e1s r\u00e1pida de formularios en dispositivos m\u00f3viles<\/li>\n<li>Dise\u00f1ado para una f\u00e1cil instalaci\u00f3n y configuraci\u00f3n, incluso para usuarios no t\u00e9cnicos<\/li>\n<li>Mantiene la misma funcionalidad y dise\u00f1o del complemento de Forma 7 de contacto original<\/li>\n<li>Compatible con complementos de AMP populares como AMP para WP y AMP por Automattic<\/li>\n<li>Mejora la experiencia del usuario y la participaci\u00f3n al mejorar la accesibilidad m\u00f3vil<\/li>\n<li>Ayuda con el SEO aumentando el cumplimiento del AMP en las p\u00e1ginas con formularios<\/li>\n<li>Ofrece atenci\u00f3n al cliente y actualizaciones peri\u00f3dicas para el mantenimiento continuo<\/li>\n<\/ul>\n","protected":false},"excerpt":{"rendered":"<p>Mejore la funcionalidad de su sitio web con el Formulario de contacto 7 para el complemento AMP. Esta invaluable herramienta le permite integrar el popular complemento de Contact Form 7 sin problemas en su formato de p\u00e1ginas m\u00f3viles aceleradas (AMP). Proporciona un formulario optimizado y f\u00e1cil de usar para que los visitantes de su sitio web completen, mejorando su experiencia m\u00f3vil. Esta integraci\u00f3n garantiza que su sitio web permanezca r\u00e1pido, receptivo y accesible en todos los dispositivos, lo que aumenta las tasas de participaci\u00f3n y conversi\u00f3n del usuario. El formulario de contacto 7 para el complemento AMP es f\u00e1cil de instalar, configurar y usar, por lo que es una herramienta imprescindible para cualquier propietario del sitio web que busque aumentar su presencia en l\u00ednea. Con este complemento, ahora puede disfrutar de los beneficios del AMP sin sacrificar la funcionalidad del Formulario de contacto 7.<\/p>\n","protected":false},"featured_media":165657,"comment_status":"open","ping_status":"open","template":"","meta":[],"product_brand":[2351],"product_cat":[1214,1206,1211],"product_tag":[2229],"class_list":{"0":"post-125536","1":"product","2":"type-product","3":"status-publish","4":"has-post-thumbnail","6":"product_brand-amp-wp","7":"product_cat-personalizacion","8":"product_cat-plugins","9":"product_cat-wordpress-plugins","10":"product_tag-amp-wp","11":"member-discount","12":"discount-restricted","14":"first","15":"instock","16":"sale","17":"downloadable","18":"virtual","19":"sold-individually","20":"purchasable","21":"product-type-simple"},"_links":{"self":[{"href":"https:\/\/gpl-love.com\/es\/wp-json\/wp\/v2\/product\/125536","targetHints":{"allow":["GET"]}}],"collection":[{"href":"https:\/\/gpl-love.com\/es\/wp-json\/wp\/v2\/product"}],"about":[{"href":"https:\/\/gpl-love.com\/es\/wp-json\/wp\/v2\/types\/product"}],"replies":[{"embeddable":true,"href":"https:\/\/gpl-love.com\/es\/wp-json\/wp\/v2\/comments?post=125536"}],"wp:featuredmedia":[{"embeddable":true,"href":"https:\/\/gpl-love.com\/es\/wp-json\/wp\/v2\/media\/165657"}],"wp:attachment":[{"href":"https:\/\/gpl-love.com\/es\/wp-json\/wp\/v2\/media?parent=125536"}],"wp:term":[{"taxonomy":"product_brand","embeddable":true,"href":"https:\/\/gpl-love.com\/es\/wp-json\/wp\/v2\/product_brand?post=125536"},{"taxonomy":"product_cat","embeddable":true,"href":"https:\/\/gpl-love.com\/es\/wp-json\/wp\/v2\/product_cat?post=125536"},{"taxonomy":"product_tag","embeddable":true,"href":"https:\/\/gpl-love.com\/es\/wp-json\/wp\/v2\/product_tag?post=125536"}],"curies":[{"name":"wp","href":"https:\/\/api.w.org\/{rel}","templated":true}]}}