{"id":125534,"date":"2024-02-12T00:00:00","date_gmt":"2024-02-12T05:00:00","guid":{"rendered":"https:\/\/gpl-love.com\/es\/producto\/chardonnay-wine-store-y-vineyard-wordpress-theme\/"},"modified":"2026-03-13T17:17:39","modified_gmt":"2026-03-13T22:17:39","slug":"chardonnay-wine-store-y-vineyard-wordpress-theme","status":"publish","type":"product","link":"https:\/\/gpl-love.com\/es\/producto\/chardonnay-wine-store-y-vineyard-wordpress-theme\/","title":{"rendered":"Chardonnay Wine Store y Vineyard WordPress Theme 1.16.0"},"content":{"rendered":"<h3>Chardonnay Wine Store y Vineyard WordPress Theme Caracteristicas<\/h3>\n<p>La tienda de vinos Chardonnay y el tema de Vineyard WordPress es una selecci\u00f3n altamente encomiable para empresas que operan en la industria del vino debido a sus atributos excepcionales. Con un dise\u00f1o elegante y contempor\u00e1neo, este tema sirve como la plataforma ideal para exhibir efectivamente la variedad de productos y servicios ofrecidos por su estimado vi\u00f1edo. Adem\u00e1s, este tema abarca una amplia gama de opciones de personalizaci\u00f3n, lo que permite un toque verdaderamente personalizado, y tambi\u00e9n incluye un conjunto completo de p\u00e1ginas preconstruidas, facilitando as\u00ed la creaci\u00f3n perfecta de un sitio web que exuda profesionalismo. Adem\u00e1s, vale la pena destacar que este tema ha sido meticulosamente optimizado para los motores de b\u00fasqueda, garantizando una ubicaci\u00f3n elevada en los resultados del motor de b\u00fasqueda, lo que aumenta la visibilidad en l\u00ednea. Al aprovechar el poder de la tienda de vinos Chardonnay y el tema de WordPress de vi\u00f1edo, promover sin esfuerzo su vi\u00f1edo y cautivar a una clientela m\u00e1s grande se convierte en una realidad alcanzable.<\/p>\n<ul>\n<li>Dise\u00f1o limpio y moderno, perfecto para tiendas de vinos y vi\u00f1edos<\/li>\n<li>Totalmente receptivo y amigable para los dispositivos m\u00f3viles, asegurando que su sitio web se vea muy bien en todos los dispositivos<\/li>\n<li>El personalizador del tema le permite personalizar f\u00e1cilmente los colores, las fuentes y los dise\u00f1os para que coincidan con su marca<\/li>\n<li>Sistema de reserva incorporado para programar degustaciones y recorridos<\/li>\n<li>Integraci\u00f3n de WooCommerce para vender vinos y mercanc\u00edas en l\u00ednea<\/li>\n<li>Integraci\u00f3n de las redes sociales para un f\u00e1cil intercambio y promoci\u00f3n en plataformas populares<\/li>\n<li>Documentaci\u00f3n extensa y atenci\u00f3n al cliente para ayudarlo a comenzar y solucionar cualquier problema<\/li>\n<\/ul>\n","protected":false},"excerpt":{"rendered":"<p>Nuestro tema de WordPress de WordPress de Chardonnay es una plantilla premium y bellamente dise\u00f1ada espec\u00edficamente para propietarios de vi\u00f1edos, bodegas y entusiastas del vino que buscan mostrar sus productos de una manera sofisticada y elegante. Este tema de WordPress es totalmente receptivo, asegurando que se vea muy bien en cualquier dispositivo, desde m\u00f3vil hasta escritorio. Viene lleno de caracter\u00edsticas adaptadas a la industria del vino, que incluye un cat\u00e1logo de vinos, un calendario de eventos de degustaci\u00f3n de vinos y una tienda en l\u00ednea integrada para ventas directas de vinos. Con su dise\u00f1o limpio y su interfaz f\u00e1cil de usar, puede compartir sin esfuerzo la historia \u00fanica de su vi\u00f1edo, promover cosechas especiales y atraer nuevos clientes. Ya sea que sea un peque\u00f1o vi\u00f1edo boutique o un gran minorista de vinos, este tema proporciona una presencia en l\u00ednea profesional y elegante para impulsar su negocio.<\/p>\n","protected":false},"featured_media":165612,"comment_status":"open","ping_status":"open","template":"","meta":[],"product_brand":[2337],"product_cat":[1307,1237,1238],"product_tag":[1391],"class_list":{"0":"post-125534","1":"product","2":"type-product","3":"status-publish","4":"has-post-thumbnail","6":"product_brand-themeforest","7":"product_cat-negocio-wordpress-temas","8":"product_cat-temas","9":"product_cat-wordpress-temas","10":"product_tag-themeforest","11":"member-discount","12":"discount-restricted","14":"first","15":"instock","16":"sale","17":"downloadable","18":"virtual","19":"sold-individually","20":"purchasable","21":"product-type-simple"},"_links":{"self":[{"href":"https:\/\/gpl-love.com\/es\/wp-json\/wp\/v2\/product\/125534","targetHints":{"allow":["GET"]}}],"collection":[{"href":"https:\/\/gpl-love.com\/es\/wp-json\/wp\/v2\/product"}],"about":[{"href":"https:\/\/gpl-love.com\/es\/wp-json\/wp\/v2\/types\/product"}],"replies":[{"embeddable":true,"href":"https:\/\/gpl-love.com\/es\/wp-json\/wp\/v2\/comments?post=125534"}],"wp:featuredmedia":[{"embeddable":true,"href":"https:\/\/gpl-love.com\/es\/wp-json\/wp\/v2\/media\/165612"}],"wp:attachment":[{"href":"https:\/\/gpl-love.com\/es\/wp-json\/wp\/v2\/media?parent=125534"}],"wp:term":[{"taxonomy":"product_brand","embeddable":true,"href":"https:\/\/gpl-love.com\/es\/wp-json\/wp\/v2\/product_brand?post=125534"},{"taxonomy":"product_cat","embeddable":true,"href":"https:\/\/gpl-love.com\/es\/wp-json\/wp\/v2\/product_cat?post=125534"},{"taxonomy":"product_tag","embeddable":true,"href":"https:\/\/gpl-love.com\/es\/wp-json\/wp\/v2\/product_tag?post=125534"}],"curies":[{"name":"wp","href":"https:\/\/api.w.org\/{rel}","templated":true}]}}