{"id":125532,"date":"2025-06-05T00:00:00","date_gmt":"2025-06-05T05:00:00","guid":{"rendered":"https:\/\/gpl-love.com\/es\/producto\/chinchilla-animal-care-y-pet-shop-theme\/"},"modified":"2026-03-13T17:17:41","modified_gmt":"2026-03-13T22:17:41","slug":"chinchilla-animal-care-y-pet-shop-theme","status":"publish","type":"product","link":"https:\/\/gpl-love.com\/es\/producto\/chinchilla-animal-care-y-pet-shop-theme\/","title":{"rendered":"Chinchilla Animal Care y Pet Shop Theme 1.19.0"},"content":{"rendered":"<h3>Chinchilla Animal Care y Pet Shop Theme Caracteristicas<\/h3>\n<p>El tema de Chinchilla Animal Care and Pet Shop es un dise\u00f1o que lo abarca todo y f\u00e1cil de usar que atiende a las empresas involucradas en el cuidado y la venta de chinchillas y otras peque\u00f1as mascotas. Este tema cuenta con un dise\u00f1o totalmente receptivo que se adapta perfectamente a cualquier dispositivo, facilitando as\u00ed la navegaci\u00f3n sin esfuerzo para los clientes que buscan informaci\u00f3n espec\u00edfica. Adem\u00e1s, el tema ofrece secciones personalizables que permiten la exhibici\u00f3n de im\u00e1genes y descripciones de productos, junto con herramientas convenientes para establecer una tienda en l\u00ednea y administrar de manera efectiva los pedidos. Con su dise\u00f1o visualmente atractivo y f\u00e1cilmente navegable, el tema de Chinchilla Animal Care and Pet Shop sirve como la mejor soluci\u00f3n para las personas que buscan establecer una presencia en l\u00ednea profesional y cautivadora para su empresa relacionada con las mascotas.<\/p>\n<ul>\n<li>Dise\u00f1o personalizable y totalmente receptivo para satisfacer sus necesidades comerciales<\/li>\n<li>Plantillas y dise\u00f1os preconstruidos para una f\u00e1cil configuraci\u00f3n y personalizaci\u00f3n r\u00e1pida<\/li>\n<li>Sistema de gesti\u00f3n y reserva de citas incorporada para una f\u00e1cil programaci\u00f3n<\/li>\n<li>Integraci\u00f3n de WooCommerece para facilitar las ventas en l\u00ednea de sus productos y servicios<\/li>\n<li>Funcionalidad de b\u00fasqueda avanzada para una f\u00e1cil navegaci\u00f3n de su inventario<\/li>\n<li>Integraci\u00f3n de las redes sociales para aumentar su presencia en l\u00ednea y fortalecer su marca<\/li>\n<li>Sistema de revisiones y calificaciones en l\u00ednea para una mayor confianza y lealtad del cliente<\/li>\n<li>Soporte de varios idiomas para un alcance m\u00e1s amplio y una mayor satisfacci\u00f3n del cliente<\/li>\n<li>Documentaci\u00f3n y apoyo integrales para garantizar una experiencia sin problemas para usted y sus clientes.<\/li>\n<\/ul>\n","protected":false},"excerpt":{"rendered":"<p>Nuestro tema de cuidados de animales de chinchilla y taller de mascotas ofrece un entorno acogedor y f\u00e1cil de navegar para todas las necesidades de sus mascotas. Este tema \u00fanico presenta una gama de elementos esenciales para el cuidado de mascotas, con un enfoque especial en el cuidado de chinchilla. Desde la comida hasta la ropa de cama, proporcionamos suministros de chinchilla de alta calidad para garantizar la salud y la felicidad de su mascota. Nuestra tienda de mascotas tambi\u00e9n ofrece una variedad de otros accesorios para mascotas, lo que lo convierte en una ventanilla \u00fanica para todos los requisitos de cuidado de sus mascotas. Nuestro personal amable y conocedor siempre est\u00e1 cerca para ayudarlo con asesoramiento y consejos de expertos. Experimente la comodidad y deleite de las compras de mascotas en nuestro tema de cuidados de animales de chinchilla y taller de mascotas.<\/p>\n","protected":false},"featured_media":165620,"comment_status":"open","ping_status":"open","template":"","meta":[],"product_brand":[2337],"product_cat":[1307,1237,1238],"product_tag":[1391],"class_list":{"0":"post-125532","1":"product","2":"type-product","3":"status-publish","4":"has-post-thumbnail","6":"product_brand-themeforest","7":"product_cat-negocio-wordpress-temas","8":"product_cat-temas","9":"product_cat-wordpress-temas","10":"product_tag-themeforest","11":"member-discount","12":"discount-restricted","14":"first","15":"instock","16":"sale","17":"downloadable","18":"virtual","19":"sold-individually","20":"purchasable","21":"product-type-simple"},"_links":{"self":[{"href":"https:\/\/gpl-love.com\/es\/wp-json\/wp\/v2\/product\/125532","targetHints":{"allow":["GET"]}}],"collection":[{"href":"https:\/\/gpl-love.com\/es\/wp-json\/wp\/v2\/product"}],"about":[{"href":"https:\/\/gpl-love.com\/es\/wp-json\/wp\/v2\/types\/product"}],"replies":[{"embeddable":true,"href":"https:\/\/gpl-love.com\/es\/wp-json\/wp\/v2\/comments?post=125532"}],"wp:featuredmedia":[{"embeddable":true,"href":"https:\/\/gpl-love.com\/es\/wp-json\/wp\/v2\/media\/165620"}],"wp:attachment":[{"href":"https:\/\/gpl-love.com\/es\/wp-json\/wp\/v2\/media?parent=125532"}],"wp:term":[{"taxonomy":"product_brand","embeddable":true,"href":"https:\/\/gpl-love.com\/es\/wp-json\/wp\/v2\/product_brand?post=125532"},{"taxonomy":"product_cat","embeddable":true,"href":"https:\/\/gpl-love.com\/es\/wp-json\/wp\/v2\/product_cat?post=125532"},{"taxonomy":"product_tag","embeddable":true,"href":"https:\/\/gpl-love.com\/es\/wp-json\/wp\/v2\/product_tag?post=125532"}],"curies":[{"name":"wp","href":"https:\/\/api.w.org\/{rel}","templated":true}]}}