{"id":125530,"date":"2025-06-05T00:00:00","date_gmt":"2025-06-05T05:00:00","guid":{"rendered":"https:\/\/gpl-love.com\/es\/producto\/yucca-wordpress-tema-para-creatives\/"},"modified":"2026-03-13T17:35:25","modified_gmt":"2026-03-13T22:35:25","slug":"yucca-wordpress-tema-para-creatives","status":"publish","type":"product","link":"https:\/\/gpl-love.com\/es\/producto\/yucca-wordpress-tema-para-creatives\/","title":{"rendered":"Yucca WordPress Tema para Creatives 1.19.0"},"content":{"rendered":"<h3>Yucca WordPress Tema para Creatives Caracteristicas<\/h3>\n<p>El tema de Yucca WordPress se presenta como una opci\u00f3n altamente vers\u00e1til y est\u00e9ticamente agradable para las personas llenas de creatividad, anhelando un espacio virtual que refleja con precisi\u00f3n su estilo distintivo y su sensibilidad art\u00edstica. Con un dise\u00f1o pulido y contempor\u00e1neo, Yucca adopta de todo coraz\u00f3n el concepto de personalizaci\u00f3n, brindando a sus usuarios la oportunidad de oro para adaptar su sitio web para satisfacer sus requisitos espec\u00edficos y presentar sus creaciones de la luz m\u00e1s favorable imaginable. Con una extensa selecci\u00f3n de plantillas y dise\u00f1os predise\u00f1ados, adem\u00e1s de un soporte inquebrantable para una variedad de complementos y widgets, Yucca simplifica sin esfuerzo el proceso de elaboraci\u00f3n de un sitio web visualmente impresionante y pulido que cautiva y motiva efectivamente a sus visitantes. Independientemente de la experiencia profesional como fot\u00f3grafo, artista, escritor o dise\u00f1ador, el tema de Yucca WordPress emerge sin esfuerzo como la opci\u00f3n ideal para exhibir y promover sus obras maestras, al tiempo que construye simult\u00e1neamente una presencia en l\u00ednea dominante.<\/p>\n<ul>\n<li>Un tema de WordPress moderno y elegante dise\u00f1ado espec\u00edficamente para profesionales creativos<\/li>\n<li>Dise\u00f1o limpio y minimalista con mucho espacio en blanco para mostrar su trabajo<\/li>\n<li>Totalmente receptivo y optimizado para todos los dispositivos, incluidos los de escritorio, la tableta y el m\u00f3vil<\/li>\n<li>Viene con una gama de potentes opciones de personalizaci\u00f3n, que incluyen widgets personalizables, opciones de encabezado y pie de p\u00e1gina, esquemas de color y opciones de fuentes.<\/li>\n<li>La funcionalidad de cartera incorporada hace que sea f\u00e1cil mostrar su trabajo de una manera visualmente impresionante<\/li>\n<li>Incluye una gama de plantillas de p\u00e1gina predise\u00f1adas, incluidas las p\u00e1ginas sobre, contacto y blog<\/li>\n<li>F\u00e1cil de instalar y usar, incluso para principiantes de WordPress<\/li>\n<li>Actualizado regularmente con nuevas caracter\u00edsticas y funcionalidad para garantizar un rendimiento \u00f3ptimo<\/li>\n<li>Equipo de apoyo dedicado para ayudarlo con cualquier pregunta o problema que pueda encontrar<\/li>\n<li>Compatible con todos los complementos principales y herramientas de terceros, incluidos WooCommerce, Elementor y m\u00e1s.<\/li>\n<\/ul>\n","protected":false},"excerpt":{"rendered":"<p>El tema de Yucca WordPress para Creatives es un tema est\u00e9ticamente agradable y altamente personalizable que ha sido dise\u00f1ado espec\u00edficamente para artistas, fot\u00f3grafos y otras personas en el campo creativo. Este notable tema se construye en un marco receptivo, asegurando que brinde la m\u00e1xima experiencia del usuario en todos los tipos de dispositivos. Con una gran cantidad de caracter\u00edsticas impresionantes a su disposici\u00f3n, incluidas opciones de cartera avanzadas, widgets personalizados y un s\u00f3lido constructor de p\u00e1ginas, Yucca le otorga oportunidades ilimitadas para manifestar sus visiones creativas en la realidad. Ya sea que aspira a exhibir su trabajo de manera atrevida y cautivadora o aspira a establecer una presencia profesional en l\u00ednea que realmente se distingue a s\u00ed misma, el tema de Yucca WordPress para creatividades abarca todas las herramientas necesarias para su triunfo.<\/p>\n","protected":false},"featured_media":168704,"comment_status":"open","ping_status":"open","template":"","meta":[],"product_brand":[2337],"product_cat":[1267,1237,1238],"product_tag":[1391],"class_list":{"0":"post-125530","1":"product","2":"type-product","3":"status-publish","4":"has-post-thumbnail","6":"product_brand-themeforest","7":"product_cat-creativo","8":"product_cat-temas","9":"product_cat-wordpress-temas","10":"product_tag-themeforest","11":"member-discount","12":"discount-restricted","14":"first","15":"instock","16":"sale","17":"downloadable","18":"virtual","19":"sold-individually","20":"purchasable","21":"product-type-simple"},"_links":{"self":[{"href":"https:\/\/gpl-love.com\/es\/wp-json\/wp\/v2\/product\/125530","targetHints":{"allow":["GET"]}}],"collection":[{"href":"https:\/\/gpl-love.com\/es\/wp-json\/wp\/v2\/product"}],"about":[{"href":"https:\/\/gpl-love.com\/es\/wp-json\/wp\/v2\/types\/product"}],"replies":[{"embeddable":true,"href":"https:\/\/gpl-love.com\/es\/wp-json\/wp\/v2\/comments?post=125530"}],"wp:featuredmedia":[{"embeddable":true,"href":"https:\/\/gpl-love.com\/es\/wp-json\/wp\/v2\/media\/168704"}],"wp:attachment":[{"href":"https:\/\/gpl-love.com\/es\/wp-json\/wp\/v2\/media?parent=125530"}],"wp:term":[{"taxonomy":"product_brand","embeddable":true,"href":"https:\/\/gpl-love.com\/es\/wp-json\/wp\/v2\/product_brand?post=125530"},{"taxonomy":"product_cat","embeddable":true,"href":"https:\/\/gpl-love.com\/es\/wp-json\/wp\/v2\/product_cat?post=125530"},{"taxonomy":"product_tag","embeddable":true,"href":"https:\/\/gpl-love.com\/es\/wp-json\/wp\/v2\/product_tag?post=125530"}],"curies":[{"name":"wp","href":"https:\/\/api.w.org\/{rel}","templated":true}]}}