{"id":125528,"date":"2025-10-10T00:00:00","date_gmt":"2025-10-10T05:00:00","guid":{"rendered":"https:\/\/gpl-love.com\/es\/producto\/wp-content-copy-protection-y-no-right-click-pro\/"},"modified":"2026-03-09T08:28:00","modified_gmt":"2026-03-09T13:28:00","slug":"wp-content-copy-protection-y-no-right-click-pro","status":"publish","type":"product","link":"https:\/\/gpl-love.com\/es\/producto\/wp-content-copy-protection-y-no-right-click-pro\/","title":{"rendered":"WP Content Copy Protection No Right Click Pro 16.9"},"content":{"rendered":"<h3>WP Content Copy Protection No Right Click Pro Caracteristicas<\/h3>\n<p>WP Content Copy Protection No Haga clic derecho Pro es un complemento de WordPress incre\u00edblemente potente que va m\u00e1s all\u00e1 para garantizar la mayor seguridad del valioso contenido de su sitio web al deshabilitar de manera efectiva la funcionalidad con clic derecho. Al implementar este complemento excepcional, puede evitar efectivamente que las personas no autorizadas copien o descargan su texto meticulosamente elaborado, las im\u00e1genes cautivadoras, los videos visualmente impresionantes y cualquier otro archivo de medios que contribuya a la singularidad y el atractivo general de su sitio web, todo sin su expl\u00edcita consentir.<br \/>\nEste complemento cuenta con una extensa variedad de caracter\u00edsticas muy solicitadas que realmente lo distinguen del resto, proporcion\u00e1ndole la tranquilidad que mereces. En particular, ofrece una protecci\u00f3n robusta contra posibles intentos de captura de pantalla, frustrando efectivamente cualquier esfuerzo mal intencionado para obtener il\u00edcitamente su contenido con derechos de autor. Adem\u00e1s, neutraliza sin esfuerzo la amenaza planteada por los atajos de teclado, asegurando que su valioso contenido permanezca seguro y seguro en todo momento. Para fortalecer a\u00fan m\u00e1s la protecci\u00f3n de su propiedad intelectual, este complemento excepcional le permite agregar a la perfecci\u00f3n distintivas marcas de agua que afirman inequ\u00edvocamente su propiedad y disuade a cualquier posible infractor. Adem\u00e1s, incluso le otorga la capacidad de deshabilitar la opci\u00f3n de selecci\u00f3n de texto aparentemente inocua pero potencialmente problem\u00e1tica, lo que hace que su contenido sea impermeable al uso no autorizado.<br \/>\nUno de los aspectos m\u00e1s encomiables de la protecci\u00f3n de copia de contenido de WP No haga clic derecho Pro es su notable flexibilidad, lo que le permite adaptar sin esfuerzo la configuraci\u00f3n del complemento para alinearse perfectamente con los requisitos y especificaciones \u00fanicas de su estimado sitio web. Esta adaptabilidad incomparable asegura que las medidas de protecci\u00f3n implementadas no solo sean robustas sino que tambi\u00e9n se integran perfectamente en la est\u00e9tica y la funcionalidad general de su sitio web, sin comprometer sus objetivos y prop\u00f3sitos subyacentes.<br \/>\nEn conclusi\u00f3n, WP Content Copy Protection No Haga clic derecho Pro es sin duda un complemento indispensable para cualquier propietario de un sitio web exigente que valora la santidad de su contenido y ponga un \u00e9nfasis primordial en preservar y salvaguardar su invaluable propiedad intelectual. Al confiar la protecci\u00f3n de su sitio web a este complemento extraordinario, puede estar seguro sabiendo que su arduo trabajo, creatividad y dedicaci\u00f3n seguir\u00e1n siendo seguros e inmunes a cualquier intento sin escr\u00fapulos de apropiar o plagiar su contenido apreciado.<\/p>\n<ul>\n<li>Protege su contenido de WordPress de ser copiado por usuarios no autorizados<\/li>\n<li>Desactiva la funcionalidad de clic derecho, lo que dificulta que los usuarios copien su contenido<\/li>\n<li>Ofrece m\u00faltiples niveles de protecci\u00f3n para garantizar la seguridad de su contenido.<\/li>\n<li>Incluye una opci\u00f3n para bloquear la copia a trav\u00e9s de atajos de teclado<\/li>\n<li>Le permite personalizar el mensaje de protecci\u00f3n que se muestra al usuario<\/li>\n<li>No afecta la accesibilidad de su sitio a usuarios o motores de b\u00fasqueda visuales<\/li>\n<li>Configuraci\u00f3n f\u00e1cilmente configurable con una interfaz f\u00e1cil de usar<\/li>\n<li>Proporciona un soporte al cliente excepcional para ayudarlo con cualquier problema que pueda encontrar<\/li>\n<li>Compatible con la mayor\u00eda de los temas y complementos de WordPress<\/li>\n<li>Actualizado regularmente para salvaguardar su contenido contra las amenazas en evoluci\u00f3n.<\/li>\n<\/ul>\n","protected":false},"excerpt":{"rendered":"<p>El WP Content Copy Protection No Haga clic derecho Pro es un complemento de WordPress excepcionalmente robusto que se ha dise\u00f1ado meticulosamente para salvaguardar y fortalecer el contenido en su sitio web contra los peligros de la copia y el pegado no autorizados. Aprovechando sus funcionalidades de vanguardia y de vanguardia, este complemento elimina efectivamente la opci\u00f3n de hacer clic con el bot\u00f3n derecho y la capacidad de arrastrar y soltar, lo que hace que los usuarios de los usuarios copiaran su texto meticulosamente seleccionado, cautivando im\u00e1genes , y todos los dem\u00e1s elementos multimedia in\u00fatiles. Adem\u00e1s, este notable complemento va m\u00e1s all\u00e1 al abarcar medidas de seguridad suplementarias, como el desempoderamiento de las barras de herramientas y la inactivaci\u00f3n de los men\u00fas de contexto, as\u00ed como la implementaci\u00f3n de t\u00e9cnicas de marca de agua, todos dise\u00f1ados meticulosamente con el \u00fanico prop\u00f3sito de impedir el robo de contenido. En virtud de la protecci\u00f3n contra copias de contenido de WP, no haga clic derecho en Pro, puede estar seguro de que el contenido invaluable y excepcional de su sitio web seguir\u00e1 siendo salvaguardado e impecable, preservando para siempre su incomparable singularidad y originalidad.<\/p>\n","protected":false},"featured_media":168377,"comment_status":"open","ping_status":"open","template":"","meta":[],"product_brand":[2587],"product_cat":[1212,1206,1211],"product_tag":[2130],"class_list":{"0":"post-125528","1":"product","2":"type-product","3":"status-publish","4":"has-post-thumbnail","6":"product_brand-wp-buy","7":"product_cat-administracion-wordpress-plugins","8":"product_cat-plugins","9":"product_cat-wordpress-plugins","10":"product_tag-wp-buy","11":"member-discount","12":"discount-restricted","14":"first","15":"instock","16":"sale","17":"downloadable","18":"virtual","19":"sold-individually","20":"purchasable","21":"product-type-simple"},"_links":{"self":[{"href":"https:\/\/gpl-love.com\/es\/wp-json\/wp\/v2\/product\/125528","targetHints":{"allow":["GET"]}}],"collection":[{"href":"https:\/\/gpl-love.com\/es\/wp-json\/wp\/v2\/product"}],"about":[{"href":"https:\/\/gpl-love.com\/es\/wp-json\/wp\/v2\/types\/product"}],"replies":[{"embeddable":true,"href":"https:\/\/gpl-love.com\/es\/wp-json\/wp\/v2\/comments?post=125528"}],"wp:featuredmedia":[{"embeddable":true,"href":"https:\/\/gpl-love.com\/es\/wp-json\/wp\/v2\/media\/168377"}],"wp:attachment":[{"href":"https:\/\/gpl-love.com\/es\/wp-json\/wp\/v2\/media?parent=125528"}],"wp:term":[{"taxonomy":"product_brand","embeddable":true,"href":"https:\/\/gpl-love.com\/es\/wp-json\/wp\/v2\/product_brand?post=125528"},{"taxonomy":"product_cat","embeddable":true,"href":"https:\/\/gpl-love.com\/es\/wp-json\/wp\/v2\/product_cat?post=125528"},{"taxonomy":"product_tag","embeddable":true,"href":"https:\/\/gpl-love.com\/es\/wp-json\/wp\/v2\/product_tag?post=125528"}],"curies":[{"name":"wp","href":"https:\/\/api.w.org\/{rel}","templated":true}]}}