{"id":125526,"date":"2025-05-15T00:00:00","date_gmt":"2025-05-15T05:00:00","guid":{"rendered":"https:\/\/gpl-love.com\/es\/producto\/lottier-lottie-animated-images-para-wpbakery\/"},"modified":"2026-03-09T07:47:22","modified_gmt":"2026-03-09T12:47:22","slug":"lottier-lottie-animated-images-para-wpbakery","status":"publish","type":"product","link":"https:\/\/gpl-love.com\/es\/producto\/lottier-lottie-animated-images-para-wpbakery\/","title":{"rendered":"Lottier Lottie Animated Images para WPBakery 1.1.7"},"content":{"rendered":"<h3>Lottier Lottie Animated Images para WPBakery Caracteristicas<\/h3>\n<p>Las im\u00e1genes animadas Lottie Lottier para el complemento Wpbakery son una herramienta innovadora e innovadora que ofrece una forma perfecta y sin esfuerzo de incorporar im\u00e1genes animadas visualmente impresionantes en su sitio web de WordPress. Su interfaz intuitiva y f\u00e1cil de usar permite una navegaci\u00f3n y selecci\u00f3n sin esfuerzo entre una amplia gama de im\u00e1genes animadas cautivadoras, que sirven para cautivar a su audiencia y elevar la est\u00e9tica y el ambiente general de su sitio web. Este complemento excepcional es excepcionalmente adecuado para los propietarios de sitios web que aspiran a infundir sus p\u00e1ginas con una pizca de ingenio e interactividad, todo sin requerir ning\u00fan conocimiento o competencia en la codificaci\u00f3n. Por lo tanto, las im\u00e1genes animadas lottie m\u00e1s locas para el complemento Wpbakery, sin duda, sirven como un recurso esencial e indispensable para aquellas personas que buscan impulsar su sitio web a alturas incomparables.<\/p>\n<ul>\n<li>Integraci\u00f3n de animaci\u00f3n de Lottie para wpbakery<\/li>\n<li>Im\u00e1genes animadas de alta resoluci\u00f3n para impresionantes efectos visuales<\/li>\n<li>Amplia gama de estilos de animaci\u00f3n para adaptarse a cualquier dise\u00f1o o necesidad de marca<\/li>\n<li>Importaci\u00f3n directa de animaciones Lottie sin la necesidad de codificar<\/li>\n<li>Representaci\u00f3n suave y r\u00e1pida para una pantalla de animaci\u00f3n perfecta<\/li>\n<li>Configuraci\u00f3n de animaci\u00f3n personalizable para que coincida con el dise\u00f1o del sitio web<\/li>\n<li>Actualizaciones regulares con estilos de animaci\u00f3n nuevos y emocionantes<\/li>\n<li>Ahorra tiempo y esfuerzo para crear contenido animado atractivo<\/li>\n<li>Interfaz f\u00e1cil de usar y para principiantes para todos los niveles de habilidad<\/li>\n<li>Compatible con dispositivos de escritorio y m\u00f3viles para una pantalla de animaci\u00f3n perfecta.<\/li>\n<\/ul>\n","protected":false},"excerpt":{"rendered":"<p>Estamos entusiasmados de presentar a Lottier, la soluci\u00f3n definitiva dise\u00f1ada espec\u00edficamente para su sitio web de WPbakery, que le permitir\u00e1 incorporar sin esfuerzo im\u00e1genes animadas exquisitas. Aprovechando el poder de la tecnolog\u00eda de animaci\u00f3n de Lottie, Lottier te permite crear animaciones visualmente llamativas que no solo poseen un alto grado de personalizaci\u00f3n, sino que tambi\u00e9n mantienen un perfil notablemente liviano. Ya sea que opte por seleccionar entre una amplia gama de plantillas predise\u00f1adas o embarcarse en el emocionante viaje de dise\u00f1ar sus propias animaciones \u00fanicas, Lottier garantiza una integraci\u00f3n perfecta en Wpbakery, garantizando un proceso sin complicaciones de mejorar el atractivo visual de su sitio web con cautivador con cautivador. y animaciones sofisticadas que seguramente cautivan y mantendr\u00e1n la atenci\u00f3n inquebrantable de su estimada audiencia. \u00a1No retrase m\u00e1s para elevar el dise\u00f1o y la funcionalidad de su sitio web, ya que hoy presenta la oportunidad perfecta para embarcarse en este viaje transformador con im\u00e1genes animadas lottie m\u00e1s lotiales para WPBAKERY!<\/p>\n","protected":false},"featured_media":166635,"comment_status":"open","ping_status":"open","template":"","meta":[],"product_brand":[2339],"product_cat":[1214,1206,1211],"product_tag":[1256],"class_list":{"0":"post-125526","1":"product","2":"type-product","3":"status-publish","4":"has-post-thumbnail","6":"product_brand-codecanyon","7":"product_cat-personalizacion","8":"product_cat-plugins","9":"product_cat-wordpress-plugins","10":"product_tag-codecanyon","11":"member-discount","12":"discount-restricted","14":"first","15":"instock","16":"sale","17":"downloadable","18":"virtual","19":"sold-individually","20":"purchasable","21":"product-type-simple"},"_links":{"self":[{"href":"https:\/\/gpl-love.com\/es\/wp-json\/wp\/v2\/product\/125526","targetHints":{"allow":["GET"]}}],"collection":[{"href":"https:\/\/gpl-love.com\/es\/wp-json\/wp\/v2\/product"}],"about":[{"href":"https:\/\/gpl-love.com\/es\/wp-json\/wp\/v2\/types\/product"}],"replies":[{"embeddable":true,"href":"https:\/\/gpl-love.com\/es\/wp-json\/wp\/v2\/comments?post=125526"}],"wp:featuredmedia":[{"embeddable":true,"href":"https:\/\/gpl-love.com\/es\/wp-json\/wp\/v2\/media\/166635"}],"wp:attachment":[{"href":"https:\/\/gpl-love.com\/es\/wp-json\/wp\/v2\/media?parent=125526"}],"wp:term":[{"taxonomy":"product_brand","embeddable":true,"href":"https:\/\/gpl-love.com\/es\/wp-json\/wp\/v2\/product_brand?post=125526"},{"taxonomy":"product_cat","embeddable":true,"href":"https:\/\/gpl-love.com\/es\/wp-json\/wp\/v2\/product_cat?post=125526"},{"taxonomy":"product_tag","embeddable":true,"href":"https:\/\/gpl-love.com\/es\/wp-json\/wp\/v2\/product_tag?post=125526"}],"curies":[{"name":"wp","href":"https:\/\/api.w.org\/{rel}","templated":true}]}}