{"id":125465,"date":"2025-10-28T00:00:00","date_gmt":"2025-10-28T05:00:00","guid":{"rendered":"https:\/\/gpl-love.com\/es\/producto\/razzi-multipurpose-woocommerce-wordpress-theme\/"},"modified":"2026-04-06T17:15:52","modified_gmt":"2026-04-06T22:15:52","slug":"razzi-multipurpose-woocommerce-wordpress-theme","status":"publish","type":"product","link":"https:\/\/gpl-love.com\/es\/producto\/razzi-multipurpose-woocommerce-wordpress-theme\/","title":{"rendered":"Razzi Multipurpose WooCommerce WordPress Theme 2.3.9"},"content":{"rendered":"<h3>Razzi Multipurpose WooCommerce WordPress Theme Caracteristicas<\/h3>\n<p>El tema de WordPress de WooCommerce de Razzi MultipUrpose, conocido por su versatilidad y potencia, est\u00e1 espec\u00edficamente dise\u00f1ado para satisfacer las necesidades de los sitios web de comercio electr\u00f3nico. Su gama integral de opciones de personalizaci\u00f3n no solo es f\u00e1cil de usar, sino que tambi\u00e9n facilitan la creaci\u00f3n de sitios web distintivos y profesionales en una fracci\u00f3n de la \u00e9poca. Adem\u00e1s, este tema es totalmente receptivo, asegurando una experiencia de usuario perfecta y consistente en todos los dispositivos, independientemente de su tama\u00f1o de pantalla u orientaci\u00f3n. Lo que realmente distingue a este tema es su integraci\u00f3n perfecta con WooCommerce, una reconocida plataforma de comercio electr\u00f3nico, que simplifica el proceso de configurar una tienda en l\u00ednea y administrar eficientemente productos, pedidos y pagos. Adem\u00e1s de eso, este tema excepcional ofrece una variedad de plantillas y dise\u00f1os prefabricados, que atiende a una amplia gama de preferencias y necesidades de dise\u00f1o. En consecuencia, el tema Razzi Multipurpose WooCommerce WordPress es una elecci\u00f3n ejemplar para aquellos que buscan crear un sitio web de comercio electr\u00f3nico impresionante.<\/p>\n<ul>\n<li>Tema de WordPress multiprop\u00f3sito premium dise\u00f1ado para sitios web de WooCommerce<\/li>\n<li>Adecuado para varios tipos de negocios de comercio electr\u00f3nico, como tiendas de moda, tiendas de electr\u00f3nica y m\u00e1s<\/li>\n<li>Totalmente personalizable con un constructor de p\u00e1ginas de arrastrar y soltar y demostraciones de m\u00faltiples p\u00e1ginas de inicio<\/li>\n<li>Disponible en esquemas de color claro y oscuro para que coincida con el estilo de su marca<\/li>\n<li>Desarrollado con un dise\u00f1o m\u00f3vil primero, asegurando una experiencia suave y receptiva en todos los dispositivos<\/li>\n<li>Incluye p\u00e1ginas internas preconstruidas como sobre nosotros, cont\u00e1ctenos, preguntas frecuentes y blog<\/li>\n<li>Los filtros de productos avanzados y las opciones de b\u00fasqueda mejoran la experiencia del usuario y mejoran la navegaci\u00f3n<\/li>\n<li>Admite complementos populares de WooCommerce como el filtro de productos de WooCommerce y la vista r\u00e1pida de WooCommerce<\/li>\n<li>Construido con SEO en mente, optimizando las clasificaciones de motores de b\u00fasqueda de su sitio web<\/li>\n<li>Viene con documentaci\u00f3n y excelente atenci\u00f3n al cliente para ayudar en la configuraci\u00f3n y la personalizaci\u00f3n.<\/li>\n<\/ul>\n","protected":false},"excerpt":{"rendered":"<p>Nos complace presentar el tema de WordPress de WooCommerce de Razzi MultipUrpose, una soluci\u00f3n excepcional para aquellos que aspiran a establecer una tienda en l\u00ednea notable. Este tema sublime abarca una mir\u00edada de caracter\u00edsticas notables, asegurando el establecimiento triunfante de su sitio de comercio electr\u00f3nico. Su dise\u00f1o totalmente personalizable, junto con una variedad de variaciones de la p\u00e1gina de inicio, le otorga el poder de dise\u00f1ar su tienda en l\u00ednea de acuerdo con sus preferencias. Adem\u00e1s, la estupenda integraci\u00f3n de WooCommerce integrada dentro de este tema facilita un aumento en las ventas de sus productos, superando todos los l\u00edmites anteriores. Adem\u00e1s, el dise\u00f1o moderno entrelazado con una interfaz navegable sin esfuerzo culmina en la r\u00e1pida creaci\u00f3n de un sitio de grado profesional. Independientemente de si vende moda, electr\u00f3nica o cualquier otro producto, el ilustre tema de WordPress de WordPress de WooCommerce Razzi exhibir\u00e1 sin esfuerzo sus productos y impulsar\u00e1 el crecimiento de su negocio.<\/p>\n","protected":false},"featured_media":167316,"comment_status":"open","ping_status":"open","template":"","meta":[],"product_brand":[2337],"product_cat":[1263,1397,1237],"product_tag":[1391],"class_list":{"0":"post-125465","1":"product","2":"type-product","3":"status-publish","4":"has-post-thumbnail","6":"product_brand-themeforest","7":"product_cat-comercio-electronico-temas","8":"product_cat-de-multiples-fines-comercio-electronico-temas","9":"product_cat-temas","10":"product_tag-themeforest","11":"member-discount","12":"discount-restricted","14":"first","15":"instock","16":"sale","17":"downloadable","18":"virtual","19":"sold-individually","20":"purchasable","21":"product-type-simple"},"_links":{"self":[{"href":"https:\/\/gpl-love.com\/es\/wp-json\/wp\/v2\/product\/125465","targetHints":{"allow":["GET"]}}],"collection":[{"href":"https:\/\/gpl-love.com\/es\/wp-json\/wp\/v2\/product"}],"about":[{"href":"https:\/\/gpl-love.com\/es\/wp-json\/wp\/v2\/types\/product"}],"replies":[{"embeddable":true,"href":"https:\/\/gpl-love.com\/es\/wp-json\/wp\/v2\/comments?post=125465"}],"wp:featuredmedia":[{"embeddable":true,"href":"https:\/\/gpl-love.com\/es\/wp-json\/wp\/v2\/media\/167316"}],"wp:attachment":[{"href":"https:\/\/gpl-love.com\/es\/wp-json\/wp\/v2\/media?parent=125465"}],"wp:term":[{"taxonomy":"product_brand","embeddable":true,"href":"https:\/\/gpl-love.com\/es\/wp-json\/wp\/v2\/product_brand?post=125465"},{"taxonomy":"product_cat","embeddable":true,"href":"https:\/\/gpl-love.com\/es\/wp-json\/wp\/v2\/product_cat?post=125465"},{"taxonomy":"product_tag","embeddable":true,"href":"https:\/\/gpl-love.com\/es\/wp-json\/wp\/v2\/product_tag?post=125465"}],"curies":[{"name":"wp","href":"https:\/\/api.w.org\/{rel}","templated":true}]}}