{"id":125287,"date":"2022-04-04T00:00:00","date_gmt":"2022-04-04T05:00:00","guid":{"rendered":"https:\/\/gpl-love.com\/es\/producto\/testimonial-pro\/"},"modified":"2026-04-10T11:27:21","modified_gmt":"2026-04-10T16:27:21","slug":"testimonial-pro","status":"publish","type":"product","link":"https:\/\/gpl-love.com\/es\/producto\/testimonial-pro\/","title":{"rendered":"Testimonial Pro 2.6.0"},"content":{"rendered":"<h3>Testimonial Pro Caracteristicas<\/h3>\n<p>Testimonial Pro es una herramienta incre\u00edblemente robusta y din\u00e1mica espec\u00edficamente dise\u00f1ada para ayudar a las empresas en el proceso de adquirir y exhibir testimonios de clientes. Este software no tiene paralelo en su capacidad para capturar y compilar comentarios invaluables de los clientes, brindando a las empresas la oportunidad de curar meticulosamente y mostrar p\u00fablicamente estos testimonios en diversas plataformas, como sus sitios web oficiales, medios de redes sociales e incluso dentro de sus materiales de marketing m\u00e1s amplios. Al utilizar las capacidades notables de Testimonial Pro, las empresas pueden mejorar profundamente su credibilidad y, en \u00faltima instancia, aclarar una nueva afluencia de clientes potenciales al destacar y destacar efectivamente las experiencias excepcionalmente positivas de los clientes anteriores. Adem\u00e1s, esta plataforma tambi\u00e9n cuenta con una extensa gama de caracter\u00edsticas adicionales que enriquecen a\u00fan m\u00e1s la experiencia del usuario, incluidas las plantillas de dise\u00f1o altamente personalizables, an\u00e1lisis detallados para monitorear y analizar de cerca el impacto de estos testimonios, as\u00ed como integraciones sin problemas con una mir\u00edada de constructores de sitios web populares e incluso plataformas de marketing por correo electr\u00f3nico. En resumen, el testimonial es indudablemente como una soluci\u00f3n indomitablemente potente y extremadamente eficiente para las empresas que est\u00e1n firmemente comprometidas con aprovechar el poder monumental que poseen los testimonios de los clientes para impulsar org\u00e1nicamente el crecimiento exponencial y la expansi\u00f3n de su marca.<\/p>\n<ul>\n<li>Ayuda a recopilar y mostrar testimonios de clientes en su sitio web f\u00e1cilmente<\/li>\n<li>Proporciona una interfaz f\u00e1cil de usar para que los clientes env\u00eden sus testimonios<\/li>\n<li>Organiza y clasifica autom\u00e1ticamente testimonios para una f\u00e1cil gesti\u00f3n<\/li>\n<li>Le permite aprobar o rechazar testimonios antes de que se muestren en su sitio web<\/li>\n<li>Opciones de visualizaci\u00f3n personalizables para c\u00f3mo aparecen los testimonios en su sitio web<\/li>\n<li>Proporciona pruebas sociales y mejora la credibilidad para su negocio<\/li>\n<li>Aumenta la confianza del cliente y puede conducir a tasas de conversi\u00f3n m\u00e1s altas<\/li>\n<li>Compatible con la mayor\u00eda de las plataformas de sitios web y f\u00e1cil de instalar<\/li>\n<li>Proporciona an\u00e1lisis detallados e ideas sobre la satisfacci\u00f3n y los comentarios del cliente.<\/li>\n<\/ul>\n","protected":false},"excerpt":{"rendered":"<p>Testimonial Pro es una herramienta inmensamente potente y efectiva que permite a las empresas acumular y exhibir una gran cantidad de revisiones y testimonios de clientes en su sitio web. Al aprovechar las capacidades notables de Testimonial Pro, tiene la capacidad de fabricar y personalizar formularios que est\u00e9n h\u00e1bilmente dise\u00f1ados para adquirir comentarios invaluables de su estimada clientela. Posteriormente, puede mostrar sin problemas estas cr\u00edticas invaluables de una manera est\u00e9ticamente agradable y altamente adaptable que est\u00e1 optimizada para dispositivos m\u00f3viles. Mejore y fortalezca la confianza y la credibilidad que los clientes potenciales otorgan a su marca acentuando estrat\u00e9gicamente la multitud de experiencias positivas que otros han encontrado sin duda mientras se relacionan con sus productos o servicios excepcionales. En esencia, el testimonial es innegable como la soluci\u00f3n definitiva para las empresas que poseen el deseo inequ\u00edvoco de aprovechar y capitalizar efectivamente la influencia formidable de la prueba social para alimentar el crecimiento exponencial de su empresa.<\/p>\n","protected":false},"featured_media":167698,"comment_status":"open","ping_status":"open","template":"","meta":[],"product_brand":[2574],"product_cat":[1232,1206,1211],"product_tag":[2258],"class_list":{"0":"post-125287","1":"product","2":"type-product","3":"status-publish","4":"has-post-thumbnail","6":"product_brand-shapedplugin","7":"product_cat-marketing-wordpress-plugins","8":"product_cat-plugins","9":"product_cat-wordpress-plugins","10":"product_tag-shapedplugin","11":"member-discount","12":"discount-restricted","14":"first","15":"instock","16":"sale","17":"downloadable","18":"virtual","19":"sold-individually","20":"purchasable","21":"product-type-simple"},"_links":{"self":[{"href":"https:\/\/gpl-love.com\/es\/wp-json\/wp\/v2\/product\/125287","targetHints":{"allow":["GET"]}}],"collection":[{"href":"https:\/\/gpl-love.com\/es\/wp-json\/wp\/v2\/product"}],"about":[{"href":"https:\/\/gpl-love.com\/es\/wp-json\/wp\/v2\/types\/product"}],"replies":[{"embeddable":true,"href":"https:\/\/gpl-love.com\/es\/wp-json\/wp\/v2\/comments?post=125287"}],"wp:featuredmedia":[{"embeddable":true,"href":"https:\/\/gpl-love.com\/es\/wp-json\/wp\/v2\/media\/167698"}],"wp:attachment":[{"href":"https:\/\/gpl-love.com\/es\/wp-json\/wp\/v2\/media?parent=125287"}],"wp:term":[{"taxonomy":"product_brand","embeddable":true,"href":"https:\/\/gpl-love.com\/es\/wp-json\/wp\/v2\/product_brand?post=125287"},{"taxonomy":"product_cat","embeddable":true,"href":"https:\/\/gpl-love.com\/es\/wp-json\/wp\/v2\/product_cat?post=125287"},{"taxonomy":"product_tag","embeddable":true,"href":"https:\/\/gpl-love.com\/es\/wp-json\/wp\/v2\/product_tag?post=125287"}],"curies":[{"name":"wp","href":"https:\/\/api.w.org\/{rel}","templated":true}]}}