{"id":125285,"date":"2026-04-08T00:00:00","date_gmt":"2026-04-08T05:00:00","guid":{"rendered":"https:\/\/gpl-love.com\/es\/producto\/admin-columns-pro-jetengine\/"},"modified":"2026-04-08T17:15:16","modified_gmt":"2026-04-08T22:15:16","slug":"admin-columns-pro-jetengine","status":"publish","type":"product","link":"https:\/\/gpl-love.com\/es\/producto\/admin-columns-pro-jetengine\/","title":{"rendered":"Admin Columns Pro Jet Engine 1.1.3"},"content":{"rendered":"<h3>Admin Columns Pro Jet Engine Caracteristicas<\/h3>\n<p>Admin Columns Pro Jet Engine, una herramienta altamente efectiva dise\u00f1ada para mejorar la experiencia del usuario para los administradores del sitio de WordPress, ofrece una amplia gama de caracter\u00edsticas. Este notable complemento facilita la gesti\u00f3n sin esfuerzo y la personalizaci\u00f3n de las columnas dentro del panel de administraci\u00f3n de WordPress. Los usuarios pueden agregar, eliminar y reorganizar las columnas sin esfuerzo a trav\u00e9s de una interfaz de arrastrar y soltar f\u00e1cilmente de usar. Adem\u00e1s, esta herramienta excepcional permite a los usuarios filtrar y ordenar datos en tiempo real, acelerando significativamente el proceso de localizaci\u00f3n de informaci\u00f3n espec\u00edfica. Con una integraci\u00f3n perfecta con complementos populares como WooCommerce y campos avanzados personalizados, Admin Columns Pro Jet Engine se convierte en un activo indispensable para las personas con el objetivo de optimizar su flujo de trabajo y reforzar la productividad. En conclusi\u00f3n, el inmenso valor proporcionado por las columnas de administraci\u00f3n pro a Jet Engine hace que la tarea de administrar los sitios de WordPress sea una brisa absoluta.<\/p>\n<ul>\n<li>Admin Columns Pro Jet Engine es un poderoso complemento para WordPress que le permite personalizar sus columnas de administraci\u00f3n y mejorar su flujo de trabajo.<\/li>\n<li>Viene con una interfaz f\u00e1cil de usar que facilita la administraci\u00f3n de sus columnas y las personalizan de acuerdo con sus necesidades.<\/li>\n<li>El complemento le permite agregar o eliminar columnas, cambiar su pedido y modificar su contenido sin ning\u00fan conocimiento de codificaci\u00f3n.<\/li>\n<li>Adem\u00e1s, Admin Columns Pro Jet Engine ofrece una gama de caracter\u00edsticas para usuarios avanzados, incluidos filtros personalizados, opciones de clasificaci\u00f3n y herramientas de edici\u00f3n por lotes.<\/li>\n<li>Con este complemento, puede ahorrar tiempo y mejorar su productividad agilizando su tablero de administraci\u00f3n y haci\u00e9ndolo m\u00e1s eficiente.<\/li>\n<li>Tambi\u00e9n est\u00e1 dise\u00f1ado con flexibilidad en mente, lo que le permite personalizar sus columnas en funci\u00f3n de diferentes tipos de publicaciones, roles de usuario y taxonom\u00edas.<\/li>\n<li>El motor Pro Jet de administrador es compatible con una amplia gama de complementos y temas, lo que lo convierte en una herramienta vers\u00e1til para cualquier sitio de WordPress.<\/li>\n<li>Viene con soporte dedicado y actualizaciones regulares, asegurando que siempre tenga acceso a las \u00faltimas caracter\u00edsticas y funcionalidad.<\/li>\n<li>Ya sea que sea un usuario principiante o experimentado de WordPress, Admin Columns Pro Jet Engine puede ayudarlo a optimizar su tablero de administraci\u00f3n y simplificar su flujo de trabajo.<\/li>\n<\/ul>\n","protected":false},"excerpt":{"rendered":"<p>Admin Columns Pro Jet Engine Plugin es un complemento de WordPress centrado en el usuario que aporta una eficiencia notable a la interfaz de su sitio web. Este robusto complemento de WordPress es bien conocido por mejorar la eficiencia del sitio web al proporcionar una personalizaci\u00f3n eficiente de columnas de administraci\u00f3n. Adaptar la apariencia de las columnas de administraci\u00f3n a sus preferencias es una funcionalidad clave del motor a Jet de las columnas administrativas de administrador.<\/p>\n<p>Su influencia beneficiosa se extiende a los due\u00f1os de negocios, desarrolladores web y bloggers, ofreci\u00e9ndoles una herramienta \u00fanica para mejorar su interfaz de usuario de WordPress. Con este complemento, puede optimizar el flujo de trabajo con complementos y ahorrar tiempo considerable. Proporciona la capacidad de organizar sus datos con las columnas de administraci\u00f3n Pro, permitiendo el acceso r\u00e1pido de acciones en WordPress y habilitando ediciones a granel con motor a reacci\u00f3n.<\/p>\n<p>Los beneficios de las columnas de administraci\u00f3n Pro Jet Engine son innumerables, lo que lo convierte en una herramienta esencial para los procesos de flujo de trabajo de WordPress. Es un complemento de WordPress que ahorra tiempo que mejora significativamente las capacidades operativas de su sitio. Ya sea que sea un propietario de un negocio emprendedor que use WordPress Tools, un desarrollador web experimentado que emplea complementos de WordPress o un Blogger Avid optimizando su flujo de trabajo, Admin Columns Pro Jet<\/p>\n","protected":false},"featured_media":165267,"comment_status":"open","ping_status":"open","template":"","meta":[],"product_brand":[2346],"product_cat":[1214,1206,1211],"product_tag":[1210],"class_list":{"0":"post-125285","1":"product","2":"type-product","3":"status-publish","4":"has-post-thumbnail","6":"product_brand-admin-columns-pro","7":"product_cat-personalizacion","8":"product_cat-plugins","9":"product_cat-wordpress-plugins","10":"product_tag-admin-columns-pro","11":"member-discount","12":"discount-restricted","14":"first","15":"instock","16":"sale","17":"downloadable","18":"virtual","19":"sold-individually","20":"purchasable","21":"product-type-simple"},"_links":{"self":[{"href":"https:\/\/gpl-love.com\/es\/wp-json\/wp\/v2\/product\/125285","targetHints":{"allow":["GET"]}}],"collection":[{"href":"https:\/\/gpl-love.com\/es\/wp-json\/wp\/v2\/product"}],"about":[{"href":"https:\/\/gpl-love.com\/es\/wp-json\/wp\/v2\/types\/product"}],"replies":[{"embeddable":true,"href":"https:\/\/gpl-love.com\/es\/wp-json\/wp\/v2\/comments?post=125285"}],"wp:featuredmedia":[{"embeddable":true,"href":"https:\/\/gpl-love.com\/es\/wp-json\/wp\/v2\/media\/165267"}],"wp:attachment":[{"href":"https:\/\/gpl-love.com\/es\/wp-json\/wp\/v2\/media?parent=125285"}],"wp:term":[{"taxonomy":"product_brand","embeddable":true,"href":"https:\/\/gpl-love.com\/es\/wp-json\/wp\/v2\/product_brand?post=125285"},{"taxonomy":"product_cat","embeddable":true,"href":"https:\/\/gpl-love.com\/es\/wp-json\/wp\/v2\/product_cat?post=125285"},{"taxonomy":"product_tag","embeddable":true,"href":"https:\/\/gpl-love.com\/es\/wp-json\/wp\/v2\/product_tag?post=125285"}],"curies":[{"name":"wp","href":"https:\/\/api.w.org\/{rel}","templated":true}]}}