{"id":125257,"date":"2026-03-06T00:00:00","date_gmt":"2026-03-06T05:00:00","guid":{"rendered":"https:\/\/gpl-love.com\/es\/producto\/automatorwp-presto-player\/"},"modified":"2026-03-09T07:19:17","modified_gmt":"2026-03-09T12:19:17","slug":"automatorwp-presto-player","status":"publish","type":"product","link":"https:\/\/gpl-love.com\/es\/producto\/automatorwp-presto-player\/","title":{"rendered":"AutomatorWP Presto Player 1.0.4"},"content":{"rendered":"<h3>AutomatorWP Presto Player Caracteristicas<\/h3>\n<p>Automatorwp Presto Player, una herramienta robusta, sirve como un medio efectivo para generar y exhibir contenido de video de primer nivel en su sitio web de WordPress. Este notable complemento le otorga la capacidad perfecta para integrar perfectamente el reproductor de Presto en su sitio web, brind\u00e1ndole la oportunidad de presentar sus videos de manera profesional y f\u00e1cil de usar. Aprovechando su interfaz intuitiva y f\u00e1cil de usar, est\u00e1 facultado para adaptar a su reproductor de video para armonizar con la est\u00e9tica general de su sitio web. Adem\u00e1s, AutomatorWP Presto Player cuenta con capacidades avanzadas de automatizaci\u00f3n, facilitando la racionalizaci\u00f3n de los flujos de trabajo de video y la reducci\u00f3n del tiempo dedicado a tareas manuales laboriosas. Ya sea que sea un creador de contenido consumado o un astuto propietario de un negocio, AutomatorWP Presto Player representa una soluci\u00f3n inquebrantable y altamente eficiente para todos sus requisitos relacionados con el video.<\/p>\n<ul>\n<li>Integraci\u00f3n perfecta entre AutomatorWP y Presto Player<\/li>\n<li>Permite acciones personalizadas basadas en la participaci\u00f3n del usuario con Presto Player<\/li>\n<li>Automatiza varias tareas relacionadas con Presto Player, como iniciar y detener videos en momentos espec\u00edficos<\/li>\n<li>F\u00e1cil de usar y configurar sin ning\u00fan conocimiento de codificaci\u00f3n requerido<\/li>\n<li>Mejora la experiencia del usuario creando una experiencia de video m\u00e1s personalizada e interactiva<\/li>\n<li>Ayuda a aumentar la retenci\u00f3n de los usuarios e impulsar m\u00e1s conversiones a trav\u00e9s de interacciones de video espec\u00edficas<\/li>\n<li>Aumenta la eficiencia mediante la automatizaci\u00f3n de tareas repetitivas, liberando tiempo para tareas m\u00e1s importantes<\/li>\n<li>Compatible con WordPress y otras plataformas populares de sitios web<\/li>\n<li>Actualizaciones y soporte regulares del desarrollador para garantizar la funcionalidad y compatibilidad continua con las nuevas tecnolog\u00edas.<\/li>\n<\/ul>\n","protected":false},"excerpt":{"rendered":"<p>Automatorwp Presto Player es un reproductor de video de vanguardia que mejora el rendimiento de video de su sitio web en un instante. Este reproductor din\u00e1mico ofrece flexibilidad inigualable y participaci\u00f3n del usuario, lo que le permite crear experiencias de video personalizadas para su audiencia. Con Presto Player, puede integrar videos sin problemas en su sitio web, ofreciendo una experiencia de reproducci\u00f3n suave y sin amortiguar. Es compatible con AutomatorWP, un potente complemento de automatizaci\u00f3n que permite una gesti\u00f3n eficiente del sitio web. Automatorwp Presto Player tambi\u00e9n ofrece caracter\u00edsticas avanzadas como control de velocidad, marcadores de cap\u00edtulos y colores de reproductor personalizables. El proceso de configuraci\u00f3n f\u00e1cil y la interfaz f\u00e1cil de usar lo convierten en una opci\u00f3n valiosa para cualquier propietario del sitio web. Experimente el mejor rendimiento y automatizaci\u00f3n de video con AutomatorWP Presto Player.<\/p>\n","protected":false},"featured_media":165425,"comment_status":"open","ping_status":"open","template":"","meta":[],"product_brand":[2368],"product_cat":[1214,1206,1211],"product_tag":[2210],"class_list":{"0":"post-125257","1":"product","2":"type-product","3":"status-publish","4":"has-post-thumbnail","6":"product_brand-automatorwp","7":"product_cat-personalizacion","8":"product_cat-plugins","9":"product_cat-wordpress-plugins","10":"product_tag-automatorwp","11":"member-discount","12":"discount-restricted","14":"first","15":"instock","16":"sale","17":"downloadable","18":"virtual","19":"sold-individually","20":"purchasable","21":"product-type-simple"},"_links":{"self":[{"href":"https:\/\/gpl-love.com\/es\/wp-json\/wp\/v2\/product\/125257","targetHints":{"allow":["GET"]}}],"collection":[{"href":"https:\/\/gpl-love.com\/es\/wp-json\/wp\/v2\/product"}],"about":[{"href":"https:\/\/gpl-love.com\/es\/wp-json\/wp\/v2\/types\/product"}],"replies":[{"embeddable":true,"href":"https:\/\/gpl-love.com\/es\/wp-json\/wp\/v2\/comments?post=125257"}],"wp:featuredmedia":[{"embeddable":true,"href":"https:\/\/gpl-love.com\/es\/wp-json\/wp\/v2\/media\/165425"}],"wp:attachment":[{"href":"https:\/\/gpl-love.com\/es\/wp-json\/wp\/v2\/media?parent=125257"}],"wp:term":[{"taxonomy":"product_brand","embeddable":true,"href":"https:\/\/gpl-love.com\/es\/wp-json\/wp\/v2\/product_brand?post=125257"},{"taxonomy":"product_cat","embeddable":true,"href":"https:\/\/gpl-love.com\/es\/wp-json\/wp\/v2\/product_cat?post=125257"},{"taxonomy":"product_tag","embeddable":true,"href":"https:\/\/gpl-love.com\/es\/wp-json\/wp\/v2\/product_tag?post=125257"}],"curies":[{"name":"wp","href":"https:\/\/api.w.org\/{rel}","templated":true}]}}