{"id":125255,"date":"2025-04-18T00:00:00","date_gmt":"2025-04-18T05:00:00","guid":{"rendered":"https:\/\/gpl-love.com\/es\/producto\/mentalpress-wordpress-theme\/"},"modified":"2026-04-10T11:16:26","modified_gmt":"2026-04-10T16:16:26","slug":"mentalpress-wordpress-theme","status":"publish","type":"product","link":"https:\/\/gpl-love.com\/es\/producto\/mentalpress-wordpress-theme\/","title":{"rendered":"MentalPress WordPress Theme 1.13.0"},"content":{"rendered":"<h3>MentalPress WordPress Theme Caracteristicas<\/h3>\n<p>El tema MentalPress WordPress es un tema de vanguardia, adaptable y cargado de caracter\u00edsticas ideadas espec\u00edficamente para profesionales de la salud mental, cl\u00ednicas, hospitales y centros de terapia. Este tema cuenta con una interfaz pr\u00edstina y f\u00e1cil de usar, facilitando as\u00ed el uso y la personalizaci\u00f3n sin esfuerzo. Con una amplia gama de dise\u00f1os de p\u00e1gina de inicio predise\u00f1ados, estilos de encabezado y esquemas de color a su disposici\u00f3n, junto con una gran cantidad de opciones de personalizaci\u00f3n, tiene amplios recursos para forjar un sitio web distintivo y pulido. Adem\u00e1s, este tema personifica la capacidad de respuesta, meticulosamente elaborado para optimizar el atractivo visual en todos los tama\u00f1os y dispositivos de pantalla, ya sea escritorio, tableta o m\u00f3vil. La combinaci\u00f3n de la funcionalidad de vanguardia con la usabilidad perfecta, el tema MentalPress WordPress comprende caracter\u00edsticas avanzadas, como un sistema de reserva de citas, perfiles de terapeuta, testimonios de clientes, un blog y formularios de contacto. Estos componentes colectivamente lo capacitan para exhibir sin esfuerzo sus servicios, personal e instalaciones mientras falsifican conexiones significativas con sus estimados clientes en el \u00e1mbito digital. En conclusi\u00f3n, el tema MentalPress WordPress es una opci\u00f3n impecable para cualquier persona que busque establecer una presencia digital profesional e impactante para su pr\u00e1ctica o cl\u00ednica de salud mental.<\/p>\n<ul>\n<li>Dise\u00f1o moderno y profesional perfecto para profesionales de la salud mental<\/li>\n<li>F\u00e1cil de navegar y personalizable con la plataforma de WordPress<\/li>\n<li>Totalmente receptivo para una visualizaci\u00f3n perfecta en todos los dispositivos<\/li>\n<li>Sistema de reserva de citas incorporada para programaci\u00f3n simplificada<\/li>\n<li>M\u00faltiples opciones de dise\u00f1o personalizables para exhibir servicios e informaci\u00f3n<\/li>\n<li>Incorpora recursos e informaci\u00f3n de salud mental de confianza para los pacientes.<\/li>\n<li>Integraci\u00f3n con complementos populares como el Formulario de contacto 7 y MailChimp<\/li>\n<li>Dise\u00f1ado para cumplir con los requisitos de cumplimiento de HIPAA para la privacidad y seguridad del paciente<\/li>\n<li>Equipo de soporte dedicado y actualizaciones regulares para la funcionalidad y la seguridad continuas.<\/li>\n<\/ul>\n","protected":false},"excerpt":{"rendered":"<p>El tema MentalPress WordPress es un tema incre\u00edblemente vers\u00e1til y f\u00e1cil de usar que ha sido meticulosamente elaborado y dise\u00f1ado para atender espec\u00edficamente a profesionales de la salud mental, cl\u00ednicas e instalaciones. Este notable tema cuenta con un dise\u00f1o simplificado e impecablemente elegante, junto con una amplia gama de opciones personalizables que le permiten personalizar y adaptar su sitio web de acuerdo con sus necesidades y preferencias espec\u00edficas. Adem\u00e1s, el tema de MentalPress WordPress proporciona un sistema de navegaci\u00f3n incre\u00edblemente intuitivo que garantiza que sus visitantes puedan navegar sin esfuerzo a trav\u00e9s de su sitio web, al tiempo que ofrece una impresionante gama de caracter\u00edsticas poderosas que le permiten mostrar sus servicios, medios y recursos de pacientes con la mayor facilidad y eficiencia. Adem\u00e1s, este tema extraordinario va m\u00e1s all\u00e1 al ofrecer una selecci\u00f3n completa de complementos e integraciones que le permiten integrarse sin esfuerzo con el software l\u00edder de salud mental l\u00edder, mejorando significativamente la experiencia general del usuario para sus estimados visitantes. En general, es sin lugar a dudas que el tema MentalPress WordPress sirve como la soluci\u00f3n definitiva y perfecta para cualquier persona que busque construir un sitio web de salud mental moderno y profesional que exude un sentido inigualable de sofisticaci\u00f3n y excelencia.<\/p>\n","protected":false},"featured_media":166766,"comment_status":"open","ping_status":"open","template":"","meta":[],"product_brand":[2348],"product_cat":[1307,1237,1238],"product_tag":[2257],"class_list":{"0":"post-125255","1":"product","2":"type-product","3":"status-publish","4":"has-post-thumbnail","6":"product_brand-proteus","7":"product_cat-negocio-wordpress-temas","8":"product_cat-temas","9":"product_cat-wordpress-temas","10":"product_tag-proteus","11":"member-discount","12":"discount-restricted","14":"first","15":"instock","16":"sale","17":"downloadable","18":"virtual","19":"sold-individually","20":"purchasable","21":"product-type-simple"},"_links":{"self":[{"href":"https:\/\/gpl-love.com\/es\/wp-json\/wp\/v2\/product\/125255","targetHints":{"allow":["GET"]}}],"collection":[{"href":"https:\/\/gpl-love.com\/es\/wp-json\/wp\/v2\/product"}],"about":[{"href":"https:\/\/gpl-love.com\/es\/wp-json\/wp\/v2\/types\/product"}],"replies":[{"embeddable":true,"href":"https:\/\/gpl-love.com\/es\/wp-json\/wp\/v2\/comments?post=125255"}],"wp:featuredmedia":[{"embeddable":true,"href":"https:\/\/gpl-love.com\/es\/wp-json\/wp\/v2\/media\/166766"}],"wp:attachment":[{"href":"https:\/\/gpl-love.com\/es\/wp-json\/wp\/v2\/media?parent=125255"}],"wp:term":[{"taxonomy":"product_brand","embeddable":true,"href":"https:\/\/gpl-love.com\/es\/wp-json\/wp\/v2\/product_brand?post=125255"},{"taxonomy":"product_cat","embeddable":true,"href":"https:\/\/gpl-love.com\/es\/wp-json\/wp\/v2\/product_cat?post=125255"},{"taxonomy":"product_tag","embeddable":true,"href":"https:\/\/gpl-love.com\/es\/wp-json\/wp\/v2\/product_tag?post=125255"}],"curies":[{"name":"wp","href":"https:\/\/api.w.org\/{rel}","templated":true}]}}