{"id":125253,"date":"2025-04-29T00:00:00","date_gmt":"2025-04-29T05:00:00","guid":{"rendered":"https:\/\/gpl-love.com\/es\/producto\/adrenaline-sports-travel-y-outdoor-wordpress-theme\/"},"modified":"2026-03-13T17:15:19","modified_gmt":"2026-03-13T22:15:19","slug":"adrenaline-sports-travel-y-outdoor-wordpress-theme","status":"publish","type":"product","link":"https:\/\/gpl-love.com\/es\/producto\/adrenaline-sports-travel-y-outdoor-wordpress-theme\/","title":{"rendered":"Adrenaline Sports Travel y Outdoor WordPress Theme 2.3.1"},"content":{"rendered":"<h3>Adrenaline Sports Travel y Outdoor WordPress Theme Caracteristicas<\/h3>\n<p>Cuando elige el tema deportivo de adrenalina y el tema de WordPress al aire libre, le permite elevar su negocio de aventura a niveles sin precedentes. Este tema ha sido dise\u00f1ado meticulosamente para atender espec\u00edficamente a las empresas de viajes y al aire libre, proporcionando una amplia gama de caracter\u00edsticas que le permiten mostrar efectivamente sus ofertas de una manera cautivadora y visualmente atractiva. Con sus dise\u00f1os de p\u00e1gina de inicio personalizables y sus impresionantes galer\u00edas de im\u00e1genes, tiene la libertad de crear una experiencia en l\u00ednea verdaderamente \u00fanica e inmersiva para su audiencia. Adem\u00e1s, la inclusi\u00f3n de formularios de reserva y calendarios de eventos lo equipa con las herramientas necesarias para optimizar sus operaciones y mejorar la satisfacci\u00f3n del cliente. Ya sea que su negocio gire en torno a las emocionantes giras de senderismo, emocionantes viajes en bicicleta de monta\u00f1a o experiencias deportivas extremas conmovedoras, no busque m\u00e1s que los viajes deportivos adrenalinos y el tema de WordPress al aire libre para impulsar su empresa a alturas de \u00e9xito sin precedentes.<\/p>\n<ul>\n<li>Construido espec\u00edficamente para empresas aventureras y orientadas al aire libre<\/li>\n<li>Totalmente receptivo para una visualizaci\u00f3n \u00f3ptima en todos los dispositivos<\/li>\n<li>M\u00faltiples esquemas de color y opciones personalizadas disponibles<\/li>\n<li>Incluye p\u00e1ginas predise\u00f1adas para tours, destinos y eventos<\/li>\n<li>Integrado con WooCommerce para una f\u00e1cil reserva en l\u00ednea y procesamiento de pagos<\/li>\n<li>Compatible con complementos populares como el Formulario de contacto 7 y MailChimp<\/li>\n<li>Motor de b\u00fasqueda optimizado para mejorar la visibilidad en l\u00ednea<\/li>\n<li>F\u00e1cil de usar y personalizar con el constructor de p\u00e1ginas de arrastrar y soltar<\/li>\n<li>Equipo de soporte dedicado para asistencia con la configuraci\u00f3n y la personalizaci\u00f3n<\/li>\n<li>Actualizaciones y mejoras regulares para mantenerse al d\u00eda con las \u00faltimas tendencias y caracter\u00edsticas en el dise\u00f1o del sitio web.<\/li>\n<\/ul>\n","protected":false},"excerpt":{"rendered":"<p>El tema de la adrenalina de WordPress Sports y el tema de WordPress de aventura al aire libre atienden a los buscadores de aventuras, que ofrece una plataforma \u00fanica para mostrar su pasi\u00f3n por las actividades al aire libre. Este tema de WordPress de viajes y deportes ha sido meticulosamente elaborado para resaltar sus escapadas de viaje y Odyssey llena de acci\u00f3n, por lo que es la elecci\u00f3n perfecta para los bloggers de viajes y los entusiastas del deporte.<\/p>\n<p>Como tema del sitio web de actividades al aire libre, acent\u00faa su esp\u00edritu aventurero y su pasi\u00f3n eterna por la exploraci\u00f3n mundial. El blog de Adventure Travel WordPress tiene una interfaz f\u00e1cil de usar y un dise\u00f1o visualmente impresionante, por lo que es un excelente tema de WordPress para el aire libre.<\/p>\n<p>Sus caracter\u00edsticas personalizables permiten la creaci\u00f3n de un tema deportivo de aventura altamente receptivo. Un destacado entre los blogueros de viajes de los temas de WordPress, imparte un impulso indomable en las personas a explorar las maravillas ilimitadas del mundo y abrazar de todo coraz\u00f3n su esp\u00edritu aventurero.<\/p>\n<p>El tema de Odyssey WordPress lleno de acci\u00f3n permite sin esfuerzo la creaci\u00f3n de un sitio web inmersivo y altamente receptivo. El dise\u00f1o web de Spirit Adventurous da vida a su sitio web de escapadas de viajes<\/p>\n","protected":false},"featured_media":165275,"comment_status":"open","ping_status":"open","template":"","meta":[],"product_brand":[2348],"product_cat":[1267,1237,1238],"product_tag":[2257],"class_list":{"0":"post-125253","1":"product","2":"type-product","3":"status-publish","4":"has-post-thumbnail","6":"product_brand-proteus","7":"product_cat-creativo","8":"product_cat-temas","9":"product_cat-wordpress-temas","10":"product_tag-proteus","11":"member-discount","12":"discount-restricted","14":"first","15":"instock","16":"sale","17":"downloadable","18":"virtual","19":"sold-individually","20":"purchasable","21":"product-type-simple"},"_links":{"self":[{"href":"https:\/\/gpl-love.com\/es\/wp-json\/wp\/v2\/product\/125253","targetHints":{"allow":["GET"]}}],"collection":[{"href":"https:\/\/gpl-love.com\/es\/wp-json\/wp\/v2\/product"}],"about":[{"href":"https:\/\/gpl-love.com\/es\/wp-json\/wp\/v2\/types\/product"}],"replies":[{"embeddable":true,"href":"https:\/\/gpl-love.com\/es\/wp-json\/wp\/v2\/comments?post=125253"}],"wp:featuredmedia":[{"embeddable":true,"href":"https:\/\/gpl-love.com\/es\/wp-json\/wp\/v2\/media\/165275"}],"wp:attachment":[{"href":"https:\/\/gpl-love.com\/es\/wp-json\/wp\/v2\/media?parent=125253"}],"wp:term":[{"taxonomy":"product_brand","embeddable":true,"href":"https:\/\/gpl-love.com\/es\/wp-json\/wp\/v2\/product_brand?post=125253"},{"taxonomy":"product_cat","embeddable":true,"href":"https:\/\/gpl-love.com\/es\/wp-json\/wp\/v2\/product_cat?post=125253"},{"taxonomy":"product_tag","embeddable":true,"href":"https:\/\/gpl-love.com\/es\/wp-json\/wp\/v2\/product_tag?post=125253"}],"curies":[{"name":"wp","href":"https:\/\/api.w.org\/{rel}","templated":true}]}}