{"id":125251,"date":"2024-12-14T00:00:00","date_gmt":"2024-12-14T05:00:00","guid":{"rendered":"https:\/\/gpl-love.com\/es\/producto\/bolts-transport-trucking-logistic-y-cargo-theme\/"},"modified":"2026-03-13T17:16:54","modified_gmt":"2026-03-13T22:16:54","slug":"bolts-transport-trucking-logistic-y-cargo-theme","status":"publish","type":"product","link":"https:\/\/gpl-love.com\/es\/producto\/bolts-transport-trucking-logistic-y-cargo-theme\/","title":{"rendered":"Bolts Transport Trucking Logistic y Cargo Theme 2.1.1"},"content":{"rendered":"<h3>Bolts Transport Trucking Logistic y Cargo Theme Caracteristicas<\/h3>\n<p>El tema de la log\u00edstica de transporte de transporte Bolts y la carga es un paquete que lo abarca todo que es muy adecuado para las empresas que operan dentro de la industria de transporte y log\u00edstica. Al colocar un fuerte \u00e9nfasis en la gesti\u00f3n de transporte efectiva y sin complicaciones, este tema ofrece una multitud de caracter\u00edsticas que est\u00e1n espec\u00edficamente dise\u00f1adas para optimizar y optimizar sus procesos operativos. En particular, este tema incluye un sistema avanzado de seguimiento de carga, una herramienta integral de gesti\u00f3n de env\u00edos, as\u00ed como un sistema de reserva conveniente que permite a sus estimados clientes programar sin esfuerzo sus entregas. Con un dise\u00f1o contempor\u00e1neo y elegante, este tema es totalmente personalizable, lo que le permite adaptarlo a sus requisitos y preferencias espec\u00edficas, al tiempo que presta una est\u00e9tica pulida y profesional a su sitio web. Sin lugar a dudas, el tema de la log\u00edstica y la carga de transporte de transporte de Bolts representa una opci\u00f3n excepcional para cualquier negocio exigente que busque mejorar sus operaciones log\u00edsticas y optimizar su presencia en l\u00ednea de una manera altamente eficiente.<\/p>\n<ul>\n<li>Dise\u00f1o profesional de alta calidad con un tema de transporte de pernos<\/li>\n<li>Totalmente personalizable para satisfacer sus necesidades y preferencias espec\u00edficas<\/li>\n<li>Responsable m\u00f3vil para una visualizaci\u00f3n \u00f3ptima en todos los dispositivos<\/li>\n<li>M\u00faltiples dise\u00f1os y plantillas de p\u00e1gina para elegir<\/li>\n<li>Caracter\u00edsticas incorporadas para rastrear env\u00edos y gesti\u00f3n de la log\u00edstica<\/li>\n<li>Navegaci\u00f3n f\u00e1cil de usar e interfaz de usuario<\/li>\n<li>SEO para mejorar las clasificaciones de los motores de b\u00fasqueda<\/li>\n<li>Integraci\u00f3n con plataformas populares de comercio electr\u00f3nico para ventas en l\u00ednea<\/li>\n<li>Opciones de precios y pago flexibles<\/li>\n<li>Soporte t\u00e9cnico experto y servicio al cliente.<\/li>\n<\/ul>\n","protected":false},"excerpt":{"rendered":"<p>Bolts Transport Trucking Logistic and Cargo Theme es una soluci\u00f3n especialmente elaborada para cualquier negocio que busque optimizar sus operaciones de transporte y log\u00edstica. Este poderoso tema es perfecto para las compa\u00f1\u00edas de transporte, log\u00edstica y carga, que ofrece un conjunto robusto de caracter\u00edsticas para garantizar que su negocio funcione sin problemas. Con Bolts, puede administrar f\u00e1cilmente todos los aspectos de su negocio de transporte y log\u00edstica, desde el enrutamiento y la programaci\u00f3n hasta el seguimiento de la carga y el servicio al cliente. El dise\u00f1o receptivo garantiza que su sitio web se vea genial en todos los dispositivos, mientras que la funci\u00f3n de seguimiento de carga avanzada mantiene informados a sus clientes sobre sus env\u00edos en tiempo real. Con opciones de personalizaci\u00f3n f\u00e1ciles, los pernos de transporte de transporte log\u00edstica y el tema de carga se pueden adaptar para adaptarse a su marca, asegurando una presencia profesional en l\u00ednea. Con Bolts, no solo est\u00e1 invirtiendo en un tema, sino que est\u00e1 invirtiendo en una herramienta poderosa para su negocio.<\/p>\n","protected":false},"featured_media":165501,"comment_status":"open","ping_status":"open","template":"","meta":[],"product_brand":[2348],"product_cat":[1307,1237,1238],"product_tag":[2257],"class_list":{"0":"post-125251","1":"product","2":"type-product","3":"status-publish","4":"has-post-thumbnail","6":"product_brand-proteus","7":"product_cat-negocio-wordpress-temas","8":"product_cat-temas","9":"product_cat-wordpress-temas","10":"product_tag-proteus","11":"member-discount","12":"discount-restricted","14":"first","15":"instock","16":"sale","17":"downloadable","18":"virtual","19":"sold-individually","20":"purchasable","21":"product-type-simple"},"_links":{"self":[{"href":"https:\/\/gpl-love.com\/es\/wp-json\/wp\/v2\/product\/125251","targetHints":{"allow":["GET"]}}],"collection":[{"href":"https:\/\/gpl-love.com\/es\/wp-json\/wp\/v2\/product"}],"about":[{"href":"https:\/\/gpl-love.com\/es\/wp-json\/wp\/v2\/types\/product"}],"replies":[{"embeddable":true,"href":"https:\/\/gpl-love.com\/es\/wp-json\/wp\/v2\/comments?post=125251"}],"wp:featuredmedia":[{"embeddable":true,"href":"https:\/\/gpl-love.com\/es\/wp-json\/wp\/v2\/media\/165501"}],"wp:attachment":[{"href":"https:\/\/gpl-love.com\/es\/wp-json\/wp\/v2\/media?parent=125251"}],"wp:term":[{"taxonomy":"product_brand","embeddable":true,"href":"https:\/\/gpl-love.com\/es\/wp-json\/wp\/v2\/product_brand?post=125251"},{"taxonomy":"product_cat","embeddable":true,"href":"https:\/\/gpl-love.com\/es\/wp-json\/wp\/v2\/product_cat?post=125251"},{"taxonomy":"product_tag","embeddable":true,"href":"https:\/\/gpl-love.com\/es\/wp-json\/wp\/v2\/product_tag?post=125251"}],"curies":[{"name":"wp","href":"https:\/\/api.w.org\/{rel}","templated":true}]}}