{"id":125249,"date":"2024-12-14T00:00:00","date_gmt":"2024-12-14T05:00:00","guid":{"rendered":"https:\/\/gpl-love.com\/es\/producto\/legalpress-wordpress-theme\/"},"modified":"2026-03-13T17:23:31","modified_gmt":"2026-03-13T22:23:31","slug":"legalpress-wordpress-theme","status":"publish","type":"product","link":"https:\/\/gpl-love.com\/es\/producto\/legalpress-wordpress-theme\/","title":{"rendered":"LegalPress WordPress Theme 2.5.2"},"content":{"rendered":"<h3>LegalPress WordPress Theme Caracteristicas<\/h3>\n<p>El tema LegalPress WordPress, un tema de WordPress de alta calidad meticulosamente elaborado para firmas de abogados y profesionales legales, cuenta con un dise\u00f1o sofisticado y contempor\u00e1neo que se puede personalizar con varias plantillas de p\u00e1gina, esquemas de color y opciones de tipograf\u00eda para alinearse sin costura con la marca \u00fanica de cualquiera de cualquiera. bufete de abogados. Adem\u00e1s, este tema excepcional abarca una variedad de caracter\u00edsticas impresionantes, incluida la conveniencia de la programaci\u00f3n de citas en l\u00ednea, la versatilidad de los widgets personalizados para presentar contenido crucial y un dise\u00f1o receptivo que garantiza una accesibilidad \u00f3ptima y una navegaci\u00f3n sin esfuerzo en todos los dispositivos. Al aprovechar el poder del tema LegalPress WordPress, los bufetes de abogados pueden establecer una presencia en l\u00ednea ejemplar que muestra efectivamente su experiencia incomparable y su amplia gama de servicios, posteriormente magnetizando a los posibles clientes y aumentando sustancialmente el crecimiento y la prosperidad de su empresa.<\/p>\n<ul>\n<li>Un tema de WordPress profesional y personalizable dise\u00f1ado espec\u00edficamente para profesionales legales y firmas de abogados<\/li>\n<li>Un dise\u00f1o elegante y moderno que comunica la confiabilidad y la profesionalidad<\/li>\n<li>Dise\u00f1os de p\u00e1gina de inicio personalizables y plantillas de p\u00e1ginas prefabricadas, incluso para \u00e1reas de pr\u00e1ctica, BIOS de equipo y testimonios<\/li>\n<li>F\u00e1cil integraci\u00f3n con complementos legales populares como el Formulario de contacto 7 y los formularios de gravedad para agregar f\u00e1cilmente formularios de contacto o formularios de solicitud de consulta a su sitio web<\/li>\n<li>Dise\u00f1o que responde a dispositivos m\u00f3viles que garantiza que su sitio web se vea muy bien en cualquier dispositivo<\/li>\n<li>Optimizado para SEO con marcado de esquema incorporado para una mejor visibilidad del motor de b\u00fasqueda<\/li>\n<li>Panel de opciones de temas f\u00e1ciles de usar para personalizar colores, fuentes y otros elementos de dise\u00f1o<\/li>\n<li>Instalaci\u00f3n de demostraci\u00f3n de un solo clic para configurar r\u00e1pidamente un sitio web con un dise\u00f1o prefabricado para darle una ventaja<\/li>\n<li>Las actualizaciones continuas y el soporte del desarrollador de temas para garantizar que su sitio web se mantenga actualizado y seguro.<\/li>\n<\/ul>\n","protected":false},"excerpt":{"rendered":"<p>LegalPress es un tema de WordPress altamente sofisticado y excepcional que ha sido complejo con el \u00fanico prop\u00f3sito de atender los requisitos \u00fanicos de las firmas de abogados y los profesionales legales en varios dominios. Este tema cuenta con una fusi\u00f3n perfecta de un dise\u00f1o notablemente limpio y est\u00e9ticamente atractivo, junto con una extensa variedad de caracter\u00edsticas que est\u00e1n espec\u00edficamente dise\u00f1adas para facilitar la exhibici\u00f3n impecable de sus servicios ejemplares, miembros estimados del equipo, as\u00ed como sus estudios de casos notables. Al aprovechar las capacidades incomparables de LegalPress, puede crear sin esfuerzo una presencia en l\u00ednea impresionante e influyente para su estimado bufete de abogados, cautivando y atrayendo y atrayendo a un vasto repertorio de clientes potenciales. Adem\u00e1s, es imperativo destacar que este tema extraordinario ha sido impecablemente optimizado para ser totalmente receptivo y notablemente amigable para los dispositivos m\u00f3viles, garantizando as\u00ed que su sitio web exuda excelencia y est\u00e9tica suprema en una amplia gama de dispositivos. Adem\u00e1s, LegalPress ofrece una amplia gama de opciones de personalizaci\u00f3n, lo que le permite personalizar y adaptar h\u00e1bilmente su sitio web de acuerdo con sus requisitos y preferencias \u00fanicas de marca. Independientemente del tama\u00f1o y la estatura de su estimado bufete de abogados, ya sea una entidad legal modestamente proporcionada o una pr\u00e1ctica expansiva y din\u00e1mica, LegalPress se erige como el ep\u00edtome de un tema ideal Garantizar un \u00e9xito incomparable y un triunfo inequ\u00edvoco para su estimado esfuerzo.<\/p>\n","protected":false},"featured_media":166606,"comment_status":"open","ping_status":"open","template":"","meta":[],"product_brand":[2348],"product_cat":[1307,1237,1238],"product_tag":[2257],"class_list":{"0":"post-125249","1":"product","2":"type-product","3":"status-publish","4":"has-post-thumbnail","6":"product_brand-proteus","7":"product_cat-negocio-wordpress-temas","8":"product_cat-temas","9":"product_cat-wordpress-temas","10":"product_tag-proteus","11":"member-discount","12":"discount-restricted","14":"first","15":"instock","16":"sale","17":"downloadable","18":"virtual","19":"sold-individually","20":"purchasable","21":"product-type-simple"},"_links":{"self":[{"href":"https:\/\/gpl-love.com\/es\/wp-json\/wp\/v2\/product\/125249","targetHints":{"allow":["GET"]}}],"collection":[{"href":"https:\/\/gpl-love.com\/es\/wp-json\/wp\/v2\/product"}],"about":[{"href":"https:\/\/gpl-love.com\/es\/wp-json\/wp\/v2\/types\/product"}],"replies":[{"embeddable":true,"href":"https:\/\/gpl-love.com\/es\/wp-json\/wp\/v2\/comments?post=125249"}],"wp:featuredmedia":[{"embeddable":true,"href":"https:\/\/gpl-love.com\/es\/wp-json\/wp\/v2\/media\/166606"}],"wp:attachment":[{"href":"https:\/\/gpl-love.com\/es\/wp-json\/wp\/v2\/media?parent=125249"}],"wp:term":[{"taxonomy":"product_brand","embeddable":true,"href":"https:\/\/gpl-love.com\/es\/wp-json\/wp\/v2\/product_brand?post=125249"},{"taxonomy":"product_cat","embeddable":true,"href":"https:\/\/gpl-love.com\/es\/wp-json\/wp\/v2\/product_cat?post=125249"},{"taxonomy":"product_tag","embeddable":true,"href":"https:\/\/gpl-love.com\/es\/wp-json\/wp\/v2\/product_tag?post=125249"}],"curies":[{"name":"wp","href":"https:\/\/api.w.org\/{rel}","templated":true}]}}