{"id":125247,"date":"2026-03-25T00:00:00","date_gmt":"2026-03-25T05:00:00","guid":{"rendered":"https:\/\/gpl-love.com\/es\/producto\/hammer-wordpress-theme\/"},"modified":"2026-03-25T17:15:49","modified_gmt":"2026-03-25T22:15:49","slug":"hammer-wordpress-theme","status":"publish","type":"product","link":"https:\/\/gpl-love.com\/es\/producto\/hammer-wordpress-theme\/","title":{"rendered":"Hammer WordPress Theme 3.0.0"},"content":{"rendered":"<h3>Hammer WordPress Theme Caracteristicas<\/h3>\n<p>El tema de Hammer WordPress es un tema incre\u00edblemente vers\u00e1til y poderoso que ha sido dise\u00f1ado por expertos para satisfacer las diversas necesidades de los propietarios de sitios web. Con un dise\u00f1o limpio y moderno, este tema ofrece una variedad de caracter\u00edsticas potentes que capacitan a los usuarios para crear sitios web impresionantes sin esfuerzo. Una de esas caracter\u00edsticas es el creador de p\u00e1ginas de arrastrar y soltar, que permite a los usuarios elaborar p\u00e1ginas y dise\u00f1os sin ning\u00fan conocimiento de codificaci\u00f3n. Adem\u00e1s, el panel de opciones de temas avanzados permite a los usuarios personalizar la apariencia visual de su sitio, garantizando una presencia en l\u00ednea verdaderamente \u00fanica y personalizada.<\/p>\n<p>El tema de Hammer WordPress no solo entrega en t\u00e9rminos de dise\u00f1o y personalizaci\u00f3n, sino que tambi\u00e9n prioriza aspectos cruciales como la optimizaci\u00f3n de motores de b\u00fasqueda, la velocidad y el rendimiento. Al optimizar estos elementos, el tema garantiza que su sitio web se cargue r\u00e1pidamente y logre altas clasificaciones en los motores de b\u00fasqueda.<\/p>\n<p>Adem\u00e1s, el tema de Hammer WordPress viene equipado con un importador de demostraci\u00f3n incorporado, lo que permite a los usuarios crear r\u00e1pidamente un sitio web que emule la demostraci\u00f3n del tema. Esta caracter\u00edstica facilita un proceso de configuraci\u00f3n sin problemas, ahorrando a los usuarios tiempo y esfuerzo valiosos.<\/p>\n<p>Adem\u00e1s, el tema de Hammer WordPress se integra perfectamente con WooCommerce, por lo que es una opci\u00f3n ideal para aquellos que buscan establecer una pr\u00f3spera tienda en l\u00ednea. Ya sea que est\u00e9 ejecutando un blog, mostrando una cartera, administrar un negocio o participar en esfuerzos de comercio electr\u00f3nico, este tema atiende a todos los tipos de sitios web, proporcionando la flexibilidad y la funcionalidad necesarias.<\/p>\n<p>En resumen, el tema de Hammer WordPress es un tema extremadamente adaptable y potente que se adapta a cualquier prop\u00f3sito de sitio web. Con su amplia gama de caracter\u00edsticas y dise\u00f1o impresionante, este tema garantiza una experiencia en l\u00ednea excepcional tanto para los propietarios de sitios web como para sus visitantes.<\/p>\n<ul>\n<li>Tema de WordPress dise\u00f1ado profesionalmente adecuado para construir sitios web corporativos, personales o de cartera<\/li>\n<li>Optimizado para la velocidad y el rendimiento, proporcionando una experiencia de usuario perfecta<\/li>\n<li>Flexible y personalizable, ofreciendo varias opciones de dise\u00f1o y esquemas de color<\/li>\n<li>Construido con HTML5, CSS3 y JQuery para un dise\u00f1o moderno y receptivo<\/li>\n<li>Incluye un constructor de p\u00e1ginas de arrastrar y soltar, que permite una f\u00e1cil personalizaci\u00f3n sin conocimientos de codificaci\u00f3n<\/li>\n<li>Cuenta con integraci\u00f3n con complementos populares como el formulario de contacto 7 y la plataforma de comercio electr\u00f3nico de WooCommerce<\/li>\n<li>Proporciona una amplia documentaci\u00f3n y atenci\u00f3n al cliente para orientaci\u00f3n y asistencia con la configuraci\u00f3n y personalizaci\u00f3n.<\/li>\n<li>Actualizado y mantenido regularmente para compatibilidad con las \u00faltimas versiones de WordPress y est\u00e1ndares de seguridad<\/li>\n<li>Compra \u00fanica con actualizaciones de por vida y soporte gratuito, por lo que es una opci\u00f3n rentable para un tema confiable de WordPress<\/li>\n<\/ul>\n","protected":false},"excerpt":{"rendered":"<p>El tema de Hammer WordPress, con su dise\u00f1o elegante y moderno, atiende las necesidades de los bloggers, freelancers y propietarios de peque\u00f1as empresas, lo que lo convierte en una elecci\u00f3n perfecta. Al ofrecer una variedad de opciones personalizables, como esquemas de color, opciones de fuentes y opciones de dise\u00f1o, este tema le permite dise\u00f1ar un sitio web distintivo que realmente encarna su marca. Con un dise\u00f1o receptivo, su sitio web exudar\u00e1 excelencia en todos los dispositivos, mientras que su interfaz f\u00e1cil de usar garantiza una experiencia sin problemas, lo que le permite establecer r\u00e1pidamente su presencia en l\u00ednea. Ya sea que se est\u00e9 embarcando en una empresa de blogs o lanzar una plataforma de comercio electr\u00f3nico, el tema de Hammer es una selecci\u00f3n impecable para aquellos que buscan un dise\u00f1o de sitio web superior y sofisticado.<\/p>\n","protected":false},"featured_media":166404,"comment_status":"open","ping_status":"open","template":"","meta":[],"product_brand":[2348],"product_cat":[1307,1237,1238],"product_tag":[2257],"class_list":{"0":"post-125247","1":"product","2":"type-product","3":"status-publish","4":"has-post-thumbnail","6":"product_brand-proteus","7":"product_cat-negocio-wordpress-temas","8":"product_cat-temas","9":"product_cat-wordpress-temas","10":"product_tag-proteus","11":"member-discount","12":"discount-restricted","14":"first","15":"instock","16":"sale","17":"downloadable","18":"virtual","19":"sold-individually","20":"purchasable","21":"product-type-simple"},"_links":{"self":[{"href":"https:\/\/gpl-love.com\/es\/wp-json\/wp\/v2\/product\/125247","targetHints":{"allow":["GET"]}}],"collection":[{"href":"https:\/\/gpl-love.com\/es\/wp-json\/wp\/v2\/product"}],"about":[{"href":"https:\/\/gpl-love.com\/es\/wp-json\/wp\/v2\/types\/product"}],"replies":[{"embeddable":true,"href":"https:\/\/gpl-love.com\/es\/wp-json\/wp\/v2\/comments?post=125247"}],"wp:featuredmedia":[{"embeddable":true,"href":"https:\/\/gpl-love.com\/es\/wp-json\/wp\/v2\/media\/166404"}],"wp:attachment":[{"href":"https:\/\/gpl-love.com\/es\/wp-json\/wp\/v2\/media?parent=125247"}],"wp:term":[{"taxonomy":"product_brand","embeddable":true,"href":"https:\/\/gpl-love.com\/es\/wp-json\/wp\/v2\/product_brand?post=125247"},{"taxonomy":"product_cat","embeddable":true,"href":"https:\/\/gpl-love.com\/es\/wp-json\/wp\/v2\/product_cat?post=125247"},{"taxonomy":"product_tag","embeddable":true,"href":"https:\/\/gpl-love.com\/es\/wp-json\/wp\/v2\/product_tag?post=125247"}],"curies":[{"name":"wp","href":"https:\/\/api.w.org\/{rel}","templated":true}]}}