{"id":125245,"date":"2024-10-29T00:00:00","date_gmt":"2024-10-29T05:00:00","guid":{"rendered":"https:\/\/gpl-love.com\/es\/producto\/readable-wordpress-theme\/"},"modified":"2026-03-13T17:28:02","modified_gmt":"2026-03-13T22:28:02","slug":"readable-wordpress-theme","status":"publish","type":"product","link":"https:\/\/gpl-love.com\/es\/producto\/readable-wordpress-theme\/","title":{"rendered":"Readable WordPress Theme 2.4.1"},"content":{"rendered":"<h3>Readable WordPress Theme Caracteristicas<\/h3>\n<p>Cuando se trata de crear r\u00e1pidamente y sin esfuerzo un sitio web visualmente cautivador, el tema de WordPress legible surge como una opci\u00f3n incre\u00edblemente f\u00e1cil de usar y visualmente estimulante. Su dise\u00f1o, que es limpio y espacioso, sirve como una opci\u00f3n excepcional para personas como bloggers, escritores y creadores de contenido que buscan establecer una presencia en l\u00ednea cautivadora. Adem\u00e1s, este tema est\u00e1 optimizado para la legibilidad, asegurando que los visitantes de su sitio web puedan consumir f\u00e1cilmente la informaci\u00f3n que proporciona. Adem\u00e1s, su dise\u00f1o de respuesta m\u00f3vil garantiza que su sitio mantenga su encanto visual independientemente del dispositivo en el que se acceda. Al proporcionar una amplia gama de opciones de personalizaci\u00f3n, incluidas las opciones relacionadas con el dise\u00f1o, las fuentes y los colores, este tema le permite dise\u00f1ar un sitio web que sea realmente \u00fanico y que refleje su marca \u00fanica. Por lo tanto, ya sea que se encuentre en el inicio de su viaje en l\u00ednea o simplemente busque revitalizar su sitio existente, el tema legible de WordPress se demuestra como una opci\u00f3n sobresaliente para aquellos que buscan un sitio web visualmente llamativo y profesional.<\/p>\n<ul>\n<li>Tema de WordPress profesional, limpio y personalizable<\/li>\n<li>Tipograf\u00eda f\u00e1cil de leer con amplio espacio en blanco<\/li>\n<li>Dise\u00f1o receptivo optimizado para todos los tama\u00f1os y dispositivos de pantalla<\/li>\n<li>Dise\u00f1o hermoso y moderno con atenci\u00f3n al detalle<\/li>\n<li>Navegaci\u00f3n f\u00e1cil de usar y dise\u00f1o intuitivo para navegaci\u00f3n sin esfuerzo<\/li>\n<li>Opciones flexibles y personalizables para colores, fuentes y dise\u00f1o<\/li>\n<li>Personalizaci\u00f3n simple e intuitiva utilizando el personalizador de WordPress incorporado<\/li>\n<li>Dise\u00f1o consistente y pulido en todas las p\u00e1ginas y secciones<\/li>\n<li>SEO optimizado para aumentar la visibilidad y atraer m\u00e1s tr\u00e1fico<\/li>\n<li>Documentaci\u00f3n integral y atenci\u00f3n al cliente confiable para una experiencia sin problemas<\/li>\n<\/ul>\n","protected":false},"excerpt":{"rendered":"<p>El tema legible de WordPress posee un dise\u00f1o sin complicaciones y refinado que centra su atenci\u00f3n en facilitar la legibilidad sin esfuerzo para el contenido de su sitio web. Este tema presenta un acuerdo pr\u00edstino aumentado por una disposici\u00f3n minimalista que ilumina sus elementos textuales y visuales, lo que hace que su comunicaci\u00f3n sea l\u00facida y sin esfuerzo asimilable. En virtud de sus esquemas de color adaptables y alternativas de fuente, est\u00e1 facultado para personalizar el tema legible de WordPress para alinearlo con su marca y preferencias de dise\u00f1o. Este tema es una opci\u00f3n impecable para blogueros, escritores e individuos que aspiran a exhibir su contenido de una manera sofisticada y de moda.<\/p>\n","protected":false},"featured_media":167320,"comment_status":"open","ping_status":"open","template":"","meta":[],"product_brand":[2348],"product_cat":[1267,1237,1238],"product_tag":[2257],"class_list":{"0":"post-125245","1":"product","2":"type-product","3":"status-publish","4":"has-post-thumbnail","6":"product_brand-proteus","7":"product_cat-creativo","8":"product_cat-temas","9":"product_cat-wordpress-temas","10":"product_tag-proteus","11":"member-discount","12":"discount-restricted","14":"first","15":"instock","16":"sale","17":"downloadable","18":"virtual","19":"sold-individually","20":"purchasable","21":"product-type-simple"},"_links":{"self":[{"href":"https:\/\/gpl-love.com\/es\/wp-json\/wp\/v2\/product\/125245","targetHints":{"allow":["GET"]}}],"collection":[{"href":"https:\/\/gpl-love.com\/es\/wp-json\/wp\/v2\/product"}],"about":[{"href":"https:\/\/gpl-love.com\/es\/wp-json\/wp\/v2\/types\/product"}],"replies":[{"embeddable":true,"href":"https:\/\/gpl-love.com\/es\/wp-json\/wp\/v2\/comments?post=125245"}],"wp:featuredmedia":[{"embeddable":true,"href":"https:\/\/gpl-love.com\/es\/wp-json\/wp\/v2\/media\/167320"}],"wp:attachment":[{"href":"https:\/\/gpl-love.com\/es\/wp-json\/wp\/v2\/media?parent=125245"}],"wp:term":[{"taxonomy":"product_brand","embeddable":true,"href":"https:\/\/gpl-love.com\/es\/wp-json\/wp\/v2\/product_brand?post=125245"},{"taxonomy":"product_cat","embeddable":true,"href":"https:\/\/gpl-love.com\/es\/wp-json\/wp\/v2\/product_cat?post=125245"},{"taxonomy":"product_tag","embeddable":true,"href":"https:\/\/gpl-love.com\/es\/wp-json\/wp\/v2\/product_tag?post=125245"}],"curies":[{"name":"wp","href":"https:\/\/api.w.org\/{rel}","templated":true}]}}