{"id":125243,"date":"2025-04-18T00:00:00","date_gmt":"2025-04-18T05:00:00","guid":{"rendered":"https:\/\/gpl-love.com\/es\/producto\/consultpress-wordpress-theme\/"},"modified":"2026-03-13T17:18:01","modified_gmt":"2026-03-13T22:18:01","slug":"consultpress-wordpress-theme","status":"publish","type":"product","link":"https:\/\/gpl-love.com\/es\/producto\/consultpress-wordpress-theme\/","title":{"rendered":"ConsultPress WordPress Theme 2.2.0"},"content":{"rendered":"<h3>ConsultPress WordPress Theme Caracteristicas<\/h3>\n<p>ConsultPress es un tema de WordPress elegantemente dise\u00f1ado e impecablemente profesional que ha sido meticulosamente elaborado para las necesidades espec\u00edficas de las empresas de consultor\u00eda. Con un dise\u00f1o elegante y contempor\u00e1neo, este tema excepcional sirve como la plataforma perfecta para mostrar efectivamente su amplia gama de servicios y experiencia incomparable. Adem\u00e1s, la capacidad de respuesta inherente de su dise\u00f1o asegura que su sitio web exude excelencia y permanezca visualmente cautivador en todos los dispositivos, independientemente del tama\u00f1o o resoluci\u00f3n de su pantalla. Adem\u00e1s, el panel de opciones de temas formidables lo capacita con la capacidad de personalizar y adaptar sin esfuerzo su sitio para alinearse sin problemas con la identidad de su marca, fomentando as\u00ed una presencia en l\u00ednea perfecta y armoniosa. Adem\u00e1s, la inclusi\u00f3n de un sistema de reserva de citas innovador y f\u00e1cil de usar optimiza sin problemas el proceso de programaci\u00f3n y organizaci\u00f3n de reuniones con clientes, facilitando as\u00ed la gesti\u00f3n del tiempo \u00f3ptima y la eficiencia organizacional. Adem\u00e1s de estas caracter\u00edsticas extraordinarias, ConsultPress tambi\u00e9n ofrece una gran cantidad de p\u00e1ginas predise\u00f1adas profesionalmente curadas, incluida una p\u00e1gina de servicios integrales y una p\u00e1gina de equipo en profundidad, acelerando as\u00ed el proceso de establecer su presencia en l\u00ednea al proporcionarle una base s\u00f3lida sobre que construir. Armado con la versatilidad incomparable y el potencial ilimitado de ConsultPress, posee los medios para cultivar una representaci\u00f3n digital excepcionalmente pulida e impactante de su estimado negocio de consultor\u00eda.<\/p>\n<ul>\n<li>Dise\u00f1o profesional y moderno<\/li>\n<li>Dise\u00f1o totalmente receptivo<\/li>\n<li>Encabezado y pie de p\u00e1gina personalizable<\/li>\n<li>Opciones de dise\u00f1o de m\u00faltiples p\u00e1ginas de inicio y blog<\/li>\n<li>Se integra a la perfecci\u00f3n con complementos populares como WooCommerce y el Formulario de contacto 7<\/li>\n<li>Constructor de p\u00e1gina de arrastrar y soltar f\u00e1ciles de usar<\/li>\n<li>Amplia variedad de p\u00e1ginas y plantillas predise\u00f1adas<\/li>\n<li>Panel de opciones de temas avanzados para una f\u00e1cil personalizaci\u00f3n<\/li>\n<li>Admite varios idiomas con los archivos listos para la traducci\u00f3n incluidos<\/li>\n<li>SEO optimizado para una mejor clasificaci\u00f3n de motores de b\u00fasqueda<\/li>\n<li>Rendimiento r\u00e1pido y eficiente para mejorar la experiencia del usuario.<\/li>\n<\/ul>\n","protected":false},"excerpt":{"rendered":"<p>Experimente lo \u00faltimo en la flexibilidad del dise\u00f1o del sitio web con el tema ConsultPress WordPress. Perfecto para consultores y negocios de todos los tama\u00f1os, este tema vers\u00e1til viene con una variedad de caracter\u00edsticas personalizables. Disfrute de la facilidad de un constructor de p\u00e1ginas de arrastrar y soltar, m\u00faltiples opciones de dise\u00f1o y un dise\u00f1o receptivo que garantiza que su sitio web se vea fant\u00e1stico en cualquier dispositivo. Aumente su presencia en l\u00ednea con una estructura amigable con SEO y mantenga a los visitantes comprometidos con controles deslizantes y galer\u00edas interactivos. Este tema tambi\u00e9n incluye una variedad de complementos premium, que ofrece funcionalidad adicional sin costo adicional. Descubra la artesan\u00eda de alta calidad del tema Consultpress WordPress, donde el estilo cumple con la funcionalidad para una presencia web realmente impresionante.<\/p>\n","protected":false},"featured_media":165655,"comment_status":"open","ping_status":"open","template":"","meta":[],"product_brand":[2348],"product_cat":[1307,1237,1238],"product_tag":[2257],"class_list":{"0":"post-125243","1":"product","2":"type-product","3":"status-publish","4":"has-post-thumbnail","6":"product_brand-proteus","7":"product_cat-negocio-wordpress-temas","8":"product_cat-temas","9":"product_cat-wordpress-temas","10":"product_tag-proteus","11":"member-discount","12":"discount-restricted","14":"first","15":"instock","16":"sale","17":"downloadable","18":"virtual","19":"sold-individually","20":"purchasable","21":"product-type-simple"},"_links":{"self":[{"href":"https:\/\/gpl-love.com\/es\/wp-json\/wp\/v2\/product\/125243","targetHints":{"allow":["GET"]}}],"collection":[{"href":"https:\/\/gpl-love.com\/es\/wp-json\/wp\/v2\/product"}],"about":[{"href":"https:\/\/gpl-love.com\/es\/wp-json\/wp\/v2\/types\/product"}],"replies":[{"embeddable":true,"href":"https:\/\/gpl-love.com\/es\/wp-json\/wp\/v2\/comments?post=125243"}],"wp:featuredmedia":[{"embeddable":true,"href":"https:\/\/gpl-love.com\/es\/wp-json\/wp\/v2\/media\/165655"}],"wp:attachment":[{"href":"https:\/\/gpl-love.com\/es\/wp-json\/wp\/v2\/media?parent=125243"}],"wp:term":[{"taxonomy":"product_brand","embeddable":true,"href":"https:\/\/gpl-love.com\/es\/wp-json\/wp\/v2\/product_brand?post=125243"},{"taxonomy":"product_cat","embeddable":true,"href":"https:\/\/gpl-love.com\/es\/wp-json\/wp\/v2\/product_cat?post=125243"},{"taxonomy":"product_tag","embeddable":true,"href":"https:\/\/gpl-love.com\/es\/wp-json\/wp\/v2\/product_tag?post=125243"}],"curies":[{"name":"wp","href":"https:\/\/api.w.org\/{rel}","templated":true}]}}