{"id":125241,"date":"2025-04-18T00:00:00","date_gmt":"2025-04-18T05:00:00","guid":{"rendered":"https:\/\/gpl-love.com\/es\/producto\/medicpress-wordpress-theme\/"},"modified":"2026-03-13T17:24:20","modified_gmt":"2026-03-13T22:24:20","slug":"medicpress-wordpress-theme","status":"publish","type":"product","link":"https:\/\/gpl-love.com\/es\/producto\/medicpress-wordpress-theme\/","title":{"rendered":"MedicPress WordPress Theme 2.2.0"},"content":{"rendered":"<h3>MedicPress WordPress Theme Caracteristicas<\/h3>\n<p>El tema de MedicPress WordPress, que ha sido meticulosamente elaborado, es un tema premium que se ha adaptado exclusivamente para satisfacer las necesidades de los profesionales m\u00e9dicos y de salud. Con su dise\u00f1o de vanguardia e inmaculado, este tema proporciona una plataforma ideal para exhibir de manera efectiva sus servicios m\u00e9dicos, m\u00e9dicos estimados y una mir\u00edada de otras instalaciones m\u00e9dicas. Adem\u00e1s, este notable tema ofrece un alto grado de personalizaci\u00f3n, lo que le permite a la moda sin esfuerzo un sitio web que sea realmente distinto y \u00fanico a trav\u00e9s de la utilizaci\u00f3n de su constructor de p\u00e1ginas de arrastrar y soltar f\u00e1cilmente de usar. Adem\u00e1s, vale la pena se\u00f1alar que MedicPress est\u00e1 dotado de una capacidad de respuesta completa, lo que garantiza que su sitio web exude excelencia en todos los dispositivos y plataformas. Adem\u00e1s de estas caracter\u00edsticas sobresalientes, este tema tambi\u00e9n cuenta con una amplia gama de caracter\u00edsticas poderosas, incluidas, entre otros, la reserva de citas y la gesti\u00f3n del personal. Para aumentar a\u00fan m\u00e1s su atractivo, se ha optimizado meticulosamente para los motores de b\u00fasqueda, asegurando que su sitio web alcance una clasificaci\u00f3n encomiable. En esencia, si est\u00e1 en busca de crear un sitio web m\u00e9dico que personifique la profesionalidad, la modernidad y la potencia, el tema de WordPress de Medicpress, sin duda, surge como la elecci\u00f3n por excelencia.<\/p>\n<ul>\n<li>Dise\u00f1o elegante y moderno perfecto para sitios web m\u00e9dicos y de salud<\/li>\n<li>Dise\u00f1o totalmente receptivo y amigable para m\u00f3viles para una visualizaci\u00f3n \u00f3ptima en todos los dispositivos<\/li>\n<li>Opciones de personalizaci\u00f3n intuitivas y f\u00e1ciles de usar para una f\u00e1cil personalizaci\u00f3n de su sitio<\/li>\n<li>Integraci\u00f3n con complementos populares que incluyen WooCommerce, Formulario de contacto 7 y WPML<\/li>\n<li>Sistema de reserva de citas adaptable y personalizable para la comodidad del paciente<\/li>\n<li>Documentaci\u00f3n completa y atenci\u00f3n al cliente para un proceso de configuraci\u00f3n sin estr\u00e9s y sin problemas<\/li>\n<li>Dise\u00f1ado con la optimizaci\u00f3n de SEO en mente para mejorar las clasificaciones de b\u00fasqueda de su sitio web<\/li>\n<li>Plantillas de p\u00e1gina incorporadas para una f\u00e1cil creaci\u00f3n de p\u00e1gina de inicio, servicios, sobre nosotros y m\u00e1s<\/li>\n<li>Compatible con navegadores web populares que incluyen Chrome, Firefox y Safari<\/li>\n<li>Actualizaciones regulares y correcciones de errores para garantizar un rendimiento \u00f3ptimo con el tiempo.<\/li>\n<\/ul>\n","protected":false},"excerpt":{"rendered":"<p>El tema MedicPress WordPress, un tema de salud notablemente pulido y sofisticado meticulosamente elaborado para atender pr\u00e1cticas m\u00e9dicas, cl\u00ednicas, hospitales y varias empresas relacionadas con la m\u00e9dica, demuestra ser una elecci\u00f3n ejemplar. Con un dise\u00f1o inmaculado y contempor\u00e1neo, este tema se adapta sin esfuerzo a todos los dispositivos, asegurando una experiencia de usuario perfecta e impecable en todos los \u00e1mbitos. Adem\u00e1s, el tema abarca una variedad de amplias opciones de personalizaci\u00f3n, que van desde diversos dise\u00f1os de p\u00e1gina de inicio hasta widgets personalizados y esquemas de color ilimitados, lo que lo permite adaptarlo a sus preferencias y requisitos exactas. Adem\u00e1s, las caracter\u00edsticas notables, como la funcionalidad de reserva de citas, los formularios de registro del paciente y los perfiles del personal, elevan a\u00fan m\u00e1s el tema de MedicPress WordPress como una soluci\u00f3n inigualable para cualquier proveedor de atenci\u00f3n m\u00e9dica con el objetivo de establecer una presencia formidable en l\u00ednea.<\/p>\n","protected":false},"featured_media":166727,"comment_status":"open","ping_status":"open","template":"","meta":[],"product_brand":[2348],"product_cat":[1267,1237,1238],"product_tag":[2257],"class_list":{"0":"post-125241","1":"product","2":"type-product","3":"status-publish","4":"has-post-thumbnail","6":"product_brand-proteus","7":"product_cat-creativo","8":"product_cat-temas","9":"product_cat-wordpress-temas","10":"product_tag-proteus","11":"member-discount","12":"discount-restricted","14":"first","15":"instock","16":"sale","17":"downloadable","18":"virtual","19":"sold-individually","20":"purchasable","21":"product-type-simple"},"_links":{"self":[{"href":"https:\/\/gpl-love.com\/es\/wp-json\/wp\/v2\/product\/125241","targetHints":{"allow":["GET"]}}],"collection":[{"href":"https:\/\/gpl-love.com\/es\/wp-json\/wp\/v2\/product"}],"about":[{"href":"https:\/\/gpl-love.com\/es\/wp-json\/wp\/v2\/types\/product"}],"replies":[{"embeddable":true,"href":"https:\/\/gpl-love.com\/es\/wp-json\/wp\/v2\/comments?post=125241"}],"wp:featuredmedia":[{"embeddable":true,"href":"https:\/\/gpl-love.com\/es\/wp-json\/wp\/v2\/media\/166727"}],"wp:attachment":[{"href":"https:\/\/gpl-love.com\/es\/wp-json\/wp\/v2\/media?parent=125241"}],"wp:term":[{"taxonomy":"product_brand","embeddable":true,"href":"https:\/\/gpl-love.com\/es\/wp-json\/wp\/v2\/product_brand?post=125241"},{"taxonomy":"product_cat","embeddable":true,"href":"https:\/\/gpl-love.com\/es\/wp-json\/wp\/v2\/product_cat?post=125241"},{"taxonomy":"product_tag","embeddable":true,"href":"https:\/\/gpl-love.com\/es\/wp-json\/wp\/v2\/product_tag?post=125241"}],"curies":[{"name":"wp","href":"https:\/\/api.w.org\/{rel}","templated":true}]}}