{"id":125218,"date":"2025-04-18T00:00:00","date_gmt":"2025-04-18T05:00:00","guid":{"rendered":"https:\/\/gpl-love.com\/es\/producto\/gympress-wordpress-theme\/"},"modified":"2026-03-13T17:22:00","modified_gmt":"2026-03-13T22:22:00","slug":"gympress-wordpress-theme","status":"publish","type":"product","link":"https:\/\/gpl-love.com\/es\/producto\/gympress-wordpress-theme\/","title":{"rendered":"GymPress WordPress Theme 2.2.0"},"content":{"rendered":"<h3>GymPress WordPress Theme Caracteristicas<\/h3>\n<p>El tema de WordPress de Gympress ha sido meticulosamente elaborado para satisfacer las necesidades espec\u00edficas de los sitios web relacionados con el gimnasio y el estado f\u00edsico. Este tema excepcional cuenta con una variedad de opciones altamente personalizables que capacitan a los usuarios para crear un sitio web sin esfuerzo que irradia profesionalismo y encanto visual. Entre sus caracter\u00edsticas notables se encuentran la inclusi\u00f3n de un control deslizante de p\u00e1gina de inicio cautivador, dise\u00f1os de m\u00faltiples p\u00e1ginas para elegir y una variedad de widgets personalizables. Adem\u00e1s, el dise\u00f1o receptivo del tema garantiza que el sitio web exude la magnificencia en todos los dispositivos, independientemente de sus tama\u00f1os de pantalla.<\/p>\n<p>Las inclusiones notables dentro del tema de WordPress de Gympress son las diversas plantillas de p\u00e1gina, que incluyen el horario de clases y las p\u00e1ginas de perfil de entrenador. Estas plantillas demuestran ser incre\u00edblemente ventajosas para los propietarios de gimnasios, ya que proporcionan un sistema perfecto para administrar y organizar de manera efectiva los horarios de clases y los perfiles de personal con la m\u00e1xima facilidad. Adem\u00e1s, la naturaleza amigable para el SEO del tema sin duda mejora la visibilidad del sitio web en los motores de b\u00fasqueda, amplificando as\u00ed su presencia en l\u00ednea. Como si esto no fuera suficiente, Gympress se integra sin esfuerzo con varios complementos bien considerados, como WooCommerce y Contact Form 7, inculcando una sensaci\u00f3n de conveniencia y versatilidad a la experiencia general de construcci\u00f3n del sitio web.<\/p>\n<p>En esencia, Gympress emerge como el ep\u00edtome de la excelencia para los entusiastas del gimnasio y el fitness que buscan dise\u00f1ar un sitio web de vanguardia y altamente funcional. Con su enfoque modernista y un extenso repertorio de caracter\u00edsticas, este tema es, sin duda, la opci\u00f3n para aquellos que desean manifestar su pasi\u00f3n por la aptitud f\u00edsica de una manera visualmente cautivadora y tecnol\u00f3gicamente experta.<\/p>\n<ul>\n<li>Tema de WordPress dise\u00f1ado profesionalmente espec\u00edficamente para sitios web de fitness y gimnasios<\/li>\n<li>Dise\u00f1o para dispositivos m\u00f3viles y totalmente receptivos para una visualizaci\u00f3n \u00f3ptima en todos los dispositivos<\/li>\n<li>Caracter\u00edsticas incluidas como horarios de clases, BIOS de entrenadores y testimonios de clientes<\/li>\n<li>F\u00e1cilmente personalizable con el personalizador de WordPress incorporado y el creador de p\u00e1ginas de arrastrar y soltar<\/li>\n<li>Integraci\u00f3n con complementos de acondicionamiento f\u00edsico populares como WooCommerce y Formularios de gravedad<\/li>\n<li>Opci\u00f3n para vender membres\u00edas de gimnasia y productos de acondicionamiento f\u00edsico directamente en el sitio web<\/li>\n<li>SEO amigable con la codificaci\u00f3n limpia y optimizado para la velocidad de carga r\u00e1pida<\/li>\n<li>Actualizaciones peri\u00f3dicas y acceso a atenci\u00f3n al cliente para asistencia con cualquier problema relacionado con el tema<\/li>\n<li>Adecuado para gimnasios, entrenadores personales, centros de fitness y cualquier tipo de negocio relacionado con la condici\u00f3n f\u00edsica.<\/li>\n<\/ul>\n","protected":false},"excerpt":{"rendered":"<p>El tema de WordPress de Gympress, un tema innovador y altamente adaptable adaptado para satisfacer las necesidades de los gimnasios, los centros de fitness y los clubes de salud, cuenta con un dise\u00f1o de vanguardia y receptivo. Este tema muestra una interfaz pr\u00edstina y f\u00e1cil de usar, que ofrece una variedad de esquemas de color personalizables para satisfacer las preferencias individuales. Adem\u00e1s, la p\u00e1gina de inicio totalmente personalizable del tema de WordPress de Gympress abarca varios segmentos, incluidos, entre otros, la presentaci\u00f3n de clases, entrenadores y testimonios, entre otros aspectos cautivadores. En particular, este tema tambi\u00e9n incorpora la funcionalidad incorporada para programar las clases y las citas sin esfuerzo, integr\u00e1ndose sin problemas con las aplicaciones populares de seguimiento de fitness para mejorar la experiencia general. Adem\u00e1s, el tema Gympress WordPress garantiza una visibilidad \u00f3ptima en l\u00ednea a trav\u00e9s de su c\u00f3digo de optimizaci\u00f3n de motores de b\u00fasqueda y tiempo de carga r\u00e1pida, facilitando as\u00ed la participaci\u00f3n efectiva del cliente. \u00a1No pierda tiempo y se embarte en el magn\u00edfico viaje de establecer el sitio web de su gimnasio aprovechando el poder de Gympress hoy!<\/p>\n","protected":false},"featured_media":166402,"comment_status":"open","ping_status":"open","template":"","meta":[],"product_brand":[2348],"product_cat":[1307,1237,1238],"product_tag":[2257],"class_list":{"0":"post-125218","1":"product","2":"type-product","3":"status-publish","4":"has-post-thumbnail","6":"product_brand-proteus","7":"product_cat-negocio-wordpress-temas","8":"product_cat-temas","9":"product_cat-wordpress-temas","10":"product_tag-proteus","11":"member-discount","12":"discount-restricted","14":"first","15":"instock","16":"sale","17":"downloadable","18":"virtual","19":"sold-individually","20":"purchasable","21":"product-type-simple"},"_links":{"self":[{"href":"https:\/\/gpl-love.com\/es\/wp-json\/wp\/v2\/product\/125218","targetHints":{"allow":["GET"]}}],"collection":[{"href":"https:\/\/gpl-love.com\/es\/wp-json\/wp\/v2\/product"}],"about":[{"href":"https:\/\/gpl-love.com\/es\/wp-json\/wp\/v2\/types\/product"}],"replies":[{"embeddable":true,"href":"https:\/\/gpl-love.com\/es\/wp-json\/wp\/v2\/comments?post=125218"}],"wp:featuredmedia":[{"embeddable":true,"href":"https:\/\/gpl-love.com\/es\/wp-json\/wp\/v2\/media\/166402"}],"wp:attachment":[{"href":"https:\/\/gpl-love.com\/es\/wp-json\/wp\/v2\/media?parent=125218"}],"wp:term":[{"taxonomy":"product_brand","embeddable":true,"href":"https:\/\/gpl-love.com\/es\/wp-json\/wp\/v2\/product_brand?post=125218"},{"taxonomy":"product_cat","embeddable":true,"href":"https:\/\/gpl-love.com\/es\/wp-json\/wp\/v2\/product_cat?post=125218"},{"taxonomy":"product_tag","embeddable":true,"href":"https:\/\/gpl-love.com\/es\/wp-json\/wp\/v2\/product_tag?post=125218"}],"curies":[{"name":"wp","href":"https:\/\/api.w.org\/{rel}","templated":true}]}}