{"id":125216,"date":"2024-12-14T00:00:00","date_gmt":"2024-12-14T05:00:00","guid":{"rendered":"https:\/\/gpl-love.com\/es\/producto\/growthpress-marketing-y-seo-wordpress-theme\/"},"modified":"2026-03-13T17:21:56","modified_gmt":"2026-03-13T22:21:56","slug":"growthpress-marketing-y-seo-wordpress-theme","status":"publish","type":"product","link":"https:\/\/gpl-love.com\/es\/producto\/growthpress-marketing-y-seo-wordpress-theme\/","title":{"rendered":"GrowthPress Marketing y SEO WordPress Theme 2.1.1"},"content":{"rendered":"<h3>GrowthPress Marketing y SEO WordPress Theme Caracteristicas<\/h3>\n<p>El tema de WordPress de marketing y SEO de GrowthPress demuestra ser la mejor soluci\u00f3n para las empresas que buscan establecer una presencia en l\u00ednea robusta y dejar un impacto duradero. Este tema ofrece una extensa gama de caracter\u00edsticas que satisfacen las diversas necesidades de las empresas. Desde plantillas personalizables hasta herramientas avanzadas de optimizaci\u00f3n de SEO y una integraci\u00f3n perfecta de las redes sociales, GrowthPress garantiza que su sitio web no solo capte la atenci\u00f3n con su dise\u00f1o visualmente atractivo, sino que tambi\u00e9n se destaca en impulsar el tr\u00e1fico y amplificar las conversiones. Adem\u00e1s, con su interfaz intuitiva f\u00e1cil de usar y su documentaci\u00f3n integral, GrowthPress hace que el proceso de configuraci\u00f3n y personalizaci\u00f3n sea muy f\u00e1cil, sin esfuerzo para cumplir con sus requisitos espec\u00edficos. Sin lugar a dudas, GrowlyPress se destaca como la opci\u00f3n ideal para las empresas que est\u00e1n preparadas para elevar sus esfuerzos de marketing en l\u00ednea a alturas sin precedentes.<\/p>\n<ul>\n<li>Tema de WordPress multiprop\u00f3sito y receptivo dise\u00f1ado para marketing efectivo y SEO<\/li>\n<li>Dise\u00f1o elegante y profesional con dise\u00f1os personalizables y esquemas de color<\/li>\n<li>Herramientas y caracter\u00edsticas incorporadas para optimizar el contenido para la clasificaci\u00f3n de los motores de b\u00fasqueda<\/li>\n<li>Estructura amigable para SEO, que incluye c\u00f3digo limpio y capacidad de respuesta m\u00f3vil, para mejorar la visibilidad<\/li>\n<li>Integraci\u00f3n con herramientas de marketing populares, como MailChimp y Google Analytics, para la gesti\u00f3n de campa\u00f1as sin problemas<\/li>\n<li>M\u00faltiples plantillas de demostraci\u00f3n prefabricadas disponibles para un lanzamiento r\u00e1pido y f\u00e1cil<\/li>\n<li>Constructor de p\u00e1gina de arrastrar y soltar para personalizaci\u00f3n simple sin habilidades de codificaci\u00f3n<\/li>\n<li>Actualizaciones y soporte regulares de un equipo dedicado de desarrolladores<\/li>\n<li>Documentaci\u00f3n extensa y tutoriales para guiar a los usuarios a trav\u00e9s de la configuraci\u00f3n y la personalizaci\u00f3n<\/li>\n<li>Compatible con complementos y caracter\u00edsticas populares, incluido WooCommerce para la funcionalidad de comercio electr\u00f3nico.<\/li>\n<\/ul>\n","protected":false},"excerpt":{"rendered":"<p>GrowthPress, un tema excepcional de marketing y SEO WordPress, ha sido meticulosamente elaborado para magnificar su huella digital con la m\u00e1xima eficacia. Su dise\u00f1o exquisitamente dise\u00f1ado sirve como una plataforma ideal para las empresas que buscan anunciar sus ofertas y convertir a simples visitantes en clientes leales. Equipado con un repertorio robusto de SEO y herramientas de marketing, este tema le permite forjar sitios web impresionantes que superan sin esfuerzo la competencia. Con opciones de personalizaci\u00f3n f\u00e1cil de usar, velocidades de carga de la p\u00e1gina de rayo y una experiencia de usuario incomparable, GrowthPress est\u00e1 preparado para cautivar y retener a sus estimados visitantes. Emb\u00e1rcase hoy en su viaje de expansi\u00f3n comercial en l\u00ednea aprovechando el poder de GrowthPress.<\/p>\n","protected":false},"featured_media":166397,"comment_status":"open","ping_status":"open","template":"","meta":[],"product_brand":[2348],"product_cat":[1267,1237,1238],"product_tag":[2257],"class_list":{"0":"post-125216","1":"product","2":"type-product","3":"status-publish","4":"has-post-thumbnail","6":"product_brand-proteus","7":"product_cat-creativo","8":"product_cat-temas","9":"product_cat-wordpress-temas","10":"product_tag-proteus","11":"member-discount","12":"discount-restricted","14":"first","15":"instock","16":"sale","17":"downloadable","18":"virtual","19":"sold-individually","20":"purchasable","21":"product-type-simple"},"_links":{"self":[{"href":"https:\/\/gpl-love.com\/es\/wp-json\/wp\/v2\/product\/125216","targetHints":{"allow":["GET"]}}],"collection":[{"href":"https:\/\/gpl-love.com\/es\/wp-json\/wp\/v2\/product"}],"about":[{"href":"https:\/\/gpl-love.com\/es\/wp-json\/wp\/v2\/types\/product"}],"replies":[{"embeddable":true,"href":"https:\/\/gpl-love.com\/es\/wp-json\/wp\/v2\/comments?post=125216"}],"wp:featuredmedia":[{"embeddable":true,"href":"https:\/\/gpl-love.com\/es\/wp-json\/wp\/v2\/media\/166397"}],"wp:attachment":[{"href":"https:\/\/gpl-love.com\/es\/wp-json\/wp\/v2\/media?parent=125216"}],"wp:term":[{"taxonomy":"product_brand","embeddable":true,"href":"https:\/\/gpl-love.com\/es\/wp-json\/wp\/v2\/product_brand?post=125216"},{"taxonomy":"product_cat","embeddable":true,"href":"https:\/\/gpl-love.com\/es\/wp-json\/wp\/v2\/product_cat?post=125216"},{"taxonomy":"product_tag","embeddable":true,"href":"https:\/\/gpl-love.com\/es\/wp-json\/wp\/v2\/product_tag?post=125216"}],"curies":[{"name":"wp","href":"https:\/\/api.w.org\/{rel}","templated":true}]}}