{"id":125215,"date":"2025-05-06T00:00:00","date_gmt":"2025-05-06T05:00:00","guid":{"rendered":"https:\/\/gpl-love.com\/es\/producto\/auto-wordpress-theme\/"},"modified":"2026-03-13T17:16:07","modified_gmt":"2026-03-13T22:16:07","slug":"auto-wordpress-theme","status":"publish","type":"product","link":"https:\/\/gpl-love.com\/es\/producto\/auto-wordpress-theme\/","title":{"rendered":"Auto WordPress Theme 2.2.2"},"content":{"rendered":"<h3>Auto WordPress Theme Caracteristicas<\/h3>\n<p>El tema de Auto WordPress es una opci\u00f3n excepcional para las personas que buscan dise\u00f1ar un sitio web automotriz sofisticado y visualmente cautivador, con una interfaz notable f\u00e1cil de usar. En particular, su dise\u00f1o receptivo garantiza una pantalla impecable en varios dispositivos, aumentado a\u00fan m\u00e1s por una gran cantidad de caracter\u00edsticas, que abarca colores y fuentes personalizables, una variedad de plantillas de p\u00e1gina, as\u00ed como complementos influyentes como Visual Composer y Revolution Slider. Con el tema de Auto WordPress a disposici\u00f3n de uno, a los usuarios se les otorga la oportunidad perfecta de hacer alarde de su extenso inventario, resaltar sus servicios excepcionales y presentar con orgullo testimonios de los clientes, lo que hace que la preferencia final por los concesionarios de autom\u00f3viles, la mec\u00e1nica o cualquier profesional afiliado que anhele establecer Una notable presencia en l\u00ednea dentro de la amplia industria automotriz.<\/p>\n<ul>\n<li>Dise\u00f1o elegante y moderno con opciones personalizables para adaptarse a cualquier marca o negocio<\/li>\n<li>Caracter\u00edsticas incorporadas como integraci\u00f3n de redes sociales, formularios de contacto y capacidades de comercio electr\u00f3nico<\/li>\n<li>Optimizaci\u00f3n de SEO para mejorar la visibilidad del motor de b\u00fasqueda y el tr\u00e1fico<\/li>\n<li>M\u00f3vil que responde para una visualizaci\u00f3n sin problemas en todos los dispositivos<\/li>\n<li>F\u00e1cil de usar y navegar tanto para el propietario del sitio web como para los visitantes<\/li>\n<li>Actualizaciones y soporte regulares para la optimizaci\u00f3n y funcionalidad continuas<\/li>\n<li>Integraci\u00f3n con complementos populares de WordPress para mayor personalizaci\u00f3n y funcionalidad<\/li>\n<li>Compatible con las \u00faltimas versiones y est\u00e1ndares de WordPress para la seguridad y el rendimiento<\/li>\n<li>Acceso a una comunidad \u00fatil y de apoyo de usuarios y desarrolladores.<\/li>\n<\/ul>\n","protected":false},"excerpt":{"rendered":"<p>Actualice su sitio web de negocios con el tema autom\u00e1tico de WordPress: perfecto para concesionarios de autom\u00f3viles, mec\u00e1nicos y profesionales de la industria automotriz por igual. Disfrute de la compatibilidad perfecta del tema con WordPress, lo que facilita la instalaci\u00f3n y configuraci\u00f3n. El tema Auto WordPress presenta un dise\u00f1o limpio y receptivo que garantiza un rendimiento \u00f3ptimo en todos los dispositivos. Con sus opciones de personalizaci\u00f3n intuitivas, puede ajustar f\u00e1cilmente el dise\u00f1o y el esquema de color para que coincida con la est\u00e9tica de su marca. Adem\u00e1s, el tema viene con herramientas de SEO incorporadas para una mejor visibilidad en l\u00ednea e integraci\u00f3n de WooCommerce para transacciones en l\u00ednea sin esfuerzo. Este tema est\u00e1 dise\u00f1ado para darle a su negocio automotriz una presencia profesional en l\u00ednea, mejorar la participaci\u00f3n del cliente y aumentar las ventas. Experimente la conveniencia y la eficiencia del tema Auto WordPress hoy.<\/p>\n","protected":false},"featured_media":165412,"comment_status":"open","ping_status":"open","template":"","meta":[],"product_brand":[2348],"product_cat":[1307,1237,1238],"product_tag":[2257],"class_list":{"0":"post-125215","1":"product","2":"type-product","3":"status-publish","4":"has-post-thumbnail","6":"product_brand-proteus","7":"product_cat-negocio-wordpress-temas","8":"product_cat-temas","9":"product_cat-wordpress-temas","10":"product_tag-proteus","11":"member-discount","12":"discount-restricted","14":"first","15":"instock","16":"sale","17":"downloadable","18":"virtual","19":"sold-individually","20":"purchasable","21":"product-type-simple"},"_links":{"self":[{"href":"https:\/\/gpl-love.com\/es\/wp-json\/wp\/v2\/product\/125215","targetHints":{"allow":["GET"]}}],"collection":[{"href":"https:\/\/gpl-love.com\/es\/wp-json\/wp\/v2\/product"}],"about":[{"href":"https:\/\/gpl-love.com\/es\/wp-json\/wp\/v2\/types\/product"}],"replies":[{"embeddable":true,"href":"https:\/\/gpl-love.com\/es\/wp-json\/wp\/v2\/comments?post=125215"}],"wp:featuredmedia":[{"embeddable":true,"href":"https:\/\/gpl-love.com\/es\/wp-json\/wp\/v2\/media\/165412"}],"wp:attachment":[{"href":"https:\/\/gpl-love.com\/es\/wp-json\/wp\/v2\/media?parent=125215"}],"wp:term":[{"taxonomy":"product_brand","embeddable":true,"href":"https:\/\/gpl-love.com\/es\/wp-json\/wp\/v2\/product_brand?post=125215"},{"taxonomy":"product_cat","embeddable":true,"href":"https:\/\/gpl-love.com\/es\/wp-json\/wp\/v2\/product_cat?post=125215"},{"taxonomy":"product_tag","embeddable":true,"href":"https:\/\/gpl-love.com\/es\/wp-json\/wp\/v2\/product_tag?post=125215"}],"curies":[{"name":"wp","href":"https:\/\/api.w.org\/{rel}","templated":true}]}}