{"id":125213,"date":"2025-04-18T00:00:00","date_gmt":"2025-04-18T05:00:00","guid":{"rendered":"https:\/\/gpl-love.com\/es\/producto\/beauty-wordpress-theme\/"},"modified":"2026-03-13T17:16:25","modified_gmt":"2026-03-13T22:16:25","slug":"beauty-wordpress-theme","status":"publish","type":"product","link":"https:\/\/gpl-love.com\/es\/producto\/beauty-wordpress-theme\/","title":{"rendered":"Beauty WordPress Theme 1.8.0"},"content":{"rendered":"<h3>Beauty WordPress Theme Caracteristicas<\/h3>\n<p>El tema de Beauty WordPress, un tema caracterizado por su dise\u00f1o elegante y elegante, ha sido creado espec\u00edficamente para atender sitios web de belleza y bienestar. La verdadera belleza de este tema se encuentra en su dise\u00f1o totalmente receptivo, asegurando que se adapte sin problemas y parece visualmente agradable en cualquier dispositivo, ya sea una computadora de escritorio, tableta o tel\u00e9fono inteligente. Adem\u00e1s, sus opciones altamente personalizables le brindan la libertad creativa para elaborar un sitio web con una apariencia distinta e individualista que captura sin esfuerzo su visi\u00f3n \u00fanica.<\/p>\n<p>Este tema cuenta con una impresionante variedad de caracter\u00edsticas, que incluyen un control deslizante, cartera y dise\u00f1os de blog que est\u00e1n dise\u00f1ados para mostrar efectivamente su trabajo y contenido. Al utilizar estos dise\u00f1os a su m\u00e1ximo potencial, puede cautivar e involucrar sin esfuerzo a su audiencia, dejando una impresi\u00f3n duradera. Adem\u00e1s, el tema de Beauty WordPress est\u00e1 equipado con una variedad de widgets personalizados, como \u00edconos de redes sociales y un formulario de suscripci\u00f3n de boletines, que demuestran ser herramientas invaluables para construir y fomentar conexiones con su audiencia. A trav\u00e9s de la integraci\u00f3n de estos widgets, puede cultivar efectivamente un sentido de comunidad e interactuar activamente con sus lectores, seguidores y clientes potenciales por igual.<\/p>\n<p>Independientemente de si se identifica como un blogger de belleza, propietario de spa o maquillador, el tema de Beauty WordPress sirve como la elecci\u00f3n por excelencia para la creaci\u00f3n de un sitio web verdaderamente notable y de dise\u00f1o profesional. Al optar por utilizar este tema, est\u00e1 tomando una decisi\u00f3n consciente de embarcarse en un viaje digital que es visualmente impresionante, funcionalmente perfecto e innegablemente cautivador. \u00bfEntonces, Qu\u00e9 esperas? \u00a1Da el salto y deja que el tema de Beauty WordPress te gu\u00ede hacia la creaci\u00f3n de un sitio web que es extraordinario!<\/p>\n<ul>\n<li>Un dise\u00f1o elegante y moderno perfecto para bloggers y negocios de belleza<\/li>\n<li>Totalmente personalizable con m\u00faltiples opciones de dise\u00f1o y esquemas de color<\/li>\n<li>Integraci\u00f3n incorporada de Instagram para exhibir sus \u00faltimas publicaciones y aumentar sus redes sociales siguiendo<\/li>\n<li>El dise\u00f1o receptivo garantiza que su sitio web se vea muy bien en cualquier dispositivo<\/li>\n<li>Constructor de p\u00e1gina f\u00e1cil de usar con funcionalidad de arrastrar y soltar para personalizar sus p\u00e1ginas<\/li>\n<li>Compatibilidad de WooCommerce para vender productos o servicios directamente desde su sitio web<\/li>\n<li>SEO optimizado para ayudar a su sitio web a clasificar m\u00e1s alto en los resultados del motor de b\u00fasqueda<\/li>\n<li>Compatible con complementos populares como Yoast SEO y el Formulario de contacto 7<\/li>\n<li>Actualizado regularmente con nuevas caracter\u00edsticas y funcionalidad para mantener su sitio web actualizado y moderno<\/li>\n<li>Documentaci\u00f3n integral y equipo de apoyo dedicado para ayudarlo en cada paso del camino.<\/li>\n<\/ul>\n","protected":false},"excerpt":{"rendered":"<p>Presentando nuestro tema de WordPress de belleza intrincadamente dise\u00f1ado, una verdadera joya para bloggers de belleza, due\u00f1os de salones y entusiastas del bienestar por igual. Este tema es una combinaci\u00f3n perfecta de elegancia y funcionalidad, que ofrece una plataforma altamente personalizable para mostrar sus servicios o productos. El dise\u00f1o receptivo garantiza que su sitio se vea impresionante en cualquier dispositivo, ofreciendo una experiencia de usuario perfecta. El tema de Beauty WordPress est\u00e1 lleno de caracter\u00edsticas como un sistema de reserva de citas f\u00e1cil de usar, galer\u00edas de fotos para mostrar su trabajo y una secci\u00f3n de blog para compartir ideas o consejos de belleza de la industria. Tambi\u00e9n cuenta con una codificaci\u00f3n amigable para SEO, asegurando que su sitio se ubique bien en los motores de b\u00fasqueda. Para colmo, ofrecemos atenci\u00f3n al cliente dedicada para ayudarlo a aprovechar al m\u00e1ximo su tema. Dale a tu aventura de belleza la presencia en l\u00ednea que merece con nuestro tema de WordPress de belleza.<\/p>\n","protected":false},"featured_media":165461,"comment_status":"open","ping_status":"open","template":"","meta":[],"product_brand":[2348],"product_cat":[1267,1237,1238],"product_tag":[2257],"class_list":{"0":"post-125213","1":"product","2":"type-product","3":"status-publish","4":"has-post-thumbnail","6":"product_brand-proteus","7":"product_cat-creativo","8":"product_cat-temas","9":"product_cat-wordpress-temas","10":"product_tag-proteus","11":"member-discount","12":"discount-restricted","14":"first","15":"instock","16":"sale","17":"downloadable","18":"virtual","19":"sold-individually","20":"purchasable","21":"product-type-simple"},"_links":{"self":[{"href":"https:\/\/gpl-love.com\/es\/wp-json\/wp\/v2\/product\/125213","targetHints":{"allow":["GET"]}}],"collection":[{"href":"https:\/\/gpl-love.com\/es\/wp-json\/wp\/v2\/product"}],"about":[{"href":"https:\/\/gpl-love.com\/es\/wp-json\/wp\/v2\/types\/product"}],"replies":[{"embeddable":true,"href":"https:\/\/gpl-love.com\/es\/wp-json\/wp\/v2\/comments?post=125213"}],"wp:featuredmedia":[{"embeddable":true,"href":"https:\/\/gpl-love.com\/es\/wp-json\/wp\/v2\/media\/165461"}],"wp:attachment":[{"href":"https:\/\/gpl-love.com\/es\/wp-json\/wp\/v2\/media?parent=125213"}],"wp:term":[{"taxonomy":"product_brand","embeddable":true,"href":"https:\/\/gpl-love.com\/es\/wp-json\/wp\/v2\/product_brand?post=125213"},{"taxonomy":"product_cat","embeddable":true,"href":"https:\/\/gpl-love.com\/es\/wp-json\/wp\/v2\/product_cat?post=125213"},{"taxonomy":"product_tag","embeddable":true,"href":"https:\/\/gpl-love.com\/es\/wp-json\/wp\/v2\/product_tag?post=125213"}],"curies":[{"name":"wp","href":"https:\/\/api.w.org\/{rel}","templated":true}]}}