{"id":125211,"date":"2025-04-18T00:00:00","date_gmt":"2025-04-18T05:00:00","guid":{"rendered":"https:\/\/gpl-love.com\/es\/producto\/buildpress-wordpress-theme\/"},"modified":"2026-03-13T17:17:14","modified_gmt":"2026-03-13T22:17:14","slug":"buildpress-wordpress-theme","status":"publish","type":"product","link":"https:\/\/gpl-love.com\/es\/producto\/buildpress-wordpress-theme\/","title":{"rendered":"BuildPress WordPress Theme 5.9.0"},"content":{"rendered":"<h3>BuildPress WordPress Theme Caracteristicas<\/h3>\n<p>El tema BuildPress WordPress es una soluci\u00f3n excepcionalmente ideal y adecuada para las personas que buscan establecer una plataforma profesional en l\u00ednea dedicada a la construcci\u00f3n o empresas relacionadas con el edificio. Este tema ha sido dise\u00f1ado meticulosamente, incorporando un constructor de p\u00e1ginas intuitivo que faculta a los usuarios para personalizar sin esfuerzo sus sitios web, imbuyendo con una esencia distintiva e individual. Adem\u00e1s, el tema cuenta con una extensa variedad de demostraciones, dise\u00f1os y elementos preconstruidos, que brinda a los usuarios una conveniencia incomparable en su b\u00fasqueda para acelerar la creaci\u00f3n de un sitio web visualmente impresionante y cautivador. Adem\u00e1s, el tema BuildPress WordPress se basa meticulosamente en tecnolog\u00edas web de vanguardia, garantizando tiempos de carga r\u00e1pida y un rendimiento \u00f3ptimo en todos los dispositivos y plataformas. Con la implementaci\u00f3n del tema BuildPress WordPress, los usuarios pueden cultivar magistralmente una presencia en l\u00ednea formidable para sus esfuerzos comerciales, atrayendo y cautivando as\u00ed una base de clientes m\u00e1s grande.<\/p>\n<ul>\n<li>Dise\u00f1o de sitios web personalizable con creador de p\u00e1ginas de arrastrar y soltar<\/li>\n<li>12 p\u00e1ginas de inicio prefabricadas para elegir<\/li>\n<li>Dise\u00f1o de respuesta m\u00f3vil para una visualizaci\u00f3n \u00f3ptima en todos los dispositivos<\/li>\n<li>Integraci\u00f3n incorporada de WooCommerce para una f\u00e1cil configuraci\u00f3n de tiendas en l\u00ednea<\/li>\n<li>Tipograf\u00eda avanzada y opciones de color<\/li>\n<li>Extensa documentaci\u00f3n y video tutoriales<\/li>\n<li>Equipo de apoyo dedicado disponible<\/li>\n<li>Construido en la \u00faltima versi\u00f3n de WordPress para seguridad y funcionalidad<\/li>\n<li>Importador de demostraci\u00f3n de un clic para configuraci\u00f3n r\u00e1pida<\/li>\n<li>Admite complementos populares de WordPress como el formulario de contacto 7 y Revolution Slider<\/li>\n<li>SEO optimizado para mejorar la clasificaci\u00f3n del motor de b\u00fasqueda.<\/li>\n<\/ul>\n","protected":false},"excerpt":{"rendered":"<p>El tema BuildPress WordPress es un producto altamente vers\u00e1til y robusto, espec\u00edficamente dise\u00f1ado para empresas de construcci\u00f3n. Este tema de WordPress es totalmente personalizable, lo que le permite crear un sitio web \u00fanico y atractivo con facilidad. Con su dise\u00f1o receptivo, su sitio web se ver\u00e1 genial en cualquier dispositivo, asegurando una experiencia de navegaci\u00f3n perfecta para sus visitantes. El tema de BuildPress WordPress incluye una variedad de caracter\u00edsticas como el constructor de p\u00e1ginas de arrastrar y soltar, la importaci\u00f3n de contenido de demostraci\u00f3n de un solo clic y el personalizador WP en tiempo real, lo que lo hace f\u00e1cil de usar incluso para principiantes. Adem\u00e1s, es compatible con WooCommerce, lo que le permite configurar una tienda en l\u00ednea y aumentar sus ingresos. Este tema est\u00e1 optimizado por SEO para una mejor visibilidad en los motores de b\u00fasqueda y tambi\u00e9n est\u00e1 listo para la traducci\u00f3n, lo que te ayuda a llegar a un p\u00fablico m\u00e1s amplio. Con nuestra atenci\u00f3n al cliente dedicada, cualquier problema encontrado puede resolverse de inmediato. Elija el tema BuildPress WordPress y brinde a su negocio de construcci\u00f3n la presencia profesional en l\u00ednea que merece.<\/p>\n","protected":false},"featured_media":165574,"comment_status":"open","ping_status":"open","template":"","meta":[],"product_brand":[2348],"product_cat":[1307,1237,1238],"product_tag":[2257],"class_list":{"0":"post-125211","1":"product","2":"type-product","3":"status-publish","4":"has-post-thumbnail","6":"product_brand-proteus","7":"product_cat-negocio-wordpress-temas","8":"product_cat-temas","9":"product_cat-wordpress-temas","10":"product_tag-proteus","11":"member-discount","12":"discount-restricted","14":"first","15":"instock","16":"sale","17":"downloadable","18":"virtual","19":"sold-individually","20":"purchasable","21":"product-type-simple"},"_links":{"self":[{"href":"https:\/\/gpl-love.com\/es\/wp-json\/wp\/v2\/product\/125211","targetHints":{"allow":["GET"]}}],"collection":[{"href":"https:\/\/gpl-love.com\/es\/wp-json\/wp\/v2\/product"}],"about":[{"href":"https:\/\/gpl-love.com\/es\/wp-json\/wp\/v2\/types\/product"}],"replies":[{"embeddable":true,"href":"https:\/\/gpl-love.com\/es\/wp-json\/wp\/v2\/comments?post=125211"}],"wp:featuredmedia":[{"embeddable":true,"href":"https:\/\/gpl-love.com\/es\/wp-json\/wp\/v2\/media\/165574"}],"wp:attachment":[{"href":"https:\/\/gpl-love.com\/es\/wp-json\/wp\/v2\/media?parent=125211"}],"wp:term":[{"taxonomy":"product_brand","embeddable":true,"href":"https:\/\/gpl-love.com\/es\/wp-json\/wp\/v2\/product_brand?post=125211"},{"taxonomy":"product_cat","embeddable":true,"href":"https:\/\/gpl-love.com\/es\/wp-json\/wp\/v2\/product_cat?post=125211"},{"taxonomy":"product_tag","embeddable":true,"href":"https:\/\/gpl-love.com\/es\/wp-json\/wp\/v2\/product_tag?post=125211"}],"curies":[{"name":"wp","href":"https:\/\/api.w.org\/{rel}","templated":true}]}}