{"id":125209,"date":"2025-04-18T00:00:00","date_gmt":"2025-04-18T05:00:00","guid":{"rendered":"https:\/\/gpl-love.com\/es\/producto\/cargopress-wordpress-theme\/"},"modified":"2026-03-13T17:17:29","modified_gmt":"2026-03-13T22:17:29","slug":"cargopress-wordpress-theme","status":"publish","type":"product","link":"https:\/\/gpl-love.com\/es\/producto\/cargopress-wordpress-theme\/","title":{"rendered":"CargoPress WordPress Theme 1.14.0"},"content":{"rendered":"<h3>CargoPress WordPress Theme Caracteristicas<\/h3>\n<p>Cargopress es un tema de WordPress excepcional y de alta calidad espec\u00edficamente dise\u00f1ado para el transporte, la log\u00edstica y las empresas de carga. Otorga una extensa variedad de plantillas de p\u00e1gina predise\u00f1adas y una abundancia de opciones de personalizaci\u00f3n, todas las cuales contribuyen a una est\u00e9tica profesional y contempor\u00e1nea general. En particular, el tema exhibe una capacidad de respuesta completa, asegurando una adaptabilidad perfecta y una apariencia impecable en todos y cada uno de los dispositivos. Con una impresionante amalgama de caracter\u00edsticas, incluida la integraci\u00f3n de WooCommerce sin costuras, un constructor de p\u00e1ginas de arrastrar y soltar intuitivo y una paleta ilimitada de opciones de color, Cargopress emerge como una herramienta extremadamente potente e indispensable para establecer una presencia formidable en l\u00ednea para su negocio estimado. Ya sea que su objetivo sea mostrar sin esfuerzo sus servicios notables, exhibir efectivamente su impresionante flota o permitir a los clientes solicitar cotizaciones sin esfuerzo, estar seguro de que Cargopress abarca todos los componentes necesarios para permitir que su sitio web brille sin esfuerzo y se distinga en el paisaje digital.<\/p>\n<ul>\n<li>Dise\u00f1o totalmente receptivo para todos los dispositivos y pantallas<\/li>\n<li>Opciones de personalizaci\u00f3n avanzada para una f\u00e1cil marca<\/li>\n<li>Opciones de dise\u00f1o m\u00faltiples para diferentes tipos de contenido<\/li>\n<li>Testimonios de usuarios integrados y exhibiciones de proyectos<\/li>\n<li>Caracter\u00edsticas de comercio electr\u00f3nico incorporadas para vender productos y servicios<\/li>\n<li>Sliders y galer\u00edas personalizables para exhibir su trabajo<\/li>\n<li>Codificaci\u00f3n optimizada de SEO para clasificaciones de motores de b\u00fasqueda m\u00e1s altos<\/li>\n<li>Botones integrados de redes sociales para f\u00e1cil compartir y promoci\u00f3n<\/li>\n<li>Instalaci\u00f3n de un solo clic y actualizaciones autom\u00e1ticas para facilitar el uso<\/li>\n<li>Documentaci\u00f3n integral y atenci\u00f3n al cliente del desarrollador de temas.<\/li>\n<\/ul>\n","protected":false},"excerpt":{"rendered":"<p>Introducci\u00f3n del tema Cargopress WordPress: un dise\u00f1o moderno y totalmente receptivo para sus negocios de log\u00edstica, transporte y carga. Con una interfaz f\u00e1cil de usar, este tema totalmente personalizable le permite mostrar los servicios y las caracter\u00edsticas clave de su empresa con facilidad. Con su robusta optimizaci\u00f3n de SEO, su sitio web seguramente tendr\u00e1 una mayor visibilidad en l\u00ednea, atrayendo a clientes potenciales. Su integraci\u00f3n perfecta con WooCommerce le permite incorporar caracter\u00edsticas de compras en l\u00ednea, ampliando sus capacidades comerciales. El tema Cargopress WordPress tambi\u00e9n incluye un formulario de contacto incorporado, lo que facilita que los clientes se comuniquen con usted. Adem\u00e1s, es compatible con todos los principales navegadores web, lo que garantiza una experiencia de visualizaci\u00f3n \u00f3ptima para todos los usuarios. Con su importaci\u00f3n de demostraci\u00f3n r\u00e1pida y de un solo clic, puede configurar f\u00e1cilmente su sitio y comenzar a atraer clientes. Actualice su presencia en l\u00ednea con el tema Cargopress WordPress.<\/p>\n","protected":false},"featured_media":165597,"comment_status":"open","ping_status":"open","template":"","meta":[],"product_brand":[2348],"product_cat":[1307,1237,1238],"product_tag":[2257],"class_list":{"0":"post-125209","1":"product","2":"type-product","3":"status-publish","4":"has-post-thumbnail","6":"product_brand-proteus","7":"product_cat-negocio-wordpress-temas","8":"product_cat-temas","9":"product_cat-wordpress-temas","10":"product_tag-proteus","11":"member-discount","12":"discount-restricted","14":"first","15":"instock","16":"sale","17":"downloadable","18":"virtual","19":"sold-individually","20":"purchasable","21":"product-type-simple"},"_links":{"self":[{"href":"https:\/\/gpl-love.com\/es\/wp-json\/wp\/v2\/product\/125209","targetHints":{"allow":["GET"]}}],"collection":[{"href":"https:\/\/gpl-love.com\/es\/wp-json\/wp\/v2\/product"}],"about":[{"href":"https:\/\/gpl-love.com\/es\/wp-json\/wp\/v2\/types\/product"}],"replies":[{"embeddable":true,"href":"https:\/\/gpl-love.com\/es\/wp-json\/wp\/v2\/comments?post=125209"}],"wp:featuredmedia":[{"embeddable":true,"href":"https:\/\/gpl-love.com\/es\/wp-json\/wp\/v2\/media\/165597"}],"wp:attachment":[{"href":"https:\/\/gpl-love.com\/es\/wp-json\/wp\/v2\/media?parent=125209"}],"wp:term":[{"taxonomy":"product_brand","embeddable":true,"href":"https:\/\/gpl-love.com\/es\/wp-json\/wp\/v2\/product_brand?post=125209"},{"taxonomy":"product_cat","embeddable":true,"href":"https:\/\/gpl-love.com\/es\/wp-json\/wp\/v2\/product_cat?post=125209"},{"taxonomy":"product_tag","embeddable":true,"href":"https:\/\/gpl-love.com\/es\/wp-json\/wp\/v2\/product_tag?post=125209"}],"curies":[{"name":"wp","href":"https:\/\/api.w.org\/{rel}","templated":true}]}}