{"id":125207,"date":"2024-12-14T00:00:00","date_gmt":"2024-12-14T05:00:00","guid":{"rendered":"https:\/\/gpl-love.com\/es\/producto\/repairpress-wordpress-theme\/"},"modified":"2026-03-13T17:28:13","modified_gmt":"2026-03-13T22:28:13","slug":"repairpress-wordpress-theme","status":"publish","type":"product","link":"https:\/\/gpl-love.com\/es\/producto\/repairpress-wordpress-theme\/","title":{"rendered":"RepairPress WordPress Theme 1.6.2"},"content":{"rendered":"<h3>RepairPress WordPress Theme Caracteristicas<\/h3>\n<p>El tema RepairPress WordPress es un tema excepcional y vers\u00e1til, meticulosamente elaborado para satisfacer las necesidades de talleres de reparaci\u00f3n, tiendas electr\u00f3nicas y otras empresas aliadas. Se enorgullece de su dise\u00f1o de vanguardia y sofisticado que se adapta perfectamente a todo tipo de dispositivos, asegurando una experiencia de usuario perfecta en todos los \u00e1mbitos. RepairPress abarca una gran cantidad de caracter\u00edsticas y funcionalidades notables, desde secciones personalizables en la p\u00e1gina de inicio hasta un sistema eficiente de reserva de citas, herramientas integrales de gesti\u00f3n de servicios, tablas de precios informativas y testimonios convincentes. Adem\u00e1s, este tema se integra perfectamente con complementos muy buscados como WooCommerce, Contact Form 7 y WPML, mejorando a\u00fan m\u00e1s su versatilidad y compatibilidad. Con RepairPress a su disposici\u00f3n, establecer una presencia en l\u00ednea convincente y exitosa para su negocio de reparaci\u00f3n nunca ha sido m\u00e1s f\u00e1cil.<\/p>\n<ul>\n<li>Dise\u00f1o totalmente receptivo que se ve muy bien en todos los dispositivos<\/li>\n<li>Construido con los \u00faltimos est\u00e1ndares HTML5 y CSS3<\/li>\n<li>Arrastre y suelte el constructor de p\u00e1ginas para una f\u00e1cil personalizaci\u00f3n sin ninguna codificaci\u00f3n<\/li>\n<li>Incluye m\u00e1s de 20 p\u00e1ginas y plantillas preconstruidas dise\u00f1adas para empresas de reparaci\u00f3n y mantenimiento<\/li>\n<li>Panel de opciones de temas intuitivos para una personalizaci\u00f3n r\u00e1pida y f\u00e1cil<\/li>\n<li>Integraci\u00f3n de WooCommerce con p\u00e1ginas de taller preconstruidas<\/li>\n<li>Revolution Slider Plugin incluido para impresionantes controles deslizantes animados<\/li>\n<li>Sistema de reserva de citas avanzada para administrar citas con los clientes<\/li>\n<li>Integraci\u00f3n de Google Maps para una f\u00e1cil mapeo de ubicaci\u00f3n<\/li>\n<li>Instalaci\u00f3n de contenido de demostraci\u00f3n de un solo clic para configurar r\u00e1pidamente su sitio web<\/li>\n<li>Actualizaciones regulares y atenci\u00f3n al cliente para garantizar que el tema siempre se ejecute de manera \u00f3ptima<\/li>\n<\/ul>\n","protected":false},"excerpt":{"rendered":"<p>El tema de RepairPress WordPress, que se ha creado h\u00e1bilmente con la m\u00e1xima experiencia, cuenta con un dise\u00f1o contempor\u00e1neo y de moda que atiende espec\u00edficamente a los servicios de reparaci\u00f3n, talleres pr\u00f3speros y empresas de manitas. Con sus dise\u00f1os visualmente atractivos y adaptables, junto con una multitud de caracter\u00edsticas personalizables, este tema muy aclamado es ideal para presentar y promocionar efectivamente sus servicios, reforzando su visibilidad digital. Independientemente de si usted es un \u00fanico propietario o supervisa una empresa de reparaci\u00f3n bien establecida, RepairPress abarca una gama integral de herramientas y recursos dise\u00f1ados para distinguir su marca, atraer una nueva afluencia de clientela y elevar su negocio a alturas sin precedentes. \u00a1No pierda el tiempo, obtenga el tema incomparable de WordPress RepressPress hoy, y se embarte en un viaje estimulante hacia el avance y el triunfo dentro de la industria de la reparaci\u00f3n!<\/p>\n","protected":false},"featured_media":167342,"comment_status":"open","ping_status":"open","template":"","meta":[],"product_brand":[2348],"product_cat":[1307,1237,1238],"product_tag":[2257],"class_list":{"0":"post-125207","1":"product","2":"type-product","3":"status-publish","4":"has-post-thumbnail","6":"product_brand-proteus","7":"product_cat-negocio-wordpress-temas","8":"product_cat-temas","9":"product_cat-wordpress-temas","10":"product_tag-proteus","11":"member-discount","12":"discount-restricted","14":"first","15":"instock","16":"sale","17":"downloadable","18":"virtual","19":"sold-individually","20":"purchasable","21":"product-type-simple"},"_links":{"self":[{"href":"https:\/\/gpl-love.com\/es\/wp-json\/wp\/v2\/product\/125207","targetHints":{"allow":["GET"]}}],"collection":[{"href":"https:\/\/gpl-love.com\/es\/wp-json\/wp\/v2\/product"}],"about":[{"href":"https:\/\/gpl-love.com\/es\/wp-json\/wp\/v2\/types\/product"}],"replies":[{"embeddable":true,"href":"https:\/\/gpl-love.com\/es\/wp-json\/wp\/v2\/comments?post=125207"}],"wp:featuredmedia":[{"embeddable":true,"href":"https:\/\/gpl-love.com\/es\/wp-json\/wp\/v2\/media\/167342"}],"wp:attachment":[{"href":"https:\/\/gpl-love.com\/es\/wp-json\/wp\/v2\/media?parent=125207"}],"wp:term":[{"taxonomy":"product_brand","embeddable":true,"href":"https:\/\/gpl-love.com\/es\/wp-json\/wp\/v2\/product_brand?post=125207"},{"taxonomy":"product_cat","embeddable":true,"href":"https:\/\/gpl-love.com\/es\/wp-json\/wp\/v2\/product_cat?post=125207"},{"taxonomy":"product_tag","embeddable":true,"href":"https:\/\/gpl-love.com\/es\/wp-json\/wp\/v2\/product_tag?post=125207"}],"curies":[{"name":"wp","href":"https:\/\/api.w.org\/{rel}","templated":true}]}}