{"id":125205,"date":"2025-04-18T00:00:00","date_gmt":"2025-04-18T05:00:00","guid":{"rendered":"https:\/\/gpl-love.com\/es\/producto\/shaka-wordpress-theme\/"},"modified":"2026-04-10T11:24:31","modified_gmt":"2026-04-10T16:24:31","slug":"shaka-wordpress-theme","status":"publish","type":"product","link":"https:\/\/gpl-love.com\/es\/producto\/shaka-wordpress-theme\/","title":{"rendered":"Shaka WordPress Theme 2.1.1"},"content":{"rendered":"<h3>Shaka WordPress Theme Caracteristicas<\/h3>\n<p>El tema de Shaka WordPress, una plantilla excepcional y multifac\u00e9tica atendida hacia empresas, blogs y carteras, es un testimonio de la innovaci\u00f3n. Posee un dise\u00f1o limpio y contempor\u00e1neo que puede ser completamente personalizado, otorgando a los usuarios la capacidad de forjar un sitio web distinto y profesional. El tema ha experimentado una optimizaci\u00f3n para priorizar la velocidad y el rendimiento, asegurando que su sitio se cargue expedentemente y funcione sin problemas en todos los dispositivos. Facilitando el proceso de construcci\u00f3n de sitios web, el tema Shaka WordPress proporciona un constructor de p\u00e1ginas de arrastrar y soltar intuitivo y una gran cantidad de plantillas predise\u00f1adas, lo que lo convierte en un esfuerzo sin problemas. Adem\u00e1s, su surtido de caracter\u00edsticas s\u00f3lidas, como la integraci\u00f3n de WooCommerce, los widgets personalizados y la integraci\u00f3n de las redes sociales, lo convierten en una opci\u00f3n ejemplar para establecer una presencia en l\u00ednea triunfante.<\/p>\n<ul>\n<li>Dise\u00f1o de respuesta<\/li>\n<li>Opciones de dise\u00f1o de p\u00e1gina de inicio m\u00faltiples<\/li>\n<li>Compatibilidad de WooCommerce<\/li>\n<li>Visual Composer Page Builder incluido<\/li>\n<li>Panel de opciones de tema para una f\u00e1cil personalizaci\u00f3n<\/li>\n<li>M\u00faltiples estilos de encabezado y pie de p\u00e1gina<\/li>\n<li>Compatible con complementos populares como Yoast SEO y JetPack<\/li>\n<li>Traducci\u00f3n lista con soporte para WPML<\/li>\n<li>Contenido de demostraci\u00f3n incluido para una f\u00e1cil configuraci\u00f3n<\/li>\n<li>Actualizaciones regulares y atenci\u00f3n al cliente de los desarrolladores.<\/li>\n<\/ul>\n","protected":false},"excerpt":{"rendered":"<p>El tema de Shaka WordPress no es cualquier dise\u00f1o ordinario, es una encarnaci\u00f3n del estilo y la modernidad. Va m\u00e1s all\u00e1 de los l\u00edmites de los temas ordinarios al ofrecer una gran cantidad de dise\u00f1os de la p\u00e1gina de inicio que seguramente dejar\u00e1n una impresi\u00f3n duradera en sus visitantes. Adem\u00e1s, este tema extraordinario est\u00e1 equipado con una amplia gama de caracter\u00edsticas avanzadas que est\u00e1n dise\u00f1adas para elevar su sitio web a nuevas alturas de atractivo visual.<\/p>\n","protected":false},"featured_media":167466,"comment_status":"open","ping_status":"open","template":"","meta":[],"product_brand":[2348],"product_cat":[1267,1237,1238],"product_tag":[2257],"class_list":{"0":"post-125205","1":"product","2":"type-product","3":"status-publish","4":"has-post-thumbnail","6":"product_brand-proteus","7":"product_cat-creativo","8":"product_cat-temas","9":"product_cat-wordpress-temas","10":"product_tag-proteus","11":"member-discount","12":"discount-restricted","14":"first","15":"instock","16":"sale","17":"downloadable","18":"virtual","19":"sold-individually","20":"purchasable","21":"product-type-simple"},"_links":{"self":[{"href":"https:\/\/gpl-love.com\/es\/wp-json\/wp\/v2\/product\/125205","targetHints":{"allow":["GET"]}}],"collection":[{"href":"https:\/\/gpl-love.com\/es\/wp-json\/wp\/v2\/product"}],"about":[{"href":"https:\/\/gpl-love.com\/es\/wp-json\/wp\/v2\/types\/product"}],"replies":[{"embeddable":true,"href":"https:\/\/gpl-love.com\/es\/wp-json\/wp\/v2\/comments?post=125205"}],"wp:featuredmedia":[{"embeddable":true,"href":"https:\/\/gpl-love.com\/es\/wp-json\/wp\/v2\/media\/167466"}],"wp:attachment":[{"href":"https:\/\/gpl-love.com\/es\/wp-json\/wp\/v2\/media?parent=125205"}],"wp:term":[{"taxonomy":"product_brand","embeddable":true,"href":"https:\/\/gpl-love.com\/es\/wp-json\/wp\/v2\/product_brand?post=125205"},{"taxonomy":"product_cat","embeddable":true,"href":"https:\/\/gpl-love.com\/es\/wp-json\/wp\/v2\/product_cat?post=125205"},{"taxonomy":"product_tag","embeddable":true,"href":"https:\/\/gpl-love.com\/es\/wp-json\/wp\/v2\/product_tag?post=125205"}],"curies":[{"name":"wp","href":"https:\/\/api.w.org\/{rel}","templated":true}]}}