{"id":125203,"date":"2024-12-14T00:00:00","date_gmt":"2024-12-14T05:00:00","guid":{"rendered":"https:\/\/gpl-love.com\/es\/producto\/structurepress-wordpress-theme\/"},"modified":"2026-03-13T17:29:51","modified_gmt":"2026-03-13T22:29:51","slug":"structurepress-wordpress-theme","status":"publish","type":"product","link":"https:\/\/gpl-love.com\/es\/producto\/structurepress-wordpress-theme\/","title":{"rendered":"StructurePress WordPress Theme 1.11.6"},"content":{"rendered":"<h3>StructurePress WordPress Theme Caracteristicas<\/h3>\n<p>El tema de WordPress StructurePress, con su amplia gama de funcionalidades y adaptabilidad, ha sido dise\u00f1ado por expertos para atender espec\u00edficamente a los requisitos de empresas de construcci\u00f3n, firmas de arquitectura y contratistas de construcci\u00f3n. No solo ofrece una variedad de opciones personalizables, sino que tambi\u00e9n garantiza que su sitio web posea no solo una apariencia est\u00e9ticamente agradable sino tambi\u00e9n un alto nivel de funcionalidad y facilidad de uso. A trav\u00e9s de su dise\u00f1o receptivo, su sitio web podr\u00e1 mantener su atractivo visual en todos los dispositivos, mientras que la inclusi\u00f3n de la poderosa herramienta de constructor de p\u00e1ginas simplifica el proceso de generar dise\u00f1os y dise\u00f1os \u00fanicos. Adem\u00e1s, el tema cuenta con caracter\u00edsticas adicionales, como tipos de publicaciones personalizadas para proyectos y servicios, un panel de opciones de tema robusto y compatibilidad con complementos ampliamente utilizados como el Formulario de contacto 7 y WooCommerce. Independientemente de si est\u00e1 desarrollando un sitio web para una modesta empresa de construcci\u00f3n o una firma de arquitectura expansiva, el tema StructurePress WordPress lo equipa con todas las herramientas necesarias para establecer una presencia en l\u00ednea pulida y cautivadora.<\/p>\n<ul>\n<li>Un tema de WordPress elegante y moderno dise\u00f1ado espec\u00edficamente para negocios de construcci\u00f3n y arquitectura<\/li>\n<li>Caracter\u00edsticas incorporadas para proyectos y carteras de exhibici\u00f3n, como galer\u00edas de fotos y controles deslizantes<\/li>\n<li>P\u00e1gina de inicio personalizable con m\u00faltiples opciones de dise\u00f1o y secciones para resaltar servicios y testimonios<\/li>\n<li>Constructor de p\u00e1gina de arrastrar y soltar f\u00e1ciles de usar para crear p\u00e1ginas y dise\u00f1os personalizados sin ning\u00fan conocimiento de codificaci\u00f3n<\/li>\n<li>Integraci\u00f3n con WooCommerce para crear una tienda en l\u00ednea totalmente funcional para vender productos y servicios<\/li>\n<li>Dise\u00f1o receptivo que se ve muy bien en todos los dispositivos, incluidas las computadoras de escritorio, las tabletas y los tel\u00e9fonos inteligentes<\/li>\n<li>Formulario de contacto incorporado e integraci\u00f3n de Google Maps para facilitar que los visitantes se pongan en contacto y encuentren su ubicaci\u00f3n comercial<\/li>\n<li>Extensas documentaci\u00f3n y recursos de apoyo para ayudarlo a aprovechar al m\u00e1ximo el tema<\/li>\n<li>Actualizaciones y mejoras peri\u00f3dicas para garantizar que su sitio web se mantenga actualizado con los \u00faltimos est\u00e1ndares y tendencias de WordPress.<\/li>\n<\/ul>\n","protected":false},"excerpt":{"rendered":"<p>StructurePress es un tema de WordPress que satisface las necesidades de los profesionales en las industrias de arquitectura, ingenier\u00eda y construcci\u00f3n. Ofrece una amplia gama de opciones de personalizaci\u00f3n y caracter\u00edsticas para mejorar la apariencia y la funcionalidad de su sitio web. Dise\u00f1ado con una est\u00e9tica elegante y moderna, este tema permite a los usuarios mostrar efectivamente su trabajo y servicios de una manera que es impresionante y profesional. Adem\u00e1s, proporciona herramientas de personalizaci\u00f3n f\u00e1ciles de usar para elementos como logotipos, colores y fuentes, lo que le permite personalizar su sitio web de acuerdo con sus preferencias. Adem\u00e1s, su dise\u00f1o receptivo asegura que su sitio web parezca visualmente atractivo y funcione sin problemas en varios dispositivos y tama\u00f1os de pantalla. En t\u00e9rminos de optimizaci\u00f3n, el tema es amigable con SEO, lo que significa que est\u00e1 dise\u00f1ado para mejorar la visibilidad y la clasificaci\u00f3n de su sitio web en los resultados del motor de b\u00fasqueda. Adem\u00e1s, est\u00e1 optimizado para una velocidad de carga r\u00e1pida, asegurando que su sitio web se cargue de manera r\u00e1pida y eficiente. Al utilizar StructurePress, puede crear una presencia notable en l\u00ednea que dejar\u00e1 una impresi\u00f3n duradera en sus clientes. Adem\u00e1s, tiene el potencial de impulsar el crecimiento general de su negocio al atraer m\u00e1s clientes y ampliar su alcance en el panorama digital.<\/p>\n","protected":false},"featured_media":167584,"comment_status":"open","ping_status":"open","template":"","meta":[],"product_brand":[2348],"product_cat":[1267,1237,1238],"product_tag":[2257],"class_list":{"0":"post-125203","1":"product","2":"type-product","3":"status-publish","4":"has-post-thumbnail","6":"product_brand-proteus","7":"product_cat-creativo","8":"product_cat-temas","9":"product_cat-wordpress-temas","10":"product_tag-proteus","11":"member-discount","12":"discount-restricted","14":"first","15":"instock","16":"sale","17":"downloadable","18":"virtual","19":"sold-individually","20":"purchasable","21":"product-type-simple"},"_links":{"self":[{"href":"https:\/\/gpl-love.com\/es\/wp-json\/wp\/v2\/product\/125203","targetHints":{"allow":["GET"]}}],"collection":[{"href":"https:\/\/gpl-love.com\/es\/wp-json\/wp\/v2\/product"}],"about":[{"href":"https:\/\/gpl-love.com\/es\/wp-json\/wp\/v2\/types\/product"}],"replies":[{"embeddable":true,"href":"https:\/\/gpl-love.com\/es\/wp-json\/wp\/v2\/comments?post=125203"}],"wp:featuredmedia":[{"embeddable":true,"href":"https:\/\/gpl-love.com\/es\/wp-json\/wp\/v2\/media\/167584"}],"wp:attachment":[{"href":"https:\/\/gpl-love.com\/es\/wp-json\/wp\/v2\/media?parent=125203"}],"wp:term":[{"taxonomy":"product_brand","embeddable":true,"href":"https:\/\/gpl-love.com\/es\/wp-json\/wp\/v2\/product_brand?post=125203"},{"taxonomy":"product_cat","embeddable":true,"href":"https:\/\/gpl-love.com\/es\/wp-json\/wp\/v2\/product_cat?post=125203"},{"taxonomy":"product_tag","embeddable":true,"href":"https:\/\/gpl-love.com\/es\/wp-json\/wp\/v2\/product_tag?post=125203"}],"curies":[{"name":"wp","href":"https:\/\/api.w.org\/{rel}","templated":true}]}}