{"id":125201,"date":"2024-12-14T00:00:00","date_gmt":"2024-12-14T05:00:00","guid":{"rendered":"https:\/\/gpl-love.com\/es\/producto\/woondershop-woocommerce-tema-para-ecommerce-professionals\/"},"modified":"2026-03-13T17:33:12","modified_gmt":"2026-03-13T22:33:12","slug":"woondershop-woocommerce-tema-para-ecommerce-professionals","status":"publish","type":"product","link":"https:\/\/gpl-love.com\/es\/producto\/woondershop-woocommerce-tema-para-ecommerce-professionals\/","title":{"rendered":"WoonderShop WooCommerce Tema para eCommerce Professionals 4.2.0"},"content":{"rendered":"<h3>WoonderShop WooCommerce Tema para eCommerce Professionals Caracteristicas<\/h3>\n<p>Woondershop, un tema excepcional de WooCommerce meticulosamente elaborado para los profesionales de comercio electr\u00f3nico competentes, demuestra ser la mejor soluci\u00f3n para aquellos que anhelan establecer un emporio en l\u00ednea sorprendentemente profesional y visualmente atractivo. Este tema presenta una amplia gama de caracter\u00edsticas personalizables, lo que permite la creaci\u00f3n de una apariencia y ambiente verdaderamente distintivos para su tienda. Con la ayuda de Woondershop, exhibe sin esfuerzo su variedad, administre meticulosamente el inventario y monitoree sin esfuerzo sus ventas. Adem\u00e1s, este tema cuenta con plena capacidad de respuesta, asegurando una presentaci\u00f3n impecable de su tienda en todos los dispositivos. Ya sea que posea una amplia experiencia en el \u00e1mbito del comercio electr\u00f3nico o se est\u00e9 embarcando en un viaje naciente, Woondershop sirve como el instrumento por excelencia para acelerar el crecimiento de su empresa en l\u00ednea.<\/p>\n<ul>\n<li>Tema de WooCommerce altamente personalizable dise\u00f1ado para profesionales de comercio electr\u00f3nico<\/li>\n<li>Construido con el rendimiento en mente para tiempos de carga de p\u00e1ginas m\u00e1s r\u00e1pidos y una mejor experiencia de usuario<\/li>\n<li>Opciones de dise\u00f1o flexibles que se pueden adaptar para adaptarse a cualquier tipo de tienda en l\u00ednea<\/li>\n<li>Incluye potentes caracter\u00edsticas de comercio electr\u00f3nico, como Agregar a CART, TAGAJE e integraci\u00f3n de pagos.<\/li>\n<li>Optimizado para motores de b\u00fasqueda con herramientas de SEO incorporadas<\/li>\n<li>F\u00e1cil de usar con un constructor de p\u00e1ginas de arrastrar y soltar y una extensa documentaci\u00f3n<\/li>\n<li>Compatible con complementos populares de WordPress para una funcionalidad adicional<\/li>\n<li>Actualizaciones regulares y atenci\u00f3n al cliente proporcionadas por desarrolladores experimentados<\/li>\n<li>Perfecto para tiendas de moda en l\u00ednea, productos de belleza, electr\u00f3nica y m\u00e1s<\/li>\n<li>M\u00f3vil y tabletas que responden para una experiencia de usuario perfecta en todos los dispositivos.<\/li>\n<\/ul>\n","protected":false},"excerpt":{"rendered":"<p>Woondershop, que es un tema de WooCommerce elegantemente dise\u00f1ado adaptado a profesionales de comercio electr\u00f3nico, ofrece una soluci\u00f3n perfecta y contempor\u00e1nea. A trav\u00e9s de su constructor de p\u00e1ginas f\u00e1cil de usar, dise\u00f1os adaptables y funcionalidades de vanguardia, el proceso de establecer su tienda virtual nunca ha sido m\u00e1s f\u00e1cil. Desatara su creatividad dise\u00f1ando un encuentro de compras personalizado para su clientela con la ayuda de p\u00e1ginas de productos personalizables, una multitud de dise\u00f1os de p\u00e1ginas de inicio y una gran cantidad de potentes alternativas de b\u00fasqueda y filtrado. Adem\u00e1s, WoONDERSHOP integra las capacidades de redes sociales incorporadas, un sistema de pago sin problemas y herramientas de optimizaci\u00f3n de motores de b\u00fasqueda (SEO) que lo capacitan para mejorar su visibilidad en l\u00ednea y aumentar sus cifras de ventas. Independientemente de si usted es un propietario de una empresa a peque\u00f1a escala o un comerciante digital experimentado, Woondershop sirve como la plataforma ideal para manifestar una tienda virtual pulida y cautivadora.<\/p>\n","protected":false},"featured_media":168327,"comment_status":"open","ping_status":"open","template":"","meta":[],"product_brand":[2348],"product_cat":[1263,1264,1237],"product_tag":[2257],"class_list":{"0":"post-125201","1":"product","2":"type-product","3":"status-publish","4":"has-post-thumbnail","6":"product_brand-proteus","7":"product_cat-comercio-electronico-temas","8":"product_cat-negocio","9":"product_cat-temas","10":"product_tag-proteus","11":"member-discount","12":"discount-restricted","14":"first","15":"instock","16":"sale","17":"downloadable","18":"virtual","19":"sold-individually","20":"purchasable","21":"product-type-simple"},"_links":{"self":[{"href":"https:\/\/gpl-love.com\/es\/wp-json\/wp\/v2\/product\/125201","targetHints":{"allow":["GET"]}}],"collection":[{"href":"https:\/\/gpl-love.com\/es\/wp-json\/wp\/v2\/product"}],"about":[{"href":"https:\/\/gpl-love.com\/es\/wp-json\/wp\/v2\/types\/product"}],"replies":[{"embeddable":true,"href":"https:\/\/gpl-love.com\/es\/wp-json\/wp\/v2\/comments?post=125201"}],"wp:featuredmedia":[{"embeddable":true,"href":"https:\/\/gpl-love.com\/es\/wp-json\/wp\/v2\/media\/168327"}],"wp:attachment":[{"href":"https:\/\/gpl-love.com\/es\/wp-json\/wp\/v2\/media?parent=125201"}],"wp:term":[{"taxonomy":"product_brand","embeddable":true,"href":"https:\/\/gpl-love.com\/es\/wp-json\/wp\/v2\/product_brand?post=125201"},{"taxonomy":"product_cat","embeddable":true,"href":"https:\/\/gpl-love.com\/es\/wp-json\/wp\/v2\/product_cat?post=125201"},{"taxonomy":"product_tag","embeddable":true,"href":"https:\/\/gpl-love.com\/es\/wp-json\/wp\/v2\/product_tag?post=125201"}],"curies":[{"name":"wp","href":"https:\/\/api.w.org\/{rel}","templated":true}]}}