{"id":125199,"date":"2026-04-21T00:00:00","date_gmt":"2026-04-21T05:00:00","guid":{"rendered":"https:\/\/gpl-love.com\/es\/producto\/listivo-classified-ads-y-directory-listing-theme\/"},"modified":"2026-04-21T11:15:45","modified_gmt":"2026-04-21T16:15:45","slug":"listivo-classified-ads-y-directory-listing-theme","status":"publish","type":"product","link":"https:\/\/gpl-love.com\/es\/producto\/listivo-classified-ads-y-directory-listing-theme\/","title":{"rendered":"Listivo Classified Ads y Directory Listing Theme 2.3.83"},"content":{"rendered":"<h3>Listivo Classified Ads y Directory Listing Theme Caracteristicas<\/h3>\n<p>El tema de la lista de anuncios y directorio clasificados de Listivo es un tema de WordPress impresionantemente robusto y multifac\u00e9tico que ha sido meticulosamente elaborado para ayudarlo en la creaci\u00f3n de un sitio web excepcionalmente profesional y altamente impactante, espec\u00edficamente dedicado a la lista de anuncios y directorios clasificados. En virtud de su interfaz notablemente f\u00e1cil de usar y sus atributos altamente personalizables, Listivo le facilita sin esfuerzo un sitio web que est\u00e9 alineado con precisi\u00f3n con sus necesidades y aspiraciones \u00fanicas. Ya sea que su intenci\u00f3n es erigir un directorio directo que muestra empresas locales o construir una plataforma en l\u00ednea verdaderamente completa, repleta de funcionalidades de b\u00fasqueda de vanguardia y opciones de filtrado avanzadas, Listivo atiende a todos sus requisitos y mucho m\u00e1s. Con una impresionante variedad de caracter\u00edsticas, incluida la capacidad de integrar campos personalizados, la capacidad de mostrar listados espec\u00edficos de la ubicaci\u00f3n y un sistema integral de soporte de varios idiomas, Listivo representa inequ\u00edvocamente el ep\u00edtome del \u00e9xito en el \u00e1mbito del desarrollo comercial en l\u00ednea. Entonces, \u00bfpor qu\u00e9 retrasar m\u00e1s? \u00a1Comience su viaje hacia el triunfo resonante hoy y sea testigo de la sencillez incomparable y la pura potencia que Listivo ofrece infalflemente!<\/p>\n<ul>\n<li>Dise\u00f1o de tema elegante y moderno que es perfecto para anuncios clasificados y listados de directorio.<\/li>\n<li>Interfaz f\u00e1cil de usar que es f\u00e1cil para los visitantes navegar y encontrar lo que est\u00e1n buscando.<\/li>\n<li>Dise\u00f1o de la p\u00e1gina de inicio personalizable con seis secciones diferentes que le brindan la flexibilidad para resaltar diferentes tipos de listados.<\/li>\n<li>Integraci\u00f3n con pasarelas de pago populares para que pueda cobrar por listados o presentarlas en la p\u00e1gina de inicio.<\/li>\n<li>M\u00faltiples tipos de listado, incluidos eventos, productos, servicios y m\u00e1s.<\/li>\n<li>Funcional de b\u00fasqueda basada en la ubicaci\u00f3n que permite a los visitantes encontrar listados cerca de ellos.<\/li>\n<li>Formularios de generaci\u00f3n de leads incorporados que facilitan que los visitantes se contacten con los propietarios de listados y comiencen una conversaci\u00f3n.<\/li>\n<li>Opciones de filtrado avanzadas que ayudan a los visitantes a reducir sus resultados de b\u00fasqueda en funci\u00f3n de criterios como categor\u00eda, rango de precios y ubicaci\u00f3n.<\/li>\n<li>Dise\u00f1o amigable para SEO que est\u00e1 optimizado para la clasificaci\u00f3n de motores de b\u00fasqueda y garantiza que su sitio web sea f\u00e1cilmente descubierta por los clientes potenciales.<\/li>\n<li>Dise\u00f1o receptivo que se ve muy bien en escritorios, tabletas y dispositivos m\u00f3viles.<\/li>\n<\/ul>\n","protected":false},"excerpt":{"rendered":"<p>El tema de listado de directorio y anuncios clasificados de Listivo es un tema de WordPress incre\u00edblemente vers\u00e1til y multifac\u00e9tico que ha sido dise\u00f1ado por la intenci\u00f3n de ayudar a los usuarios en la creaci\u00f3n de anuncios clasificados y sitios web de listados de directorio profesionales y altamente personalizables. Con una variedad de caracter\u00edsticas f\u00e1ciles de usar y una integraci\u00f3n sin esfuerzo sin esfuerzo con algunos de los complementos m\u00e1s populares disponibles actualmente, Listivo no solo garantiza que el proceso de construcci\u00f3n de una presencia en l\u00ednea poderosa e impactante sea considerablemente m\u00e1s f\u00e1cil, sino que tambi\u00e9n proporciona una soluci\u00f3n incre\u00edblemente intuitiva que es. Adecuado tanto para empresas como para personas por igual. Independientemente de si su objetivo es compilar una base de datos extensa e integral de empresas locales, administrar efectivamente una junta de trabajo o vender y promover sin problemas una amplia gama de productos y servicios, Listivo garantiza que el resultado final ser\u00e1 un excepcionalmente receptivo y visualmente llamativo Sitio web que es tan din\u00e1mico como funcional.<\/p>\n","protected":false},"featured_media":166625,"comment_status":"open","ping_status":"open","template":"","meta":[],"product_brand":[2337],"product_cat":[1267,1237,1238],"product_tag":[1391],"class_list":{"0":"post-125199","1":"product","2":"type-product","3":"status-publish","4":"has-post-thumbnail","6":"product_brand-themeforest","7":"product_cat-creativo","8":"product_cat-temas","9":"product_cat-wordpress-temas","10":"product_tag-themeforest","11":"member-discount","12":"discount-restricted","14":"first","15":"instock","16":"sale","17":"downloadable","18":"virtual","19":"sold-individually","20":"purchasable","21":"product-type-simple"},"_links":{"self":[{"href":"https:\/\/gpl-love.com\/es\/wp-json\/wp\/v2\/product\/125199","targetHints":{"allow":["GET"]}}],"collection":[{"href":"https:\/\/gpl-love.com\/es\/wp-json\/wp\/v2\/product"}],"about":[{"href":"https:\/\/gpl-love.com\/es\/wp-json\/wp\/v2\/types\/product"}],"replies":[{"embeddable":true,"href":"https:\/\/gpl-love.com\/es\/wp-json\/wp\/v2\/comments?post=125199"}],"wp:featuredmedia":[{"embeddable":true,"href":"https:\/\/gpl-love.com\/es\/wp-json\/wp\/v2\/media\/166625"}],"wp:attachment":[{"href":"https:\/\/gpl-love.com\/es\/wp-json\/wp\/v2\/media?parent=125199"}],"wp:term":[{"taxonomy":"product_brand","embeddable":true,"href":"https:\/\/gpl-love.com\/es\/wp-json\/wp\/v2\/product_brand?post=125199"},{"taxonomy":"product_cat","embeddable":true,"href":"https:\/\/gpl-love.com\/es\/wp-json\/wp\/v2\/product_cat?post=125199"},{"taxonomy":"product_tag","embeddable":true,"href":"https:\/\/gpl-love.com\/es\/wp-json\/wp\/v2\/product_tag?post=125199"}],"curies":[{"name":"wp","href":"https:\/\/api.w.org\/{rel}","templated":true}]}}