{"id":125194,"date":"2023-06-13T00:00:00","date_gmt":"2023-06-13T05:00:00","guid":{"rendered":"https:\/\/gpl-love.com\/es\/producto\/automatorwp-fluent-crm-2\/"},"modified":"2026-03-09T07:19:12","modified_gmt":"2026-03-09T12:19:12","slug":"automatorwp-fluent-crm-2","status":"publish","type":"product","link":"https:\/\/gpl-love.com\/es\/producto\/automatorwp-fluent-crm-2\/","title":{"rendered":"AutomatorWP Groundhogg 1.0.7"},"content":{"rendered":"<h3>AutomatorWP Groundhogg Caracteristicas<\/h3>\n<p>AutomatorWP Groundhogg es una herramienta de automatizaci\u00f3n inmensamente robusta que le brinda la oportunidad de automatizar eficazmente sus flujos de trabajo de Groundhogg CRM. En virtud de esta integraci\u00f3n perfecta, puede crear y automatizar sin esfuerzo sus campa\u00f1as de marketing, embudos de ventas y viajes de clientes. La belleza de esta integraci\u00f3n radica en el hecho de que puede crear flujos de trabajo intrincados que desencadenan acciones espec\u00edficas sobre la ocurrencia de un evento designado, como el transporte de un correo electr\u00f3nico o la modificaci\u00f3n del estado de un contacto. Esta ingeniosa herramienta le permite racionalizar sus procesos CRM y mejorar sus niveles de productividad al mecanizar las tareas de rutina. Gracias a las capacidades notables de AutomatorWP Groundhogg, puede canalizar sus energ\u00edas hacia la expansi\u00f3n comercial y la provisi\u00f3n de servicio al cliente de primer nivel, seguro en el conocimiento de que las tareas mundanas y que llevan mucho tiempo est\u00e1n siendo manejadas por esta extraordinaria herramienta de automatizaci\u00f3n.<\/p>\n<ul>\n<li>AutomatorWP Groundhogg es un poderoso complemento dise\u00f1ado para integrar su sitio de WordPress con Groundhogg, una poderosa herramienta de automatizaci\u00f3n de marketing<\/li>\n<li>Con AutomatorWp Groundhogg, puede automatizar f\u00e1cilmente tareas como crear contactos, agregar etiquetas, enviar correos electr\u00f3nicos y m\u00e1s<\/li>\n<li>El complemento viene con una variedad de desencadenantes y acciones preconstruidas que puede mezclar y combinar para crear flujos de trabajo personalizados para su sitio.<\/li>\n<li>Tambi\u00e9n puede usar las funciones avanzadas de segmentaci\u00f3n e informes de GroundHogg para rastrear y analizar sus esfuerzos de marketing<\/li>\n<li>AutomatorWP Groundhogg es f\u00e1cil de usar y no requiere conocimientos de codificaci\u00f3n ni experiencia t\u00e9cnica. Simplemente instale el complemento, con\u00e9ctelo a su cuenta de Groundhogg y comience a automatizar sus tareas de marketing<\/li>\n<li>El complemento es altamente personalizable y se puede configurar para satisfacer las necesidades y requisitos espec\u00edficos de su negocio.<\/li>\n<li>Automatorwp Groundhogg se actualiza regularmente con nuevas caracter\u00edsticas y mejoras basadas en los comentarios de nuestros usuarios<\/li>\n<li>El complemento tambi\u00e9n est\u00e1 totalmente apoyado por nuestro equipo de desarrolladores expertos, que est\u00e1n disponibles para ayudarlo con cualquier pregunta o problema que pueda tener.<\/li>\n<\/ul>\n","protected":false},"excerpt":{"rendered":"<p>AutomatorWP Groundhogg es una herramienta de automatizaci\u00f3n innovadora y potente dise\u00f1ada para optimizar y mejorar su sitio comercial de WordPress. Este complemento robusto se integra a la perfecci\u00f3n con Groundhogg, una plataforma de automatizaci\u00f3n de marketing l\u00edder, para ofrecer una experiencia eficiente y f\u00e1cil de usar. Con AutomatorWP Groundhogg, puede automatizar tareas como enviar correos electr\u00f3nicos espec\u00edficos, administrar contactos y rastrear la participaci\u00f3n del usuario, liberar su tiempo y recursos. No solo ofrece amplias opciones de personalizaci\u00f3n para satisfacer necesidades comerciales espec\u00edficas, sino que tambi\u00e9n es incre\u00edblemente f\u00e1cil de usar, incluso para principiantes. Adem\u00e1s, su compatibilidad con una amplia gama de otros complementos y herramientas lo convierte en una adici\u00f3n vers\u00e1til a su kit de herramientas de WordPress. Experimente la comodidad y eficiencia de AutomatorWP Groundhogg hoy y lleve su negocio al siguiente nivel.<\/p>\n","protected":false},"featured_media":165421,"comment_status":"open","ping_status":"open","template":"","meta":[],"product_brand":[2368],"product_cat":[1214,1206,1211],"product_tag":[2210],"class_list":{"0":"post-125194","1":"product","2":"type-product","3":"status-publish","4":"has-post-thumbnail","6":"product_brand-automatorwp","7":"product_cat-personalizacion","8":"product_cat-plugins","9":"product_cat-wordpress-plugins","10":"product_tag-automatorwp","11":"member-discount","12":"discount-restricted","14":"first","15":"instock","16":"sale","17":"downloadable","18":"virtual","19":"sold-individually","20":"purchasable","21":"product-type-simple"},"_links":{"self":[{"href":"https:\/\/gpl-love.com\/es\/wp-json\/wp\/v2\/product\/125194","targetHints":{"allow":["GET"]}}],"collection":[{"href":"https:\/\/gpl-love.com\/es\/wp-json\/wp\/v2\/product"}],"about":[{"href":"https:\/\/gpl-love.com\/es\/wp-json\/wp\/v2\/types\/product"}],"replies":[{"embeddable":true,"href":"https:\/\/gpl-love.com\/es\/wp-json\/wp\/v2\/comments?post=125194"}],"wp:featuredmedia":[{"embeddable":true,"href":"https:\/\/gpl-love.com\/es\/wp-json\/wp\/v2\/media\/165421"}],"wp:attachment":[{"href":"https:\/\/gpl-love.com\/es\/wp-json\/wp\/v2\/media?parent=125194"}],"wp:term":[{"taxonomy":"product_brand","embeddable":true,"href":"https:\/\/gpl-love.com\/es\/wp-json\/wp\/v2\/product_brand?post=125194"},{"taxonomy":"product_cat","embeddable":true,"href":"https:\/\/gpl-love.com\/es\/wp-json\/wp\/v2\/product_cat?post=125194"},{"taxonomy":"product_tag","embeddable":true,"href":"https:\/\/gpl-love.com\/es\/wp-json\/wp\/v2\/product_tag?post=125194"}],"curies":[{"name":"wp","href":"https:\/\/api.w.org\/{rel}","templated":true}]}}