{"id":125192,"date":"2024-09-10T00:00:00","date_gmt":"2024-09-10T05:00:00","guid":{"rendered":"https:\/\/gpl-love.com\/es\/producto\/automatorwp-fluent-crm\/"},"modified":"2026-03-09T07:19:10","modified_gmt":"2026-03-09T12:19:10","slug":"automatorwp-fluent-crm","status":"publish","type":"product","link":"https:\/\/gpl-love.com\/es\/producto\/automatorwp-fluent-crm\/","title":{"rendered":"AutomatorWP Fluent CRM 1.1.2"},"content":{"rendered":"<h3>AutomatorWP Fluent CRM Caracteristicas<\/h3>\n<p>Automatorwp Fluent CRM es una herramienta de automatizaci\u00f3n incre\u00edblemente robusta que se integra perfectamente con CRM fluida, facilitando as\u00ed la racionalizaci\u00f3n de sus esfuerzos de marketing. Al aprovechar esta herramienta, puede automatizar sin esfuerzo varios aspectos de su estrategia de marketing, incluidas el marketing por correo electr\u00f3nico, la generaci\u00f3n de leads y las campa\u00f1as de participaci\u00f3n del cliente. Lo que distingue a AutomatorWp Fluent CRM es su extensa colecci\u00f3n de flujos de trabajo de automatizaci\u00f3n previos a la construcci\u00f3n, que se pueden personalizar f\u00e1cilmente para satisfacer sus requisitos espec\u00edficos. Adem\u00e1s, esta herramienta lo capacita con la capacidad de rastrear y monitorear la actividad del usuario, lo que posteriormente desencadena acciones basadas en su comportamiento. En esencia, AutomatorWP Fluent CRM no solo le ahorra tiempo y esfuerzo invaluables, sino que tambi\u00e9n maximiza la eficiencia de sus esfuerzos de marketing. Ya sea que sea propietario de una peque\u00f1a empresa o un profesional de marketing experimentado, esta herramienta indispensable est\u00e1 garantizada para impulsar el crecimiento de su negocio a nuevas alturas.<\/p>\n<ul>\n<li>Automatizaci\u00f3n potente y eficiente para su CRM fluido<\/li>\n<li>Interfaz f\u00e1cil de usar para construir automatizaciones complejas en unos pocos clics<\/li>\n<li>Plantillas de automatizaci\u00f3n listas para usar para ahorrarle tiempo y esfuerzo<\/li>\n<li>Integre con m\u00e1s de 300 aplicaciones y servicios que incluyen WordPress, WooCommerce y Zapier<\/li>\n<li>Automatizar sus campa\u00f1as de marketing, procesos de ventas, atenci\u00f3n al cliente y m\u00e1s<\/li>\n<li>Desencadenantes y condiciones avanzadas para crear automatizaciones personalizadas basadas en el comportamiento del cliente<\/li>\n<li>An\u00e1lisis y registros en tiempo real para rastrear el rendimiento y solucionar problemas<\/li>\n<li>Planes de precios asequibles para empresas de todos los tama\u00f1os<\/li>\n<\/ul>\n","protected":false},"excerpt":{"rendered":"<p>Automatorwp Fluent CRM es una herramienta avanzada dise\u00f1ada para optimizar su proceso de gesti\u00f3n de relaciones con el cliente. Con CRM con fluidez, puede automatizar sus tareas de marketing, ventas y servicio al cliente, liberando tiempo y recursos valiosos. Ya sea que env\u00ede correos electr\u00f3nicos personalizados, rastreando las interacciones de los clientes o la administraci\u00f3n de su canal de ventas, la interfaz intuitiva de CRM de fluidez lo hace simple y eficiente. Las caracter\u00edsticas clave incluyen an\u00e1lisis detallados, plantillas personalizables e integraci\u00f3n perfecta con sus sistemas existentes. Beneficiarse de una forma m\u00e1s inteligente y m\u00e1s eficiente de administrar sus relaciones con los clientes con AutomatorWP Fluent CRM.<\/p>\n","protected":false},"featured_media":165419,"comment_status":"open","ping_status":"open","template":"","meta":[],"product_brand":[2368],"product_cat":[1214,1206,1211],"product_tag":[2210],"class_list":{"0":"post-125192","1":"product","2":"type-product","3":"status-publish","4":"has-post-thumbnail","6":"product_brand-automatorwp","7":"product_cat-personalizacion","8":"product_cat-plugins","9":"product_cat-wordpress-plugins","10":"product_tag-automatorwp","11":"member-discount","12":"discount-restricted","14":"first","15":"instock","16":"sale","17":"downloadable","18":"virtual","19":"sold-individually","20":"purchasable","21":"product-type-simple"},"_links":{"self":[{"href":"https:\/\/gpl-love.com\/es\/wp-json\/wp\/v2\/product\/125192","targetHints":{"allow":["GET"]}}],"collection":[{"href":"https:\/\/gpl-love.com\/es\/wp-json\/wp\/v2\/product"}],"about":[{"href":"https:\/\/gpl-love.com\/es\/wp-json\/wp\/v2\/types\/product"}],"replies":[{"embeddable":true,"href":"https:\/\/gpl-love.com\/es\/wp-json\/wp\/v2\/comments?post=125192"}],"wp:featuredmedia":[{"embeddable":true,"href":"https:\/\/gpl-love.com\/es\/wp-json\/wp\/v2\/media\/165419"}],"wp:attachment":[{"href":"https:\/\/gpl-love.com\/es\/wp-json\/wp\/v2\/media?parent=125192"}],"wp:term":[{"taxonomy":"product_brand","embeddable":true,"href":"https:\/\/gpl-love.com\/es\/wp-json\/wp\/v2\/product_brand?post=125192"},{"taxonomy":"product_cat","embeddable":true,"href":"https:\/\/gpl-love.com\/es\/wp-json\/wp\/v2\/product_cat?post=125192"},{"taxonomy":"product_tag","embeddable":true,"href":"https:\/\/gpl-love.com\/es\/wp-json\/wp\/v2\/product_tag?post=125192"}],"curies":[{"name":"wp","href":"https:\/\/api.w.org\/{rel}","templated":true}]}}