{"id":124680,"date":"2026-03-26T00:00:00","date_gmt":"2026-03-26T05:00:00","guid":{"rendered":"https:\/\/gpl-love.com\/es\/producto\/paid-memberships-pro\/"},"modified":"2026-04-10T11:20:57","modified_gmt":"2026-04-10T16:20:57","slug":"paid-memberships-pro","status":"publish","type":"product","link":"https:\/\/gpl-love.com\/es\/producto\/paid-memberships-pro\/","title":{"rendered":"Paid Memberships Pro 3.7.1"},"content":{"rendered":"<h3>Paid Memberships Pro Caracteristicas<\/h3>\n<p>Pay Merships Pro es un complemento de membres\u00eda altamente robusto y multifac\u00e9tico que se ha desarrollado espec\u00edficamente para ayudar a los propietarios de sitios web a transformar sus sitios web en empresas en l\u00ednea exitosas y lucrativas. Al utilizar su gama avanzada de funciones, el complemento faculta a los propietarios del sitio web para generar y administrar diversos niveles de membres\u00eda, establecer y configurar planes de suscripci\u00f3n, integrarse sin problemas con las pasarelas de pago y proteger efectivamente el contenido valioso detr\u00e1s de una pared de membres\u00eda segura. El complemento proporciona un nivel de control incomparable sobre las intrincadas facetas de la gesti\u00f3n de la membres\u00eda, que abarca elementos indispensables, como perfiles de miembros, formularios de registro y recordatorios de renovaci\u00f3n oportunos. Con una experiencia de usuario impecable, MemberShips PRO PRO se puede adaptar y personalizarse totalmente para alinearse sin problemas con la marca y el dise\u00f1o \u00fanicos de cualquier sitio web. Adem\u00e1s, el complemento representa un proceso de configuraci\u00f3n notablemente sencillo y sin problemas, complementado por asistencia excepcional y documentaci\u00f3n integral, lo que permite a los propietarios de sitios web aprovechar de manera \u00f3ptima su potencial de ingresos por membres\u00eda. En consecuencia, con la invaluable implementaci\u00f3n de MemberShips Pro Page Pro, los propietarios de sitios web pueden capitalizar de manera inmediata la rentabilidad de su sitio web, culminando en el establecimiento de un flujo de ingresos perpetuo y sostenible para su estimado negocio.<\/p>\n<ul>\n<li>Complemento integral de WordPress que permite a los propietarios de sitios web crear y administrar membres\u00edas pagas<\/li>\n<li>Interfaz f\u00e1cil de usar que permite una configuraci\u00f3n y personalizaci\u00f3n simples<\/li>\n<li>Ofrece opciones de precios flexibles y la capacidad de crear m\u00faltiples niveles de membres\u00eda<\/li>\n<li>Proporciona varias integraciones de pasarela de pago, incluidos PayPal y Stripe<\/li>\n<li>Permite la gesti\u00f3n de miembros, incluida la creaci\u00f3n de cuentas, la renovaci\u00f3n y la cancelaci\u00f3n.<\/li>\n<li>Incluye caracter\u00edsticas s\u00f3lidas de informes y an\u00e1lisis para rastrear la membres\u00eda y el crecimiento de los ingresos<\/li>\n<li>Ofrece caracter\u00edsticas avanzadas, como p\u00e1ginas de inicio de sesi\u00f3n personalizadas y directorios de miembros, con extensiones complementarias<\/li>\n<li>Proporciona una excelente atenci\u00f3n al cliente y una comunidad robusta de usuarios para ayudar con cualquier pregunta o problema.<\/li>\n<\/ul>\n","protected":false},"excerpt":{"rendered":"<p>Memberships Pro Paying Pro es un complemento de membres\u00eda excepcionalmente robusto y altamente efectivo dise\u00f1ado espec\u00edficamente para WordPress, que le ofrece una amplia gama de funcionalidades para crear y administrar eficientemente el contenido premium, los planes de suscripci\u00f3n y los perfiles de los miembros. Al integrar a la perfecci\u00f3n las integraciones de pagos incorporadas, este notable complemento le permite cobrar sin esfuerzo por el acceso a su contenido valioso y exclusivo, manteniendo sin esfuerzo un registro preciso e integral de datos esenciales de los clientes. Adem\u00e1s, con una variedad impresionante de caracter\u00edsticas personalizables, las membres\u00edas pagas Pro lo capacitan a adaptar sin problemas y precisamente su sitio web de membres\u00eda para alinearse perfectamente y cumplir con sus requisitos y objetivos comerciales distintivos e incomparables.<\/p>\n","protected":false},"featured_media":167149,"comment_status":"open","ping_status":"open","template":"","meta":[],"product_brand":[2524],"product_cat":[1325,1206,1211],"product_tag":[2255],"class_list":{"0":"post-124680","1":"product","2":"type-product","3":"status-publish","4":"has-post-thumbnail","6":"product_brand-paid-memberships-pro","7":"product_cat-afiliacion","8":"product_cat-plugins","9":"product_cat-wordpress-plugins","10":"product_tag-paid-memberships-pro","11":"member-discount","12":"discount-restricted","14":"first","15":"instock","16":"sale","17":"downloadable","18":"virtual","19":"sold-individually","20":"purchasable","21":"product-type-simple"},"_links":{"self":[{"href":"https:\/\/gpl-love.com\/es\/wp-json\/wp\/v2\/product\/124680","targetHints":{"allow":["GET"]}}],"collection":[{"href":"https:\/\/gpl-love.com\/es\/wp-json\/wp\/v2\/product"}],"about":[{"href":"https:\/\/gpl-love.com\/es\/wp-json\/wp\/v2\/types\/product"}],"replies":[{"embeddable":true,"href":"https:\/\/gpl-love.com\/es\/wp-json\/wp\/v2\/comments?post=124680"}],"wp:featuredmedia":[{"embeddable":true,"href":"https:\/\/gpl-love.com\/es\/wp-json\/wp\/v2\/media\/167149"}],"wp:attachment":[{"href":"https:\/\/gpl-love.com\/es\/wp-json\/wp\/v2\/media?parent=124680"}],"wp:term":[{"taxonomy":"product_brand","embeddable":true,"href":"https:\/\/gpl-love.com\/es\/wp-json\/wp\/v2\/product_brand?post=124680"},{"taxonomy":"product_cat","embeddable":true,"href":"https:\/\/gpl-love.com\/es\/wp-json\/wp\/v2\/product_cat?post=124680"},{"taxonomy":"product_tag","embeddable":true,"href":"https:\/\/gpl-love.com\/es\/wp-json\/wp\/v2\/product_tag?post=124680"}],"curies":[{"name":"wp","href":"https:\/\/api.w.org\/{rel}","templated":true}]}}