{"id":124605,"date":"2026-01-24T00:00:00","date_gmt":"2026-01-24T05:00:00","guid":{"rendered":"https:\/\/gpl-love.com\/es\/producto\/paid-memberships-pro-address-for-free-levels-addon\/"},"modified":"2026-04-10T11:20:58","modified_gmt":"2026-04-10T16:20:58","slug":"paid-memberships-pro-address-for-free-levels-addon","status":"publish","type":"product","link":"https:\/\/gpl-love.com\/es\/producto\/paid-memberships-pro-address-for-free-levels-addon\/","title":{"rendered":"Paid Memberships Pro Address For Free Levels Addon 0.6.2"},"content":{"rendered":"<h3>Paid Memberships Pro Address For Free Levels Addon Caracteristicas<\/h3>\n<p>La direcci\u00f3n de Memberships PRO de Memberships para niveles gratuitos, el complemento es una herramienta extremadamente potente que otorga a los propietarios de sitios web la capacidad de ofrecer membres\u00edas complementarias al tiempo que recopila simult\u00e1neamente la informaci\u00f3n de direcci\u00f3n crucial de sus estimados miembros. Dise\u00f1ado espec\u00edficamente para integrarse perfectamente con el complemento MemberShips PRO PRO PROGADO inmensamente popular, este complemento ofrece a los propietarios del sitio web un medio simplificado y sin esfuerzo para acumular y conservar de forma segura los datos de direcci\u00f3n vitales relacionados con sus miembros apreciados. Armados con este invaluable complemento, los propietarios de sitios web est\u00e1n facultados para administrar y aprovechar h\u00e1bilmente la informaci\u00f3n de la direcci\u00f3n de sus miembros para una multitud de prop\u00f3sitos, incluidos, entre otros, el env\u00edo conveniente de productos y la difusi\u00f3n perfecta de boletines. Adem\u00e1s, este complemento cuenta con un proceso de instalaci\u00f3n y configuraci\u00f3n f\u00e1cil de usar, complementado por una amplia gama de opciones de personalizaci\u00f3n que se adaptan meticulosamente para satisfacer los requisitos \u00fanicos de varios sitios web. En la totalidad, la direcci\u00f3n Pro Pay MemberShips para niveles gratuitos, el complemento surge inequ\u00edvocamente como una herramienta indispensable para cada propietario de un sitio web exigente que anhela reunirse y recopilar concienzudamente la informaci\u00f3n de la direcci\u00f3n de sus estimados miembros.<\/p>\n<ul>\n<li>Ofrece una soluci\u00f3n simple y efectiva para ofrecer niveles de membres\u00eda gratuitos a los miembros de su sitio web<\/li>\n<li>Se integra sin problemas con MemberShips Pro pagado, uno de los principales complementos de membres\u00eda para WordPress<\/li>\n<li>Le permite crear un nivel de membres\u00eda gratuito y restringir el acceso a cierto contenido en su sitio para usuarios gratuitos.<\/li>\n<li>Proporciona una interfaz f\u00e1cil de usar para administrar su nivel de membres\u00eda gratuito, incluida la configuraci\u00f3n de formularios de registro y personalizaci\u00f3n de la experiencia de los miembros.<\/li>\n<li>Le permite ofrecer beneficios y beneficios especiales a sus miembros gratuitos para incentivarlos a actualizar a membres\u00edas pagas<\/li>\n<li>Incluye caracter\u00edsticas de informes incorporadas que le permiten rastrear qu\u00e9 usuarios se han registrado para su nivel de membres\u00eda gratuito y c\u00f3mo interact\u00faan con su sitio<\/li>\n<li>Ideal para cualquiera que busque construir una comunidad en su sitio web u ofrecer contenido exclusivo a su audiencia.<\/li>\n<\/ul>\n","protected":false},"excerpt":{"rendered":"<p>La direcci\u00f3n de Memberships PRO de Memberships para niveles gratuitos, el complemento sirve como una soluci\u00f3n impecable e invaluable para las empresas que desean proporcionar membres\u00edas de cortes\u00eda y al mismo tiempo adquiere detalles de las direcciones de usuario, todo de manera perfecta. Al emplear este complemento muy ventajoso, las empresas pueden incorporar a los usuarios sin esfuerzo a ingresar su informaci\u00f3n de direcci\u00f3n como parte del proceso de registro, que luego puede conservarse de forma segura para la utilizaci\u00f3n futura. Esta herramienta es innegablemente indispensable para las empresas que aspiran a expandir sus listas de correo, dirigirse geogr\u00e1ficamente a regiones espec\u00edficas o simplemente acumular datos de usuario valiosos. Sorprendentemente, con la utilizaci\u00f3n de las membres\u00edas pagas de la direcci\u00f3n Pro para niveles gratuitos, las empresas pueden garantizar una experiencia del usuario excepcional, todo al tiempo que acumula datos esenciales de manera efectiva para cultivar y mejorar a\u00fan m\u00e1s su empresa.<\/p>\n","protected":false},"featured_media":167151,"comment_status":"open","ping_status":"open","template":"","meta":[],"product_brand":[2524],"product_cat":[1232,1206,1211],"product_tag":[2255],"class_list":{"0":"post-124605","1":"product","2":"type-product","3":"status-publish","4":"has-post-thumbnail","6":"product_brand-paid-memberships-pro","7":"product_cat-marketing-wordpress-plugins","8":"product_cat-plugins","9":"product_cat-wordpress-plugins","10":"product_tag-paid-memberships-pro","11":"member-discount","12":"discount-restricted","14":"first","15":"instock","16":"sale","17":"downloadable","18":"virtual","19":"sold-individually","20":"purchasable","21":"product-type-simple"},"_links":{"self":[{"href":"https:\/\/gpl-love.com\/es\/wp-json\/wp\/v2\/product\/124605","targetHints":{"allow":["GET"]}}],"collection":[{"href":"https:\/\/gpl-love.com\/es\/wp-json\/wp\/v2\/product"}],"about":[{"href":"https:\/\/gpl-love.com\/es\/wp-json\/wp\/v2\/types\/product"}],"replies":[{"embeddable":true,"href":"https:\/\/gpl-love.com\/es\/wp-json\/wp\/v2\/comments?post=124605"}],"wp:featuredmedia":[{"embeddable":true,"href":"https:\/\/gpl-love.com\/es\/wp-json\/wp\/v2\/media\/167151"}],"wp:attachment":[{"href":"https:\/\/gpl-love.com\/es\/wp-json\/wp\/v2\/media?parent=124605"}],"wp:term":[{"taxonomy":"product_brand","embeddable":true,"href":"https:\/\/gpl-love.com\/es\/wp-json\/wp\/v2\/product_brand?post=124605"},{"taxonomy":"product_cat","embeddable":true,"href":"https:\/\/gpl-love.com\/es\/wp-json\/wp\/v2\/product_cat?post=124605"},{"taxonomy":"product_tag","embeddable":true,"href":"https:\/\/gpl-love.com\/es\/wp-json\/wp\/v2\/product_tag?post=124605"}],"curies":[{"name":"wp","href":"https:\/\/api.w.org\/{rel}","templated":true}]}}