{"id":124601,"date":"2026-03-25T00:00:00","date_gmt":"2026-03-25T05:00:00","guid":{"rendered":"https:\/\/gpl-love.com\/es\/producto\/paid-memberships-pro-approvals-addon\/"},"modified":"2026-04-10T11:21:00","modified_gmt":"2026-04-10T16:21:00","slug":"paid-memberships-pro-approvals-addon","status":"publish","type":"product","link":"https:\/\/gpl-love.com\/es\/producto\/paid-memberships-pro-approvals-addon\/","title":{"rendered":"Paid Memberships Pro Approvals Addon 1.7"},"content":{"rendered":"<h3>Paid Memberships Pro Approvals Addon Caracteristicas<\/h3>\n<p>El complemento de las aprobaciones pro de membres\u00edas pagas es una herramienta muy robusta y efectiva que proporciona a los propietarios de sitios web la capacidad de revisar y autorizar manualmente las nuevas membres\u00edas antes de otorgarles acceso al sitio. Este notable complemento se integra sin problemas con el complemento PAGE MemberShips Pro, facilitando as\u00ed la gesti\u00f3n sin esfuerzo de las solicitudes de membres\u00eda y garantizando que solo las personas elegibles reciban privilegios de acceso. Al usar este complemento, los propietarios de sitios web est\u00e1n facultados para adaptar el proceso de aprobaci\u00f3n de acuerdo con sus requisitos espec\u00edficos, establecer notificaciones de correo electr\u00f3nico personalizadas y acceder a informes integrales relacionados con la actividad de membres\u00eda. En su totalidad, el complemento de las aprobaciones de membres\u00edas pagas sirve como un activo indispensable para cualquier propietario del sitio web que busque optimizar su procedimiento de gesti\u00f3n de membres\u00eda y garantizar la mayor seguridad de su sitio.<\/p>\n<ul>\n<li>Optimizar el proceso de aprobaci\u00f3n de la membres\u00eda para membres\u00edas pagas Pro<\/li>\n<li>Permite a los administradores del sitio aprobar o rechazar f\u00e1cilmente las solicitudes de membres\u00eda<\/li>\n<li>Presenta correos electr\u00f3nicos de aprobaci\u00f3n personalizables para un toque m\u00e1s profesional y personalizado<\/li>\n<li>Habilita la creaci\u00f3n de formularios de solicitud de membres\u00eda personalizados para niveles de membres\u00eda espec\u00edficos<\/li>\n<li>Proporciona la capacidad de hacer preguntas personalizadas durante el proceso de solicitud de membres\u00eda<\/li>\n<li>Permite a los administradores establecer la aprobaci\u00f3n autom\u00e1tica para ciertos niveles o roles de membres\u00eda<\/li>\n<li>Proporciona una gesti\u00f3n mejorada de miembros al proporcionar una visi\u00f3n general de los miembros pendientes y aprobados<\/li>\n<li>Ofrece una integraci\u00f3n perfecta con MemberShips PRO y sus pasarelas de pago<\/li>\n<li>Elimina la necesidad de aprobaci\u00f3n manual y proporciona un proceso de solicitud de membres\u00eda sin problemas<\/li>\n<li>Ayuda a garantizar que solo los miembros m\u00e1s calificados y relevantes tengan acceso a contenido premium en un sitio web o blog.<\/li>\n<\/ul>\n","protected":false},"excerpt":{"rendered":"<p>El complemento de aprobaciones de membres\u00edas pagas, un complemento innovador, se ha desarrollado espec\u00edficamente para mejorar y acelerar el procedimiento de aprobaci\u00f3n de nuevos registros de miembros. Al incorporar este conveniente complemento, los administradores del sitio est\u00e1n facultados para evaluar y autorizar sin esfuerzo o rechazar nuevas solicitudes de membres\u00eda, otorg\u00e1ndoles as\u00ed una mayor autoridad para regular el acceso a contenido o servicios exclusivos. Adem\u00e1s, el complemento facilita la personalizaci\u00f3n de las notificaciones por correo electr\u00f3nico, atiende a las solicitudes aprobadas y rechazadas, simplificando as\u00ed la comunicaci\u00f3n con miembros potenciales y garantizando la m\u00e1xima eficiencia. Si se encuentra buscando una soluci\u00f3n para optimizar el proceso de aprobaci\u00f3n y reforzar la gesti\u00f3n de su sitio de membres\u00eda, no busque m\u00e1s que el complemento de las membres\u00edas de las aprobaciones pagadas, ya que sin duda es una elecci\u00f3n excepcional.<\/p>\n","protected":false},"featured_media":167153,"comment_status":"open","ping_status":"open","template":"","meta":[],"product_brand":[2524],"product_cat":[1212,1206,1211],"product_tag":[2255],"class_list":{"0":"post-124601","1":"product","2":"type-product","3":"status-publish","4":"has-post-thumbnail","6":"product_brand-paid-memberships-pro","7":"product_cat-administracion-wordpress-plugins","8":"product_cat-plugins","9":"product_cat-wordpress-plugins","10":"product_tag-paid-memberships-pro","11":"member-discount","12":"discount-restricted","14":"first","15":"instock","16":"sale","17":"downloadable","18":"virtual","19":"sold-individually","20":"purchasable","21":"product-type-simple"},"_links":{"self":[{"href":"https:\/\/gpl-love.com\/es\/wp-json\/wp\/v2\/product\/124601","targetHints":{"allow":["GET"]}}],"collection":[{"href":"https:\/\/gpl-love.com\/es\/wp-json\/wp\/v2\/product"}],"about":[{"href":"https:\/\/gpl-love.com\/es\/wp-json\/wp\/v2\/types\/product"}],"replies":[{"embeddable":true,"href":"https:\/\/gpl-love.com\/es\/wp-json\/wp\/v2\/comments?post=124601"}],"wp:featuredmedia":[{"embeddable":true,"href":"https:\/\/gpl-love.com\/es\/wp-json\/wp\/v2\/media\/167153"}],"wp:attachment":[{"href":"https:\/\/gpl-love.com\/es\/wp-json\/wp\/v2\/media?parent=124601"}],"wp:term":[{"taxonomy":"product_brand","embeddable":true,"href":"https:\/\/gpl-love.com\/es\/wp-json\/wp\/v2\/product_brand?post=124601"},{"taxonomy":"product_cat","embeddable":true,"href":"https:\/\/gpl-love.com\/es\/wp-json\/wp\/v2\/product_cat?post=124601"},{"taxonomy":"product_tag","embeddable":true,"href":"https:\/\/gpl-love.com\/es\/wp-json\/wp\/v2\/product_tag?post=124601"}],"curies":[{"name":"wp","href":"https:\/\/api.w.org\/{rel}","templated":true}]}}