{"id":124599,"date":"2025-02-12T00:00:00","date_gmt":"2025-02-12T05:00:00","guid":{"rendered":"https:\/\/gpl-love.com\/es\/producto\/paid-memberships-pro-auto-renewal-checkbox\/"},"modified":"2026-04-10T11:21:01","modified_gmt":"2026-04-10T16:21:01","slug":"paid-memberships-pro-auto-renewal-checkbox","status":"publish","type":"product","link":"https:\/\/gpl-love.com\/es\/producto\/paid-memberships-pro-auto-renewal-checkbox\/","title":{"rendered":"Paid Memberships Pro Auto Renewal Checkbox 0.4.1"},"content":{"rendered":"<h3>Paid Memberships Pro Auto Renewal Checkbox Caracteristicas<\/h3>\n<p>La inclusi\u00f3n de la casilla de verificaci\u00f3n Renovaci\u00f3n de Auto Renewal de Membreships Pay es una necesidad imperativa para las empresas en l\u00ednea que brindan servicios basados \u200b\u200ben suscripciones. Ofrece a los miembros la conveniencia de inscribirse en renovaciones autom\u00e1ticas para sus membres\u00edas, eliminando as\u00ed los inconvenientes asociados con las renovaciones manuales. Al implementar esta caracter\u00edstica, los miembros pueden disfrutar de un acceso ininterrumpido a sus ofertas sin la carga de renovar constantemente sus suscripciones al vencimiento. Adem\u00e1s, este atributo ayuda a las empresas a frenar el desgaste de los clientes y reforzar sus ingresos, ya que garantiza que los miembros no pierdan sin darse cuenta el acceso a sus suscripciones debido a la supervisi\u00f3n para renovarlos. En general, la coda de verificaci\u00f3n de renovaci\u00f3n de Auto Renewal de membres\u00edas pagas es una inversi\u00f3n encomiable para las empresas que buscan optimizar sus procedimientos de suscripci\u00f3n y mejorar la experiencia de su cliente.<\/p>\n<ul>\n<li>Habilita la renovaci\u00f3n de membres\u00eda autom\u00e1tica para miembros pagos<\/li>\n<li>Reduce la fricci\u00f3n en el proceso de renovaci\u00f3n para los miembros<\/li>\n<li>Asegura un acceso ininterrumpido a contenido o servicios exclusivos para los miembros<\/li>\n<li>Proporciona conveniencia para los miembros que desean continuar con su membres\u00eda<\/li>\n<li>Ahorra tiempo y esfuerzo tanto para los miembros como para los administradores del sitio<\/li>\n<li>Compatible con el complemento de Memberships Pro pagado, una de las soluciones de membres\u00eda m\u00e1s populares para los sitios web de WordPress<\/li>\n<li>F\u00e1cil de configurar y personalizar para diferentes niveles de membres\u00eda y duraciones<\/li>\n<li>Viene con documentaci\u00f3n detallada y soporte del desarrollador de complementos<\/li>\n<li>Precios asequibles con una opci\u00f3n de pago \u00fanica<\/li>\n<li>Aumenta las tasas de retenci\u00f3n de miembros e ingresos recurrentes para las empresas en l\u00ednea<\/li>\n<\/ul>\n","protected":false},"excerpt":{"rendered":"<p>La casilla de verificaci\u00f3n de renovaci\u00f3n autom\u00e1tica ofrecida por el Pro MemberShips Pro es una caracter\u00edstica inmensamente valiosa y pr\u00e1ctica que toma la responsabilidad de los miembros para renovar manualmente su suscripci\u00f3n una vez que alcanza su fecha de vencimiento. Con una mera tic de esta casilla de verificaci\u00f3n, los miembros pueden garantizar sin esfuerzo el acceso ininterrumpido a contenido exclusivo y de alta calidad, as\u00ed como una mir\u00edada de beneficios. Este atributo f\u00e1cil de usar y ahorrador de tiempo no solo garantiza una experiencia perfecta y sin problemas para los usuarios, sino que tambi\u00e9n juega un papel fundamental en el aumento de la lealtad del cliente y los niveles generales de satisfacci\u00f3n.<\/p>\n","protected":false},"featured_media":167154,"comment_status":"open","ping_status":"open","template":"","meta":[],"product_brand":[2524],"product_cat":[1325,1206,1211],"product_tag":[2255],"class_list":{"0":"post-124599","1":"product","2":"type-product","3":"status-publish","4":"has-post-thumbnail","6":"product_brand-paid-memberships-pro","7":"product_cat-afiliacion","8":"product_cat-plugins","9":"product_cat-wordpress-plugins","10":"product_tag-paid-memberships-pro","11":"member-discount","12":"discount-restricted","14":"first","15":"instock","16":"sale","17":"downloadable","18":"virtual","19":"sold-individually","20":"purchasable","21":"product-type-simple"},"_links":{"self":[{"href":"https:\/\/gpl-love.com\/es\/wp-json\/wp\/v2\/product\/124599","targetHints":{"allow":["GET"]}}],"collection":[{"href":"https:\/\/gpl-love.com\/es\/wp-json\/wp\/v2\/product"}],"about":[{"href":"https:\/\/gpl-love.com\/es\/wp-json\/wp\/v2\/types\/product"}],"replies":[{"embeddable":true,"href":"https:\/\/gpl-love.com\/es\/wp-json\/wp\/v2\/comments?post=124599"}],"wp:featuredmedia":[{"embeddable":true,"href":"https:\/\/gpl-love.com\/es\/wp-json\/wp\/v2\/media\/167154"}],"wp:attachment":[{"href":"https:\/\/gpl-love.com\/es\/wp-json\/wp\/v2\/media?parent=124599"}],"wp:term":[{"taxonomy":"product_brand","embeddable":true,"href":"https:\/\/gpl-love.com\/es\/wp-json\/wp\/v2\/product_brand?post=124599"},{"taxonomy":"product_cat","embeddable":true,"href":"https:\/\/gpl-love.com\/es\/wp-json\/wp\/v2\/product_cat?post=124599"},{"taxonomy":"product_tag","embeddable":true,"href":"https:\/\/gpl-love.com\/es\/wp-json\/wp\/v2\/product_tag?post=124599"}],"curies":[{"name":"wp","href":"https:\/\/api.w.org\/{rel}","templated":true}]}}