{"id":124597,"date":"2022-03-17T00:00:00","date_gmt":"2022-03-17T05:00:00","guid":{"rendered":"https:\/\/gpl-love.com\/es\/producto\/paid-memberships-pro-avatax-addon\/"},"modified":"2026-04-10T11:21:02","modified_gmt":"2026-04-10T16:21:02","slug":"paid-memberships-pro-avatax-addon","status":"publish","type":"product","link":"https:\/\/gpl-love.com\/es\/producto\/paid-memberships-pro-avatax-addon\/","title":{"rendered":"Paid Memberships Pro AvaTax Addon 0.1"},"content":{"rendered":"<h3>Paid Memberships Pro AvaTax Addon Caracteristicas<\/h3>\n<p>El complemento PROUR MIELSHIPS Pro Avatax es una herramienta excepcionalmente potente meticulosamente dise\u00f1ada para ayudar a las empresas a optimizar su proceso de cumplimiento fiscal, atendiendo la naturaleza en constante evoluci\u00f3n de las leyes fiscales. Al aprovechar este complemento, los usuarios est\u00e1n facultados para calcular y aplicar sin esfuerzo impuestos a las ventas a sus tarifas y transacciones de membres\u00eda, asegurando as\u00ed su inquebrantable cumplimiento de las regulaciones fiscales. La integraci\u00f3n de Avatax otorga a las empresas la capacidad de automatizar sus c\u00e1lculos fiscales, simplificando as\u00ed la gesti\u00f3n y minimizando dr\u00e1sticamente la probabilidad de errores. Adem\u00e1s, este complemento cuenta con una gran cantidad de atributos avanzados, que incluyen, entre otros, la gesti\u00f3n de la exenci\u00f3n, la validaci\u00f3n de direcciones e informes, lo que es un activo indispensable para cualquier empresa que busque optimizar sus operaciones de cumplimiento fiscal. En virtud de las membres\u00edas pagas Pro Avatax Addon, las empresas tienen la oportunidad de ahorrar tiempo y recursos valiosos, todo mientras mantiene un cumplimiento estricto con las leyes fiscales.<\/p>\n<ul>\n<li>Habilita el c\u00e1lculo de impuestos autom\u00e1ticos para las transacciones pro pagas pro transacciones<\/li>\n<li>Se integra con el software Avatax de Avalara, una soluci\u00f3n de cumplimiento fiscal ampliamente confiable y com\u00fanmente utilizada<\/li>\n<li>Se puede configurar para manejar reglas fiscales complejas, incluidas las tasas impositivas variables basadas en la ubicaci\u00f3n y el tipo de producto<\/li>\n<li>Proporciona c\u00e1lculos fiscales en tiempo real para transacciones, reduciendo el riesgo de errores o incumplimiento<\/li>\n<li>Aplica autom\u00e1ticamente los impuestos a las transacciones, reduciendo la carga administrativa de la gesti\u00f3n de impuestos manualmente<\/li>\n<li>Ofrece opciones flexibles de exenci\u00f3n de impuestos, lo que permite a las organizaciones eximir a miembros espec\u00edficos o transacciones de los impuestos seg\u00fan sea necesario<\/li>\n<li>Puede generar informes fiscales detallados y pistas de auditor\u00eda con fines de cumplimiento y contabilidad<\/li>\n<li>Proporciona caracter\u00edsticas de seguridad mejoradas para proteger la informaci\u00f3n confidencial de clientes y transacciones<\/li>\n<li>Incluye soporte dedicado y actualizaciones continuas para garantizar el c\u00e1lculo y el cumplimiento de impuestos consistentes y confiables.<\/li>\n<li>Compatible con WordPress y el complemento de Memberships Pro pagado, y no requiere ning\u00fan conocimiento de codificaci\u00f3n para configurar y usar.<\/li>\n<\/ul>\n","protected":false},"excerpt":{"rendered":"<p>El complemento de Memberships Pro Avatax, equipado con sus capacidades robustas, atiende al prop\u00f3sito de facilitar la racionalizaci\u00f3n de su proceso de gesti\u00f3n fiscal. Al integrarse sin problemas con su cuenta Pro Page MemberShips Pro, este complemento aprovecha la plataforma Avalara Avatax para calcular autom\u00e1ticamente su impuesto sobre las ventas. Esta caracter\u00edstica le asegura que se mantenga constantemente que cumple con las leyes fiscales m\u00e1s actualizadas, todo mientras reduce significativamente el tiempo y el esfuerzo que de otro modo tendr\u00eda que invertir en la gesti\u00f3n de sus impuestos. Independientemente de si est\u00e1 operando un negocio de tama\u00f1o modesto o supervisar las operaciones de un sitio de membres\u00eda sustancial, el complemento de MemberShips Pro Avatax se presenta como la soluci\u00f3n ideal para simplificar su proceso fiscal.<\/p>\n","protected":false},"featured_media":167155,"comment_status":"open","ping_status":"open","template":"","meta":[],"product_brand":[2524],"product_cat":[1212,1206,1211],"product_tag":[2255],"class_list":{"0":"post-124597","1":"product","2":"type-product","3":"status-publish","4":"has-post-thumbnail","6":"product_brand-paid-memberships-pro","7":"product_cat-administracion-wordpress-plugins","8":"product_cat-plugins","9":"product_cat-wordpress-plugins","10":"product_tag-paid-memberships-pro","11":"member-discount","12":"discount-restricted","14":"first","15":"instock","16":"sale","17":"downloadable","18":"virtual","19":"sold-individually","20":"purchasable","21":"product-type-simple"},"_links":{"self":[{"href":"https:\/\/gpl-love.com\/es\/wp-json\/wp\/v2\/product\/124597","targetHints":{"allow":["GET"]}}],"collection":[{"href":"https:\/\/gpl-love.com\/es\/wp-json\/wp\/v2\/product"}],"about":[{"href":"https:\/\/gpl-love.com\/es\/wp-json\/wp\/v2\/types\/product"}],"replies":[{"embeddable":true,"href":"https:\/\/gpl-love.com\/es\/wp-json\/wp\/v2\/comments?post=124597"}],"wp:featuredmedia":[{"embeddable":true,"href":"https:\/\/gpl-love.com\/es\/wp-json\/wp\/v2\/media\/167155"}],"wp:attachment":[{"href":"https:\/\/gpl-love.com\/es\/wp-json\/wp\/v2\/media?parent=124597"}],"wp:term":[{"taxonomy":"product_brand","embeddable":true,"href":"https:\/\/gpl-love.com\/es\/wp-json\/wp\/v2\/product_brand?post=124597"},{"taxonomy":"product_cat","embeddable":true,"href":"https:\/\/gpl-love.com\/es\/wp-json\/wp\/v2\/product_cat?post=124597"},{"taxonomy":"product_tag","embeddable":true,"href":"https:\/\/gpl-love.com\/es\/wp-json\/wp\/v2\/product_tag?post=124597"}],"curies":[{"name":"wp","href":"https:\/\/api.w.org\/{rel}","templated":true}]}}