{"id":124595,"date":"2025-07-09T00:00:00","date_gmt":"2025-07-09T05:00:00","guid":{"rendered":"https:\/\/gpl-love.com\/es\/producto\/paid-memberships-pro-extra-expiration-warning-emails-addon\/"},"modified":"2026-04-10T11:21:05","modified_gmt":"2026-04-10T16:21:05","slug":"paid-memberships-pro-extra-expiration-warning-emails-addon","status":"publish","type":"product","link":"https:\/\/gpl-love.com\/es\/producto\/paid-memberships-pro-extra-expiration-warning-emails-addon\/","title":{"rendered":"Paid Memberships Pro Extra Expiration Warning Emails Addon 1.0.1"},"content":{"rendered":"<h3>Paid Memberships Pro Extra Expiration Warning Emails Addon Caracteristicas<\/h3>\n<p>El complemento de los correos electr\u00f3nicos de advertencia de vencimiento de Memberships Pro Extra, que es una herramienta muy potente, presenta a los propietarios de sitios web la capacidad de enviar notificaciones de correo electr\u00f3nico personalizadas y automatizadas a sus estimados miembros. Este complemento ha sido intrincadamente dise\u00f1ado para integrarse perfectamente con el complemento de membres\u00edas pagas Pro, proporcionando as\u00ed un medio eficaz para alertar a los usuarios con respecto a las fechas de vencimiento inminentes de sus membres\u00edas, mitigando as\u00ed la probabilidad de desactivaci\u00f3n inadvertida de sus cuentas. Al aprovechar este complemento, los propietarios de sitios web pueden crear sus propias plantillas de correo electr\u00f3nico a medida y configurar los aspectos temporales y la regularidad de los recordatorios de correo electr\u00f3nico, por lo que refuerza sustancialmente la probabilidad de que sus miembros nunca pasen por alto una fecha l\u00edmite de renovaci\u00f3n. Adem\u00e1s, la simplicidad de la instalaci\u00f3n y la utilizaci\u00f3n de este complemento lo convierte en un instrumento indispensable para cualquier sitio web centrado en la membres\u00eda que aspira a fortalecer su retenci\u00f3n de usuarios y generar niveles elevados de participaci\u00f3n del usuario.<\/p>\n<ul>\n<li>Env\u00eda correos electr\u00f3nicos automatizados a miembros pagos cuando su membres\u00eda se debe expirar<\/li>\n<li>Ayuda a los miembros a mantenerse conscientes de sus fechas de vencimiento de membres\u00eda<\/li>\n<li>F\u00e1cil de instalar y configurar con membres\u00edas pagas Pro<\/li>\n<li>Plantillas de correo electr\u00f3nico personalizables para adaptarse a su marca y estilo<\/li>\n<li>Se puede configurar para enviar m\u00faltiples correos electr\u00f3nicos de recordatorio que llevan a la fecha de vencimiento<\/li>\n<li>Se puede configurar para renovar autom\u00e1ticamente las membres\u00edas al vencimiento para una experiencia de usuario perfecta<\/li>\n<li>Aumenta la retenci\u00f3n de miembros al facilitarles renovar su membres\u00eda antes de que expire<\/li>\n<li>Ahorra tiempo y recursos al automatizar el proceso de recordatorio para las fechas de vencimiento de la membres\u00eda.<\/li>\n<\/ul>\n","protected":false},"excerpt":{"rendered":"<p>Los correos electr\u00f3nicos de advertencia de vencimiento de Memberships Pro Extra de Memberships se jacta de una notable funcionalidad, ya que le permite enviar correos electr\u00f3nicos de advertencia automatizados sin esfuerzo a sus valiosos clientes, sirviendo efectivamente como un recordatorio suave de que su membres\u00eda est\u00e1 preparada para expirar en el futuro cercano. Este ingenioso complemento le proporciona la capacidad de personalizar ampliamente las plantillas de correo electr\u00f3nico para alinearse perfectamente con la imagen de su marca y configurar sin esfuerzo m\u00faltiples recordatorios que se enviar\u00e1n a intervalos variables, asegurando as\u00ed que sus estimados clientes permanezcan constantemente informados sobre el estado de su membres\u00eda. En consecuencia, esto reduce significativamente la probabilidad de renovaciones pasadas por alto y mejora profundamente las tasas de retenci\u00f3n de clientes. Al integrar los correos electr\u00f3nicos de advertencia de membres\u00eda de Membreships Page Pro Extra, en su marco de gesti\u00f3n de membres\u00eda, puede optimizar sin problemas el intrincado proceso de supervisar las membres\u00edas al tiempo que fomentan los canales de comunicaci\u00f3n mejorados con sus clientes apreciados.<\/p>\n","protected":false},"featured_media":167158,"comment_status":"open","ping_status":"open","template":"","meta":[],"product_brand":[2524],"product_cat":[1214,1206,1211],"product_tag":[2255],"class_list":{"0":"post-124595","1":"product","2":"type-product","3":"status-publish","4":"has-post-thumbnail","6":"product_brand-paid-memberships-pro","7":"product_cat-personalizacion","8":"product_cat-plugins","9":"product_cat-wordpress-plugins","10":"product_tag-paid-memberships-pro","11":"member-discount","12":"discount-restricted","14":"first","15":"instock","16":"sale","17":"downloadable","18":"virtual","19":"sold-individually","20":"purchasable","21":"product-type-simple"},"_links":{"self":[{"href":"https:\/\/gpl-love.com\/es\/wp-json\/wp\/v2\/product\/124595","targetHints":{"allow":["GET"]}}],"collection":[{"href":"https:\/\/gpl-love.com\/es\/wp-json\/wp\/v2\/product"}],"about":[{"href":"https:\/\/gpl-love.com\/es\/wp-json\/wp\/v2\/types\/product"}],"replies":[{"embeddable":true,"href":"https:\/\/gpl-love.com\/es\/wp-json\/wp\/v2\/comments?post=124595"}],"wp:featuredmedia":[{"embeddable":true,"href":"https:\/\/gpl-love.com\/es\/wp-json\/wp\/v2\/media\/167158"}],"wp:attachment":[{"href":"https:\/\/gpl-love.com\/es\/wp-json\/wp\/v2\/media?parent=124595"}],"wp:term":[{"taxonomy":"product_brand","embeddable":true,"href":"https:\/\/gpl-love.com\/es\/wp-json\/wp\/v2\/product_brand?post=124595"},{"taxonomy":"product_cat","embeddable":true,"href":"https:\/\/gpl-love.com\/es\/wp-json\/wp\/v2\/product_cat?post=124595"},{"taxonomy":"product_tag","embeddable":true,"href":"https:\/\/gpl-love.com\/es\/wp-json\/wp\/v2\/product_tag?post=124595"}],"curies":[{"name":"wp","href":"https:\/\/api.w.org\/{rel}","templated":true}]}}