{"id":124556,"date":"2022-03-16T00:00:00","date_gmt":"2022-03-16T05:00:00","guid":{"rendered":"https:\/\/gpl-love.com\/es\/producto\/paid-member-subscriptions-invoices-addon\/"},"modified":"2026-04-10T11:20:50","modified_gmt":"2026-04-10T16:20:50","slug":"paid-member-subscriptions-invoices-addon","status":"publish","type":"product","link":"https:\/\/gpl-love.com\/es\/producto\/paid-member-subscriptions-invoices-addon\/","title":{"rendered":"Paid Member Subscriptions Invoices Addon 1.2.4"},"content":{"rendered":"<h3>Paid Member Subscriptions Invoices Addon Caracteristicas<\/h3>\n<p>El complemento de las suscripciones de los miembros pagos, que es una herramienta muy poderosa, ofrece a los propietarios de sitios web una forma perfecta de generar y administrar sin esfuerzo las facturas para sus suscripciones de membres\u00eda. Al utilizar este complemento, a los usuarios se les otorga la capacidad de crear facturas sin esfuerzo que posean una apariencia profesional y abarcan toda la informaci\u00f3n vital, como los detalles de la membres\u00eda, la informaci\u00f3n de pago e informaci\u00f3n de facturaci\u00f3n. Adem\u00e1s, este complemento posee personalizaci\u00f3n total, lo que permite a los usuarios facturar las facturas de moda que se alinean perfectamente con su marca y su estilo \u00fanico. Para mejorar a\u00fan m\u00e1s su utilidad, las facturas de suscripciones de miembros pagos se integra sin problemas con el complemento de suscripciones de miembros pagos, sirviendo as\u00ed como una herramienta invaluable para las personas que buscan administrar de manera efectiva sus suscripciones de membres\u00eda. En esencia, este complemento representa indudablemente una excelente opci\u00f3n para aquellos que buscan optimizar su proceso de facturaci\u00f3n y, en consecuencia, mejorar la experiencia general del usuario de su sitio web.<\/p>\n<ul>\n<li>Genera facturas para suscripciones de membres\u00eda pagada<\/li>\n<li>Permite la personalizaci\u00f3n de las plantillas de facturas<\/li>\n<li>Env\u00eda facturas autom\u00e1ticamente a los miembros por correo electr\u00f3nico<\/li>\n<li>Rastrea los estados de pago y proporciona recordatorios de pago<\/li>\n<li>Genera informes detallados sobre la actividad de facturaci\u00f3n<\/li>\n<li>Simplifica la contabilidad y la contabilidad para los programas de membres\u00eda<\/li>\n<li>Compatible con pasarelas de pago populares y complementos de membres\u00eda<\/li>\n<li>Proporciona un proceso de facturaci\u00f3n profesional y simplificado tanto para administradores como para miembros.<\/li>\n<\/ul>\n","protected":false},"excerpt":{"rendered":"<p>El complemento de las facturas de suscripciones de miembros pagos es una herramienta altamente beneficiosa que permite a los usuarios generar y manejar sin esfuerzo las facturas directamente dentro de los l\u00edmites de su sitio de WordPress. Este notable complemento ofrece la capacidad de cobrar convenientemente a sus invaluables suscriptores por una amplia gama de servicios excepcionales y productos incomparables, al tiempo que garantiza un monitoreo sin problemas de los pagos y las fechas de vencimiento. Adem\u00e1s, le otorga la capacidad invaluable de adaptar sus facturas para alinearse impecablemente con su identidad de marca individual, cortes\u00eda de la inclusi\u00f3n de su logotipo de marca tan revestido y los campos personalizados dise\u00f1ados personalmente. Al integrar este complemento indispensable en su arsenal, puede simplificar y expedir sin esfuerzo su arduo proceso de facturaci\u00f3n, y aliminar simult\u00e1neamente su intrincado esquema de gesti\u00f3n de pagos, impulsando as\u00ed su negocio a nuevas alturas de \u00e9xito y prosperidad.<\/p>\n","protected":false},"featured_media":167141,"comment_status":"open","ping_status":"open","template":"","meta":[],"product_brand":[2523],"product_cat":[1325,1206,1211],"product_tag":[2277],"class_list":{"0":"post-124556","1":"product","2":"type-product","3":"status-publish","4":"has-post-thumbnail","6":"product_brand-cozmoslabs","7":"product_cat-afiliacion","8":"product_cat-plugins","9":"product_cat-wordpress-plugins","10":"product_tag-cozmoslabs","11":"member-discount","12":"discount-restricted","14":"first","15":"instock","16":"sale","17":"downloadable","18":"virtual","19":"sold-individually","20":"purchasable","21":"product-type-simple"},"_links":{"self":[{"href":"https:\/\/gpl-love.com\/es\/wp-json\/wp\/v2\/product\/124556","targetHints":{"allow":["GET"]}}],"collection":[{"href":"https:\/\/gpl-love.com\/es\/wp-json\/wp\/v2\/product"}],"about":[{"href":"https:\/\/gpl-love.com\/es\/wp-json\/wp\/v2\/types\/product"}],"replies":[{"embeddable":true,"href":"https:\/\/gpl-love.com\/es\/wp-json\/wp\/v2\/comments?post=124556"}],"wp:featuredmedia":[{"embeddable":true,"href":"https:\/\/gpl-love.com\/es\/wp-json\/wp\/v2\/media\/167141"}],"wp:attachment":[{"href":"https:\/\/gpl-love.com\/es\/wp-json\/wp\/v2\/media?parent=124556"}],"wp:term":[{"taxonomy":"product_brand","embeddable":true,"href":"https:\/\/gpl-love.com\/es\/wp-json\/wp\/v2\/product_brand?post=124556"},{"taxonomy":"product_cat","embeddable":true,"href":"https:\/\/gpl-love.com\/es\/wp-json\/wp\/v2\/product_cat?post=124556"},{"taxonomy":"product_tag","embeddable":true,"href":"https:\/\/gpl-love.com\/es\/wp-json\/wp\/v2\/product_tag?post=124556"}],"curies":[{"name":"wp","href":"https:\/\/api.w.org\/{rel}","templated":true}]}}