{"id":124554,"date":"2022-03-16T00:00:00","date_gmt":"2022-03-16T05:00:00","guid":{"rendered":"https:\/\/gpl-love.com\/es\/producto\/paid-member-subscriptions-multiple-subscriptions-per-user\/"},"modified":"2026-04-10T11:20:51","modified_gmt":"2026-04-10T16:20:51","slug":"paid-member-subscriptions-multiple-subscriptions-per-user","status":"publish","type":"product","link":"https:\/\/gpl-love.com\/es\/producto\/paid-member-subscriptions-multiple-subscriptions-per-user\/","title":{"rendered":"Paid Member Subscriptions Multiple Subscriptions Per User 1.1.4"},"content":{"rendered":"<h3>Paid Member Subscriptions Multiple Subscriptions Per User Caracteristicas<\/h3>\n<p>Al utilizar la notable funcionalidad de las suscripciones de miembros pagados m\u00faltiples suscripciones por complemento de usuario, est\u00e1 facultado para otorgar a sus usuarios estimados un nivel incomparable de flexibilidad y elecci\u00f3n, trascendiendo las limitaciones impuestas por las opciones de suscripci\u00f3n convencionales. Este complemento de vanguardia permite a sus usuarios suscribirse a la perfecci\u00f3n a m\u00faltiples planes simult\u00e1neamente, lo que les permite adaptar meticulosamente su viaje digital de acuerdo con sus requisitos \u00fanicos e individuales. Adem\u00e1s, esta extraordinaria innovaci\u00f3n tecnol\u00f3gica optimiza el proceso de gesti\u00f3n inherentemente complejo y que lleva mucho tiempo, brind\u00e1ndole la invaluable oportunidad de monitorear y supervisar sin esfuerzo la extensa gama de suscripciones y pagos. Independientemente de si opera un sitio de membres\u00eda pr\u00f3spero, una ilustre plataforma de comercio electr\u00f3nico o cualquier otra forma de entidad en l\u00ednea que se basa en gran medida en las transacciones monetarias recurrentes, la destreza indomable de las suscripciones de miembros pagos por complemento de usuarios est\u00e1 listo para revolucionar y revolucionar y revolucionar Eleve la experiencia general del usuario, tanto para usted como para su estimada clientela.<\/p>\n<ul>\n<li>Las suscripciones de miembros pagos le permiten crear m\u00faltiples niveles de suscripci\u00f3n para sus usuarios.<\/li>\n<li>Con este complemento, los usuarios pueden comprar y administrar m\u00faltiples suscripciones de una cuenta.<\/li>\n<li>Puede restringir el acceso al contenido en funci\u00f3n del nivel de suscripci\u00f3n y crear mensajes personalizados para los usuarios que no tienen acceso.<\/li>\n<li>Este complemento se integra con las pasarelas de pago populares como PayPal y Stripe para un f\u00e1cil procesamiento de pagos.<\/li>\n<li>Tambi\u00e9n ofrece varias extensiones para agregar a\u00fan m\u00e1s funcionalidad, como pagos recurrentes y c\u00f3digos de descuento.<\/li>\n<li>Tiene control sobre la gesti\u00f3n de suscripci\u00f3n, incluidos los recordatorios de renovaci\u00f3n y las opciones de cancelaci\u00f3n.<\/li>\n<li>El complemento viene con un tablero de administraci\u00f3n de usuarios robusto para realizar un seguimiento de los suscriptores y su actividad.<\/li>\n<li>Sus usuarios tambi\u00e9n pueden administrar sus suscripciones, ver el historial de pagos y cambiar los niveles de suscripci\u00f3n desde la p\u00e1gina de su propia cuenta.<\/li>\n<li>Hay m\u00faltiples modelos de precios disponibles, incluidos pagos \u00fanicos, pagos recurrentes y pruebas gratuitas.<\/li>\n<li>Las suscripciones de miembros pagos proporcionan opciones de personalizaci\u00f3n f\u00e1ciles para que coincidan con la marca y el dise\u00f1o de su sitio web.<\/li>\n<\/ul>\n","protected":false},"excerpt":{"rendered":"<p>Suscripciones de miembros pagos m\u00faltiples suscripciones por usuario es un complemento incre\u00edblemente robusto que le otorga la capacidad \u00fanica de proporcionar a sus usuarios estimados una amplia gama de planes de suscripci\u00f3n. Al aprovechar el potencial incomparable de este complemento excepcional, puede dise\u00f1ar un n\u00famero ilimitado de niveles de suscripci\u00f3n, otorgando as\u00ed a sus valiosos suscriptores un grado de elecci\u00f3n incomparable. Adem\u00e1s, el complemento en s\u00ed est\u00e1 repleto de una gran cantidad de opciones de personalizaci\u00f3n, lo que le brinda la libertad incomparable para adaptar sus suscripciones de una manera que est\u00e1 perfectamente alineada con su identidad de marca \u00fanica. Adem\u00e1s, la interfaz notablemente intuitiva del complemento agiliza sin problemas el proceso de administrar sus suscripciones y usuarios, asegurando que pueda supervisar sin esfuerzo y mantener el funcionamiento armonioso de su ecosistema de suscripci\u00f3n. Al aprovechar las innumerables ventajas conferidas por suscripciones de miembros pagos m\u00faltiples suscripciones por usuario, puede optimizar de manera efectiva sus flujos de ingresos, al tiempo que otorga simult\u00e1neamente a sus usuarios apreciados una experiencia que carece de todas y cada una de las complicaciones innecesarias, estableciendo as\u00ed la base perfecta para la base perfecta para Satisfacci\u00f3n y lealtad del usuario duradera.<\/p>\n","protected":false},"featured_media":167142,"comment_status":"open","ping_status":"open","template":"","meta":[],"product_brand":[2523],"product_cat":[1325,1206,1211],"product_tag":[2277],"class_list":{"0":"post-124554","1":"product","2":"type-product","3":"status-publish","4":"has-post-thumbnail","6":"product_brand-cozmoslabs","7":"product_cat-afiliacion","8":"product_cat-plugins","9":"product_cat-wordpress-plugins","10":"product_tag-cozmoslabs","11":"member-discount","12":"discount-restricted","14":"first","15":"instock","16":"sale","17":"downloadable","18":"virtual","19":"sold-individually","20":"purchasable","21":"product-type-simple"},"_links":{"self":[{"href":"https:\/\/gpl-love.com\/es\/wp-json\/wp\/v2\/product\/124554","targetHints":{"allow":["GET"]}}],"collection":[{"href":"https:\/\/gpl-love.com\/es\/wp-json\/wp\/v2\/product"}],"about":[{"href":"https:\/\/gpl-love.com\/es\/wp-json\/wp\/v2\/types\/product"}],"replies":[{"embeddable":true,"href":"https:\/\/gpl-love.com\/es\/wp-json\/wp\/v2\/comments?post=124554"}],"wp:featuredmedia":[{"embeddable":true,"href":"https:\/\/gpl-love.com\/es\/wp-json\/wp\/v2\/media\/167142"}],"wp:attachment":[{"href":"https:\/\/gpl-love.com\/es\/wp-json\/wp\/v2\/media?parent=124554"}],"wp:term":[{"taxonomy":"product_brand","embeddable":true,"href":"https:\/\/gpl-love.com\/es\/wp-json\/wp\/v2\/product_brand?post=124554"},{"taxonomy":"product_cat","embeddable":true,"href":"https:\/\/gpl-love.com\/es\/wp-json\/wp\/v2\/product_cat?post=124554"},{"taxonomy":"product_tag","embeddable":true,"href":"https:\/\/gpl-love.com\/es\/wp-json\/wp\/v2\/product_tag?post=124554"}],"curies":[{"name":"wp","href":"https:\/\/api.w.org\/{rel}","templated":true}]}}