{"id":124552,"date":"2022-03-16T00:00:00","date_gmt":"2022-03-16T05:00:00","guid":{"rendered":"https:\/\/gpl-love.com\/es\/producto\/paid-member-subscriptions-group-memberships-addon\/"},"modified":"2026-04-10T11:20:49","modified_gmt":"2026-04-10T16:20:49","slug":"paid-member-subscriptions-group-memberships-addon","status":"publish","type":"product","link":"https:\/\/gpl-love.com\/es\/producto\/paid-member-subscriptions-group-memberships-addon\/","title":{"rendered":"Paid Member Subscriptions Group Memberships Addon 1.1.4"},"content":{"rendered":"<h3>Paid Member Subscriptions Group Memberships Addon Caracteristicas<\/h3>\n<p>El complemento de Membreships Group de suscripciones de miembros pagados, reconocido por sus capacidades excepcionales para facilitar la gesti\u00f3n de membres\u00eda del grupo, es una herramienta notable que satisface las necesidades de las empresas que requieren tales funcionalidades. Este extraordinario complemento faculta a los usuarios generar y supervisar diversos grupos de membres\u00eda que abarcan una variedad de niveles de acceso. Empodera a las empresas con la mayor facilidad y eficiencia en la creaci\u00f3n y gesti\u00f3n de los grupos de membres\u00eda. Adem\u00e1s, este complemento incorpora una multitud de caracter\u00edsticas ventajosas, incluidos los precios del grupo, la gesti\u00f3n de la membres\u00eda del grupo a granel y la invaluable capacidad para restringir el contenido exclusivamente a grupos espec\u00edficos. Adem\u00e1s, su interfaz intuitivamente dise\u00f1ada optimiza el intrincado proceso de configuraci\u00f3n y mantenimiento de membres\u00edas del grupo. En consecuencia, el complemento del grupo de suscripciones de miembros pagos emerge como una soluci\u00f3n incomparable para las empresas que buscan mejorar sus procedimientos de gesti\u00f3n de membres\u00eda.<\/p>\n<ul>\n<li>Otorga acceso a contenido restringido y caracter\u00edsticas para miembros de un grupo espec\u00edfico<\/li>\n<li>F\u00e1cil de administrar y actualizar membres\u00edas del grupo<\/li>\n<li>Opciones de pago flexibles para suscripciones grupales<\/li>\n<li>Admite pagos recurrentes por acceso continuo<\/li>\n<li>Integraci\u00f3n perfecta con complemento de suscripciones de miembros pagos<\/li>\n<li>Proceso de configuraci\u00f3n simple sin codificaci\u00f3n requerida<\/li>\n<li>Se puede utilizar para varios modelos de membres\u00eda grupal, como clubes, cursos o comunidades.<\/li>\n<li>Ofrece mensajes personalizables para dar la bienvenida y comunicarse con los miembros<\/li>\n<li>Proporciona informes detallados y an\u00e1lisis para suscripciones grupales<\/li>\n<li>Atenci\u00f3n al cliente receptiva disponible para ayudar con cualquier problema.<\/li>\n<\/ul>\n","protected":false},"excerpt":{"rendered":"<p>El complemento del grupo de suscripciones de miembros pagos es una herramienta extremadamente potente que est\u00e1 dise\u00f1ada para satisfacer las necesidades de los propietarios de sitios web que est\u00e1n interesados \u200b\u200ben establecer membres\u00edas exclusivas en el grupo para sus usuarios. Este notable complemento permite a los propietarios de sitios web crear y administrar efectivamente varios niveles de membres\u00eda, cada uno dotado de su propio conjunto distintivo de privilegios y limitaciones. Ya sea que aspira a elaborar una secci\u00f3n VIP distinguida para honrar a sus usuarios m\u00e1s dedicados o simplemente apuntar a ofrecer una alternativa de membres\u00eda premium, este complemento excepcional simplifica el proceso de monetizaci\u00f3n de su sitio web y al mismo tiempo aumenta la proposici\u00f3n de valor para sus usuarios. Por lo tanto, no hay necesidad de retrasar m\u00e1s. Agregue el complemento de membres\u00edas del grupo de suscripciones de miembros pagos a su sitio web sin demora y comience el proceso de construir su propia comunidad de membres\u00eda exclusiva.<\/p>\n","protected":false},"featured_media":167140,"comment_status":"open","ping_status":"open","template":"","meta":[],"product_brand":[2523],"product_cat":[1325,1206,1211],"product_tag":[2277],"class_list":{"0":"post-124552","1":"product","2":"type-product","3":"status-publish","4":"has-post-thumbnail","6":"product_brand-cozmoslabs","7":"product_cat-afiliacion","8":"product_cat-plugins","9":"product_cat-wordpress-plugins","10":"product_tag-cozmoslabs","11":"member-discount","12":"discount-restricted","14":"first","15":"instock","16":"sale","17":"downloadable","18":"virtual","19":"sold-individually","20":"purchasable","21":"product-type-simple"},"_links":{"self":[{"href":"https:\/\/gpl-love.com\/es\/wp-json\/wp\/v2\/product\/124552","targetHints":{"allow":["GET"]}}],"collection":[{"href":"https:\/\/gpl-love.com\/es\/wp-json\/wp\/v2\/product"}],"about":[{"href":"https:\/\/gpl-love.com\/es\/wp-json\/wp\/v2\/types\/product"}],"replies":[{"embeddable":true,"href":"https:\/\/gpl-love.com\/es\/wp-json\/wp\/v2\/comments?post=124552"}],"wp:featuredmedia":[{"embeddable":true,"href":"https:\/\/gpl-love.com\/es\/wp-json\/wp\/v2\/media\/167140"}],"wp:attachment":[{"href":"https:\/\/gpl-love.com\/es\/wp-json\/wp\/v2\/media?parent=124552"}],"wp:term":[{"taxonomy":"product_brand","embeddable":true,"href":"https:\/\/gpl-love.com\/es\/wp-json\/wp\/v2\/product_brand?post=124552"},{"taxonomy":"product_cat","embeddable":true,"href":"https:\/\/gpl-love.com\/es\/wp-json\/wp\/v2\/product_cat?post=124552"},{"taxonomy":"product_tag","embeddable":true,"href":"https:\/\/gpl-love.com\/es\/wp-json\/wp\/v2\/product_tag?post=124552"}],"curies":[{"name":"wp","href":"https:\/\/api.w.org\/{rel}","templated":true}]}}