{"id":124550,"date":"2024-09-29T00:00:00","date_gmt":"2024-09-29T05:00:00","guid":{"rendered":"https:\/\/gpl-love.com\/es\/producto\/paid-memberships-pro-invite-only-addon\/"},"modified":"2026-04-10T11:21:07","modified_gmt":"2026-04-10T16:21:07","slug":"paid-memberships-pro-invite-only-addon","status":"publish","type":"product","link":"https:\/\/gpl-love.com\/es\/producto\/paid-memberships-pro-invite-only-addon\/","title":{"rendered":"Paid Memberships Pro Invite Only Addon 0.4"},"content":{"rendered":"<h3>Paid Memberships Pro Invite Only Addon Caracteristicas<\/h3>\n<p>El MemberShips Pro Paying Pro Invite solo Addon, una herramienta muy robusta, le permite generar membres\u00edas que son estrictamente exclusivas de su sitio web. A trav\u00e9s de la utilizaci\u00f3n de este complemento, tiene la capacidad de imponer limitaciones a la accesibilidad al contenido y las caracter\u00edsticas de su sitio, lo que lo hace accesible \u00fanicamente a las personas que han sido invitaciones extendidas para unirse. Esto significa que puede fabricar un mayor sentido de exclusividad y personalizaci\u00f3n para sus miembros, al tiempo que los dotan de valor suplementario que no pueden obtener en otro lugar. El Memberships Pro Pay Invite solo Addon, no solo f\u00e1cil de usar sino tambi\u00e9n completamente personalizable, le brinda la oportunidad de configurar su programa de membres\u00eda de una manera que se alinee con precisi\u00f3n con sus preferencias. En consecuencia, sirve como la soluci\u00f3n ideal para empresas, blogueros y otros propietarios de sitios web que est\u00e1n ansiosos por proporcionar a sus miembros contenido y servicios incomparables.<\/p>\n<ul>\n<li>Lo ayuda a crear una comunidad exclusiva y solo para miembros para su sitio<\/li>\n<li>Le permite restringir el acceso al contenido, caracter\u00edsticas y secciones de su sitio.<\/li>\n<li>Hace que su comunidad sea m\u00e1s segura al permitir que los miembros invitados se unan<\/li>\n<li>Le permite enviar enlaces de invitaci\u00f3n a miembros potenciales<\/li>\n<li>Te da control completo sobre qui\u00e9n puede invitar a nuevos miembros<\/li>\n<li>Automatizar el proceso de invitaci\u00f3n y enviar notificaciones por correo electr\u00f3nico a nuevos miembros<\/li>\n<li>Plantillas de correo electr\u00f3nico de invitaci\u00f3n personalizables para que coincidan con la marca de su sitio<\/li>\n<li>Interfaz f\u00e1cil de usar para administrar sus invitaciones y miembros<\/li>\n<li>Te ayuda a construir una comunidad m\u00e1s comprometida y leal al permitir que solo miembros de ideas afines se unan<\/li>\n<li>Compatible con MemberShips Pro Pay, el complemento de membres\u00eda popular para WordPress.<\/li>\n<\/ul>\n","protected":false},"excerpt":{"rendered":"<p>El Memberships Pro Pay Invite solo Addon, una herramienta inmensamente potente, cuenta con la capacidad de generar niveles de membres\u00eda exclusivos a los que se puede acceder \u00fanicamente a trav\u00e9s de la invitaci\u00f3n. Equipado con este complemento extraordinario, uno puede ejercer control sobre las personas que poseen el privilegio de acceder a su contenido premium, garantizando as\u00ed que solo los miembros m\u00e1s merecedores y calificados reciben dicho acceso. Esta caracter\u00edstica notable demuestra ser una opci\u00f3n impecable para las empresas, organizaciones y comunidades que desean ofrecer un grado incomparable de exclusividad y privacidad a sus estimados miembros.<\/p>\n","protected":false},"featured_media":167162,"comment_status":"open","ping_status":"open","template":"","meta":[],"product_brand":[2524],"product_cat":[1325,1206,1211],"product_tag":[2255],"class_list":{"0":"post-124550","1":"product","2":"type-product","3":"status-publish","4":"has-post-thumbnail","6":"product_brand-paid-memberships-pro","7":"product_cat-afiliacion","8":"product_cat-plugins","9":"product_cat-wordpress-plugins","10":"product_tag-paid-memberships-pro","11":"member-discount","12":"discount-restricted","14":"first","15":"instock","16":"sale","17":"downloadable","18":"virtual","19":"sold-individually","20":"purchasable","21":"product-type-simple"},"_links":{"self":[{"href":"https:\/\/gpl-love.com\/es\/wp-json\/wp\/v2\/product\/124550","targetHints":{"allow":["GET"]}}],"collection":[{"href":"https:\/\/gpl-love.com\/es\/wp-json\/wp\/v2\/product"}],"about":[{"href":"https:\/\/gpl-love.com\/es\/wp-json\/wp\/v2\/types\/product"}],"replies":[{"embeddable":true,"href":"https:\/\/gpl-love.com\/es\/wp-json\/wp\/v2\/comments?post=124550"}],"wp:featuredmedia":[{"embeddable":true,"href":"https:\/\/gpl-love.com\/es\/wp-json\/wp\/v2\/media\/167162"}],"wp:attachment":[{"href":"https:\/\/gpl-love.com\/es\/wp-json\/wp\/v2\/media?parent=124550"}],"wp:term":[{"taxonomy":"product_brand","embeddable":true,"href":"https:\/\/gpl-love.com\/es\/wp-json\/wp\/v2\/product_brand?post=124550"},{"taxonomy":"product_cat","embeddable":true,"href":"https:\/\/gpl-love.com\/es\/wp-json\/wp\/v2\/product_cat?post=124550"},{"taxonomy":"product_tag","embeddable":true,"href":"https:\/\/gpl-love.com\/es\/wp-json\/wp\/v2\/product_tag?post=124550"}],"curies":[{"name":"wp","href":"https:\/\/api.w.org\/{rel}","templated":true}]}}