{"id":124546,"date":"2024-10-21T00:00:00","date_gmt":"2024-10-21T05:00:00","guid":{"rendered":"https:\/\/gpl-love.com\/es\/producto\/paid-memberships-pro-gift-aid\/"},"modified":"2026-03-09T07:59:39","modified_gmt":"2026-03-09T12:59:39","slug":"paid-memberships-pro-gift-aid","status":"publish","type":"product","link":"https:\/\/gpl-love.com\/es\/producto\/paid-memberships-pro-gift-aid\/","title":{"rendered":"Paid Memberships Pro Gift Aid 0.2"},"content":{"rendered":"<h3>Paid Memberships Pro Gift Aid Caracteristicas<\/h3>\n<p>La ayuda de regalos de membres\u00edas pagas es un complemento altamente sofisticado y avanzado que ha sido meticulosamente elaborado y dise\u00f1ado con el objetivo principal de acelerar y optimizar el procedimiento aparentemente intrincado de reclamar ayuda de regalos en donaciones generosamente contribuidas a un est\u00edmulo y bien respetado no respetado. -Rojo de fines de lucro. Este complemento ejemplar se integra y coopera armoniosamente con la plataforma Pro Pro MemberShips Pro Page de vanguardia y de vanguardia, que finalmente empodera y permite a los miembros elegir participar y participar activamente en el acto admirable de ayuda de regalos cuando Gl\u00e1cidamente hacen sus donaciones. Adem\u00e1s, este complemento notable e incomparable cuenta con una variedad de herramientas automatizadas de informes y monitoreo que garantizan y determinan de manera inherente y org\u00e1nica un cumplimiento firme e inquebrantable con un surtido de regulaciones y directrices estrictas, lo que finalmente da como resultado un proceso simplificado y expedido de archivos fiscales para estas invaluables invaluables organizaciones. Al aprovechar el inmenso poder y la destreza de las membres\u00edas pagas de ayuda para regalos, las organizaciones sin fines de lucro est\u00e1n imbuidas de la capacidad y la capacidad de optimizar y maximizar el valor inherente y la importancia de las donaciones que tienen la suerte de recibir, al tiempo que se simplifican y fortalecen simult\u00e1neamente y fortalece su altura y fortalece. Operaciones internas, facilitando y facilitando un enfoque inquebrantable y sin inmutarse en su misi\u00f3n fundamental e intr\u00ednseco de instigar, fomentar y impulsar un impacto profundamente positivo y transformador en las comunidades que est\u00e1n dedicados a servir de manera obediente y de todo coraz\u00f3n a servir.<\/p>\n<ul>\n<li>Permite a las organizaciones sin fines de lucro del Reino Unido reclamar ayuda de regalo sobre las tarifas de membres\u00eda.<\/li>\n<li>Integraci\u00f3n perfecta con el complemento Pro Pay MemberShips Pro para una f\u00e1cil configuraci\u00f3n y gesti\u00f3n.<\/li>\n<li>Formulario de declaraci\u00f3n de ayuda de regalo personalizable para que los miembros completen.<\/li>\n<li>Verificaci\u00f3n de elegibilidad autom\u00e1tica para reclamos de ayuda de obsequios basados \u200b\u200ben las reglas fiscales del Reino Unido.<\/li>\n<li>Opci\u00f3n para establecer m\u00faltiples tasas de ayuda de regalo para diferentes niveles de membres\u00eda.<\/li>\n<li>Generaci\u00f3n autom\u00e1tica de informes de ayuda para regalos para f\u00e1cilmente mantenimiento de registros y presentaci\u00f3n de impuestos.<\/li>\n<li>Recaudaci\u00f3n de fondos mejorada para organizaciones sin fines de lucro al aumentar el valor de las tarifas de membres\u00eda a trav\u00e9s de la ayuda de regalos.<\/li>\n<\/ul>\n","protected":false},"excerpt":{"rendered":"<p>El complemento de ayuda de regalo Pro Gift de Memberships pagado es una herramienta incre\u00edblemente robusta y eficiente que faculta a las organizaciones para reunir donaciones de ayuda para regalos a trav\u00e9s de sus membres\u00edas pagas Pro WordPress Sitio. A trav\u00e9s de la utilizaci\u00f3n de este complemento ingenioso, tiene la capacidad perfecta de activar una opci\u00f3n de ayuda de regalo en sus formularios de registro de membres\u00eda, lo que brinda a los miembros la oportunidad de contribuir generosamente con donaciones exentas de impuestos a su estimada organizaci\u00f3n. Sin lugar a dudas, este complemento tiene una importancia indispensable para cualquier entidad caritativa o sin fines de lucro que aspira a optimizar sus capacidades de recaudaci\u00f3n de fondos y optimizar su enfoque general para adquirir contribuciones caritativas.<\/p>\n","protected":false},"featured_media":167159,"comment_status":"open","ping_status":"open","template":"","meta":[],"product_brand":[2524],"product_cat":[1232,1206,1211],"product_tag":[2255],"class_list":{"0":"post-124546","1":"product","2":"type-product","3":"status-publish","4":"has-post-thumbnail","6":"product_brand-paid-memberships-pro","7":"product_cat-marketing-wordpress-plugins","8":"product_cat-plugins","9":"product_cat-wordpress-plugins","10":"product_tag-paid-memberships-pro","11":"member-discount","12":"discount-restricted","14":"first","15":"instock","16":"sale","17":"downloadable","18":"virtual","19":"sold-individually","20":"purchasable","21":"product-type-simple"},"_links":{"self":[{"href":"https:\/\/gpl-love.com\/es\/wp-json\/wp\/v2\/product\/124546","targetHints":{"allow":["GET"]}}],"collection":[{"href":"https:\/\/gpl-love.com\/es\/wp-json\/wp\/v2\/product"}],"about":[{"href":"https:\/\/gpl-love.com\/es\/wp-json\/wp\/v2\/types\/product"}],"replies":[{"embeddable":true,"href":"https:\/\/gpl-love.com\/es\/wp-json\/wp\/v2\/comments?post=124546"}],"wp:featuredmedia":[{"embeddable":true,"href":"https:\/\/gpl-love.com\/es\/wp-json\/wp\/v2\/media\/167159"}],"wp:attachment":[{"href":"https:\/\/gpl-love.com\/es\/wp-json\/wp\/v2\/media?parent=124546"}],"wp:term":[{"taxonomy":"product_brand","embeddable":true,"href":"https:\/\/gpl-love.com\/es\/wp-json\/wp\/v2\/product_brand?post=124546"},{"taxonomy":"product_cat","embeddable":true,"href":"https:\/\/gpl-love.com\/es\/wp-json\/wp\/v2\/product_cat?post=124546"},{"taxonomy":"product_tag","embeddable":true,"href":"https:\/\/gpl-love.com\/es\/wp-json\/wp\/v2\/product_tag?post=124546"}],"curies":[{"name":"wp","href":"https:\/\/api.w.org\/{rel}","templated":true}]}}